{"id":23226,"date":"2024-10-13T08:36:16","date_gmt":"2024-10-13T08:36:16","guid":{"rendered":"https:\/\/www.metlaninst.com\/?post_type=product&#038;p=23226"},"modified":"2025-02-02T04:06:29","modified_gmt":"2025-02-02T04:06:29","slug":"zasilany-bateryjnie-przeplywomierz-magnetyczny-mtf-b","status":"publish","type":"product","link":"https:\/\/metlaninst.com\/pl\/p\/zasilany-bateryjnie-przeplywomierz-magnetyczny-mtf-b\/","title":{"rendered":"Przep\u0142ywomierz magnetyczny zasilany bateryjnie (MTF-B)"},"content":{"rendered":"<div class=\"e-con-inner\">\n<div class=\"elementor-element e-con-full e-flex e-con e-child\">\n<div class=\"elementor-widget-container\">\n<h3 class=\"elementor-heading-title elementor-size-default\">Cechy:<\/h3>\n<\/div>\n<div class=\"elementor-widget-container\">\n<ol class=\"product-description-list\">\n<li>Szeroki wyb\u00f3r wyk\u0142adzin i materia\u0142\u00f3w elektrod<\/li>\n<li>Kolory i wygl\u0105d mo\u017cna dostosowa\u0107 zgodnie z \u017cyczeniem<\/li>\n<li>Dost\u0119pne r\u00f3wnie\u017c w wersjach dostosowanych do potrzeb klienta<\/li>\n<li>Brak ruchomych cz\u0119\u015bci, brak zu\u017cycia, brak utraty ci\u015bnienia<\/li>\n<li>Niezawodny pomiar ze sta\u0142\u0105 dok\u0142adno\u015bci\u0105<\/li>\n<li>Zasada pomiaru jest praktycznie niezale\u017cna od ci\u015bnienia, g\u0119sto\u015bci, temperatury i lepko\u015bci.<\/li>\n<li>Dla wy\u015bwietlacza LCD dost\u0119pne s\u0105 j\u0119zyki angielski, hiszpa\u0144ski, francuski i inne na \u017cyczenie.<\/li>\n<li>Ka\u017cdy przep\u0142ywomierz jest kalibrowany i przypisywany jest mu unikalny numer seryjny odpowiadaj\u0105cy wszystkim danym kalibracyjnym.<\/li>\n<\/ol>\n<\/div>\n<\/div>\n<div class=\"elementor-element e-con-full e-flex e-con e-child\">\n<div class=\"elementor-widget-container\">\n<h3 class=\"elementor-heading-title elementor-size-default\">Zastosowania:<\/h3>\n<\/div>\n<div class=\"elementor-widget-container\">\n<h5 class=\"first\">Przemys\u0142 wodny<\/h5>\n<ul class=\"product-description-list\">\n<li>Zdalne monitorowanie dostaw wody i sieci dystrybucyjnych<\/li>\n<li>Zu\u017cycie wody i pomiary fiskalne (transfer powierniczy)<\/li>\n<li>Nawadnianie i pob\u00f3r wody<\/li>\n<li>Uzdatnianie wody<\/li>\n<li>Wymiana mechanicznych licznik\u00f3w turbinowych<\/li>\n<li>Wykrywanie nieszczelno\u015bci<\/li>\n<li>Sprawdzanie pomp i studni wodnych<\/li>\n<li>Pomiar przep\u0142ywu przesy\u0142owego w sieciach ciep\u0142owniczych<\/li>\n<\/ul>\n<\/div>\n<\/div>\n<\/div>","protected":false},"excerpt":{"rendered":"<div class=\"short-description-head\">MTF-B to zasilany bateryjnie wodomierz elektromagnetyczny przeznaczony do stosowania w studniach poboru wody i okr\u0119gowych obszarach pomiarowych (DMA). Dzi\u0119ki opcjonalnym czujnikom ci\u015bnienia i temperatury, wodomierz mo\u017ce by\u0107 r\u00f3wnie\u017c wykorzystywany do wykrywania wyciek\u00f3w, kontroli jako\u015bci i system\u00f3w zarz\u0105dzania ci\u015bnieniem.<\/div>","protected":false},"featured_media":23245,"template":"","meta":[],"product_brand":[],"product_cat":[118,166,163],"product_tag":[],"class_list":{"0":"post-23226","1":"product","2":"type-product","3":"status-publish","4":"has-post-thumbnail","6":"product_cat-magnetic-flow-meters","7":"product_cat-liquid-flow-meters","8":"product_cat-water-flow-meters","10":"first","11":"instock","12":"shipping-taxable","13":"purchasable","14":"product-type-simple"},"_links":{"self":[{"href":"https:\/\/metlaninst.com\/pl\/wp-json\/wp\/v2\/product\/23226","targetHints":{"allow":["GET"]}}],"collection":[{"href":"https:\/\/metlaninst.com\/pl\/wp-json\/wp\/v2\/product"}],"about":[{"href":"https:\/\/metlaninst.com\/pl\/wp-json\/wp\/v2\/types\/product"}],"version-history":[{"count":2,"href":"https:\/\/metlaninst.com\/pl\/wp-json\/wp\/v2\/product\/23226\/revisions"}],"predecessor-version":[{"id":26160,"href":"https:\/\/metlaninst.com\/pl\/wp-json\/wp\/v2\/product\/23226\/revisions\/26160"}],"wp:featuredmedia":[{"embeddable":true,"href":"https:\/\/metlaninst.com\/pl\/wp-json\/wp\/v2\/media\/23245"}],"wp:attachment":[{"href":"https:\/\/metlaninst.com\/pl\/wp-json\/wp\/v2\/media?parent=23226"}],"wp:term":[{"taxonomy":"product_brand","embeddable":true,"href":"https:\/\/metlaninst.com\/pl\/wp-json\/wp\/v2\/product_brand?post=23226"},{"taxonomy":"product_cat","embeddable":true,"href":"https:\/\/metlaninst.com\/pl\/wp-json\/wp\/v2\/product_cat?post=23226"},{"taxonomy":"product_tag","embeddable":true,"href":"https:\/\/metlaninst.com\/pl\/wp-json\/wp\/v2\/product_tag?post=23226"}],"curies":[{"name":"wp","href":"https:\/\/api.w.org\/{rel}","templated":true}]}}