{"id":23230,"date":"2024-12-26T06:47:23","date_gmt":"2024-12-26T06:47:23","guid":{"rendered":"https:\/\/www.metlaninst.com\/?post_type=product&#038;p=23230"},"modified":"2025-02-02T03:55:25","modified_gmt":"2025-02-02T03:55:25","slug":"wkladane-przeplywomierze-magnetyczne-mtf-i","status":"publish","type":"product","link":"https:\/\/metlaninst.com\/pl\/p\/wkladane-przeplywomierze-magnetyczne-mtf-i\/","title":{"rendered":"Wk\u0142adane przep\u0142ywomierze magnetyczne (MTF-I)"},"content":{"rendered":"<div class=\"e-con-inner\">\n<div class=\"elementor-element e-con-full e-flex e-con e-child\">\n<div class=\"elementor-widget-container\">\n<h3 class=\"elementor-heading-title elementor-size-default\">Cechy:<\/h3>\n<\/div>\n<div class=\"elementor-widget-container\">\n<ol class=\"product-description-list\">\n<li>Solidna konstrukcja: brak ruchomych cz\u0119\u015bci, bezobs\u0142ugowe i zwil\u017cane cz\u0119\u015bci wykonane ze stali nierdzewnej<\/li>\n<li>Kolory i wygl\u0105d mo\u017cna dostosowa\u0107 zgodnie z \u017cyczeniem<\/li>\n<li>Dost\u0119pne r\u00f3wnie\u017c w wersjach dostosowanych do potrzeb klienta<\/li>\n<li>Brak ruchomych cz\u0119\u015bci, brak zu\u017cycia, brak utraty ci\u015bnienia<\/li>\n<li>Niezawodny pomiar ze sta\u0142\u0105 dok\u0142adno\u015bci\u0105<\/li>\n<li>Zasada pomiaru jest praktycznie niezale\u017cna od ci\u015bnienia, g\u0119sto\u015bci, temperatury i lepko\u015bci.<\/li>\n<li>Dla wy\u015bwietlacza LCD dost\u0119pne s\u0105 j\u0119zyki angielski, hiszpa\u0144ski, francuski i inne na \u017cyczenie.<\/li>\n<li>Ka\u017cdy przep\u0142ywomierz jest kalibrowany i przypisywany jest mu unikalny numer seryjny odpowiadaj\u0105cy wszystkim danym kalibracyjnym.<\/li>\n<li>Dost\u0119pny z kompaktow\u0105 lub zdaln\u0105 wersj\u0105 nadajnika.<\/li>\n<\/ol>\n<\/div>\n<\/div>\n<div class=\"elementor-element e-con-full e-flex e-con e-child\">\n<div class=\"elementor-widget-container\">\n<h3 class=\"elementor-heading-title elementor-size-default\">Zastosowania:<\/h3>\n<\/div>\n<div class=\"elementor-widget-container\">\n<h5 class=\"first\">Og\u00f3lne<\/h5>\n<ul class=\"product-description-list\">\n<li>Ekonomiczne monitorowanie przep\u0142ywu<\/li>\n<li>Systemy ch\u0142odzenia<\/li>\n<li>Ochrona pompy<\/li>\n<li>Woda<\/li>\n<\/ul>\n<\/div>\n<\/div>\n<\/div>","protected":false},"excerpt":{"rendered":"<div class=\"short-description-head\">MTF-I to przep\u0142ywomierz elektromagnetyczny typu wsuwanego do monitorowania przep\u0142ywu cieczy przewodz\u0105cych, past i zawiesin. Zwykle jest u\u017cywany w aplikacjach, w kt\u00f3rych preferowane s\u0105 instalacje wsuwane. Mierzy pr\u0119dko\u015b\u0107 przep\u0142ywu cieczy przewodz\u0105cych w rurach o du\u017cej \u015brednicy.<\/div>","protected":false},"featured_media":23249,"template":"","meta":[],"product_brand":[],"product_cat":[118,166,163],"product_tag":[],"class_list":{"0":"post-23230","1":"product","2":"type-product","3":"status-publish","4":"has-post-thumbnail","6":"product_cat-magnetic-flow-meters","7":"product_cat-liquid-flow-meters","8":"product_cat-water-flow-meters","10":"first","11":"instock","12":"shipping-taxable","13":"purchasable","14":"product-type-simple"},"_links":{"self":[{"href":"https:\/\/metlaninst.com\/pl\/wp-json\/wp\/v2\/product\/23230","targetHints":{"allow":["GET"]}}],"collection":[{"href":"https:\/\/metlaninst.com\/pl\/wp-json\/wp\/v2\/product"}],"about":[{"href":"https:\/\/metlaninst.com\/pl\/wp-json\/wp\/v2\/types\/product"}],"version-history":[{"count":2,"href":"https:\/\/metlaninst.com\/pl\/wp-json\/wp\/v2\/product\/23230\/revisions"}],"predecessor-version":[{"id":26150,"href":"https:\/\/metlaninst.com\/pl\/wp-json\/wp\/v2\/product\/23230\/revisions\/26150"}],"wp:featuredmedia":[{"embeddable":true,"href":"https:\/\/metlaninst.com\/pl\/wp-json\/wp\/v2\/media\/23249"}],"wp:attachment":[{"href":"https:\/\/metlaninst.com\/pl\/wp-json\/wp\/v2\/media?parent=23230"}],"wp:term":[{"taxonomy":"product_brand","embeddable":true,"href":"https:\/\/metlaninst.com\/pl\/wp-json\/wp\/v2\/product_brand?post=23230"},{"taxonomy":"product_cat","embeddable":true,"href":"https:\/\/metlaninst.com\/pl\/wp-json\/wp\/v2\/product_cat?post=23230"},{"taxonomy":"product_tag","embeddable":true,"href":"https:\/\/metlaninst.com\/pl\/wp-json\/wp\/v2\/product_tag?post=23230"}],"curies":[{"name":"wp","href":"https:\/\/api.w.org\/{rel}","templated":true}]}}