{"id":23234,"date":"2024-10-19T08:53:01","date_gmt":"2024-10-19T08:53:01","guid":{"rendered":"https:\/\/www.metlaninst.com\/?post_type=product&#038;p=23234"},"modified":"2025-02-02T04:02:56","modified_gmt":"2025-02-02T04:02:56","slug":"przeplywomierz-elektromagnetyczny-do-cieczy-o-niskiej-przewodnosci-mtf-c","status":"publish","type":"product","link":"https:\/\/metlaninst.com\/pl\/p\/przeplywomierz-elektromagnetyczny-do-cieczy-o-niskiej-przewodnosci-mtf-c\/","title":{"rendered":"Przep\u0142ywomierz elektromagnetyczny do cieczy o niskiej przewodno\u015bci (MTF-C)"},"content":{"rendered":"<div class=\"e-con-inner\">\n<div class=\"elementor-element e-con-full e-flex e-con e-child\">\n<div class=\"elementor-widget-container\">\n<h3 class=\"elementor-heading-title elementor-size-default\">Cechy:<\/h3>\n<\/div>\n<div class=\"elementor-widget-container\">\n<ol class=\"product-description-list\">\n<li>Dost\u0119pne dla cieczy o niskiej przewodno\u015bci \u22653 \u03bcS\/cm<\/li>\n<li>Szeroki wyb\u00f3r wyk\u0142adzin i materia\u0142\u00f3w elektrod<\/li>\n<li>Kolory i wygl\u0105d mo\u017cna dostosowa\u0107 zgodnie z \u017cyczeniem<\/li>\n<li>Dost\u0119pne r\u00f3wnie\u017c w wersjach dostosowanych do potrzeb klienta<\/li>\n<li>Brak ruchomych cz\u0119\u015bci, brak zu\u017cycia, brak utraty ci\u015bnienia<\/li>\n<li>Niezawodny pomiar ze sta\u0142\u0105 dok\u0142adno\u015bci\u0105<\/li>\n<li>Zasada pomiaru jest praktycznie niezale\u017cna od ci\u015bnienia, g\u0119sto\u015bci, temperatury i lepko\u015bci.<\/li>\n<li>Dla wy\u015bwietlacza LCD dost\u0119pne s\u0105 j\u0119zyki angielski, hiszpa\u0144ski, francuski i inne na \u017cyczenie.<\/li>\n<li>Ka\u017cdy przep\u0142ywomierz jest kalibrowany i przypisywany jest mu unikalny numer seryjny odpowiadaj\u0105cy wszystkim danym kalibracyjnym.<\/li>\n<\/ol>\n<\/div>\n<\/div>\n<div class=\"elementor-element e-con-full e-flex e-con e-child\">\n<div class=\"elementor-widget-container\">\n<h3 class=\"elementor-heading-title elementor-size-default\">Zastosowania:<\/h3>\n<\/div>\n<div class=\"elementor-widget-container\">\n<h5 class=\"first\">Og\u00f3lne<\/h5>\n<ul class=\"product-description-list\">\n<li style=\"list-style-type: none;\">\n<ul class=\"product-description-list\">\n<li>Zaawansowane zastosowania z mediami o niskiej przewodno\u015bci (\u22653 \u03bcS\/cm)<\/li>\n<li>Agresywne i \u015bcierne media<\/li>\n<\/ul>\n<\/li>\n<\/ul>\n<h5>Przemys\u0142 chemiczny i inne bran\u017ce przetw\u00f3rcze<\/h5>\n<ul class=\"product-description-list\">\n<li style=\"list-style-type: none;\">\n<ul class=\"product-description-list\">\n<li>Precyzyjne dozowanie obj\u0119to\u015bciowe dodatk\u00f3w<\/li>\n<li>\u017br\u0105ce, \u015bcierne ciecze i zawiesiny<\/li>\n<li>Dozowanie klej\u00f3w i produkt\u00f3w w\u0142\u00f3knistych<\/li>\n<li>Emulsje, w tym farby lateksowe, emulsyjne itp.<\/li>\n<li>(Bio)alkohole, alkohole spirytusowe, glikole, gliceryna<\/li>\n<li>Organiczna produkcja masowa<\/li>\n<li>Produkty na bazie oleju<\/li>\n<\/ul>\n<\/li>\n<\/ul>\n<h5>Przemys\u0142 spo\u017cywczy i napoj\u00f3w<\/h5>\n<ul class=\"product-description-list\">\n<li style=\"list-style-type: none;\">\n<ul class=\"product-description-list\">\n<li>Higieniczne mieszanie, dozowanie i porcjowanie<\/li>\n<li>Produkty t\u0142uste i oleiste (np. oleje ro\u015blinne)<\/li>\n<li>Produkty kremowe i mleczne (np. t\u0142uszcz, \u015bmietana, mleko, ser, jogurt z cz\u0105stkami owoc\u00f3w)<\/li>\n<\/ul>\n<\/li>\n<\/ul>\n<h5>Przemys\u0142 mineralny i wydobywczy<\/h5>\n<ul class=\"product-description-list\">\n<li style=\"list-style-type: none;\">\n<ul class=\"product-description-list\">\n<li>P\u0142yny niejednorodne i \u015bcierne<\/li>\n<li>Cement i podobne zastosowania<\/li>\n<\/ul>\n<\/li>\n<\/ul>\n<h5>Przemys\u0142 wodno-\u015bciekowy<\/h5>\n<ul class=\"product-description-list\">\n<li style=\"list-style-type: none;\">\n<ul class=\"product-description-list\">\n<li>Osady \u015bciekowe i \u015bcieki<\/li>\n<li>Woda zmieszana z t\u0142uszczem, olejem i smarem (np. w beztlenowej kofermentacji)<\/li>\n<li>Nawadnianie<\/li>\n<\/ul>\n<\/li>\n<\/ul>\n<h5>Przemys\u0142 celulozowo-papierniczy<\/h5>\n<ul class=\"product-description-list\">\n<li>Chemicznie agresywne produkty w\u0142\u00f3kniste<\/li>\n<li>Produkty tworz\u0105ce warstw\u0119 izoluj\u0105c\u0105 elektrody (szk\u0142o wodne)<\/li>\n<\/ul>\n<\/div>\n<\/div>\n<\/div>","protected":false},"excerpt":{"rendered":"<div class=\"short-description-head\">MTF-C to przep\u0142ywomierz elektromagnetyczny do pomiaru cieczy o bardzo niskiej przewodno\u015bci (\u22653 \u03bcS\/cm). Przep\u0142ywomierz ten jest szczeg\u00f3lnie odpowiedni do zastosowa\u0144 z mediami klej\u0105cymi i t\u0142ustymi, kt\u00f3re maj\u0105 tendencj\u0119 do tworzenia warstwy izolacyjnej.<\/div>","protected":false},"featured_media":23313,"template":"","meta":[],"product_brand":[],"product_cat":[118,166],"product_tag":[],"class_list":{"0":"post-23234","1":"product","2":"type-product","3":"status-publish","4":"has-post-thumbnail","6":"product_cat-magnetic-flow-meters","7":"product_cat-liquid-flow-meters","9":"first","10":"instock","11":"shipping-taxable","12":"purchasable","13":"product-type-simple"},"_links":{"self":[{"href":"https:\/\/metlaninst.com\/pl\/wp-json\/wp\/v2\/product\/23234","targetHints":{"allow":["GET"]}}],"collection":[{"href":"https:\/\/metlaninst.com\/pl\/wp-json\/wp\/v2\/product"}],"about":[{"href":"https:\/\/metlaninst.com\/pl\/wp-json\/wp\/v2\/types\/product"}],"version-history":[{"count":3,"href":"https:\/\/metlaninst.com\/pl\/wp-json\/wp\/v2\/product\/23234\/revisions"}],"predecessor-version":[{"id":26156,"href":"https:\/\/metlaninst.com\/pl\/wp-json\/wp\/v2\/product\/23234\/revisions\/26156"}],"wp:featuredmedia":[{"embeddable":true,"href":"https:\/\/metlaninst.com\/pl\/wp-json\/wp\/v2\/media\/23313"}],"wp:attachment":[{"href":"https:\/\/metlaninst.com\/pl\/wp-json\/wp\/v2\/media?parent=23234"}],"wp:term":[{"taxonomy":"product_brand","embeddable":true,"href":"https:\/\/metlaninst.com\/pl\/wp-json\/wp\/v2\/product_brand?post=23234"},{"taxonomy":"product_cat","embeddable":true,"href":"https:\/\/metlaninst.com\/pl\/wp-json\/wp\/v2\/product_cat?post=23234"},{"taxonomy":"product_tag","embeddable":true,"href":"https:\/\/metlaninst.com\/pl\/wp-json\/wp\/v2\/product_tag?post=23234"}],"curies":[{"name":"wp","href":"https:\/\/api.w.org\/{rel}","templated":true}]}}