{"id":23332,"date":"2024-11-10T06:07:02","date_gmt":"2024-11-10T06:07:02","guid":{"rendered":"https:\/\/www.metlaninst.com\/?post_type=product&#038;p=23332"},"modified":"2025-04-25T09:25:05","modified_gmt":"2025-04-25T09:25:05","slug":"przeplywomierze-masowe-coriolisa-do-zaawansowanych-zastosowan-procesowych-masa-a","status":"publish","type":"product","link":"https:\/\/metlaninst.com\/pl\/p\/przeplywomierze-masowe-coriolisa-do-zaawansowanych-zastosowan-procesowych-masa-a\/","title":{"rendered":"Przep\u0142ywomierze masowe Coriolisa do zaawansowanych zastosowa\u0144 procesowych (MASS-A)"},"content":{"rendered":"<div class=\"e-con-inner\">\n<div class=\"elementor-element e-con-full e-flex e-con e-child\">\n<div class=\"elementor-widget-container\">\n<h3 class=\"elementor-heading-title elementor-size-default\">Cechy:<\/h3>\n<\/div>\n<div class=\"elementor-widget-container\">\n<ol class=\"product-description-list\">\n<li>Certyfikowany do u\u017cytku higienicznego<\/li>\n<li>Obs\u0142uga procedur czyszczenia CIP lub SIP<\/li>\n<li>Wysoka dok\u0142adno\u015b\u0107 pomiaru masy, g\u0119sto\u015bci i przep\u0142ywu obj\u0119to\u015bciowego<\/li>\n<li>Dost\u0119pne r\u00f3wnie\u017c w wersjach dostosowanych do potrzeb klienta<\/li>\n<li>Dla wy\u015bwietlacza LCD dost\u0119pne s\u0105 j\u0119zyki angielski, hiszpa\u0144ski, francuski i inne na \u017cyczenie.<\/li>\n<li>Ka\u017cdy przep\u0142ywomierz jest kalibrowany i przypisywany jest mu unikalny numer seryjny odpowiadaj\u0105cy wszystkim danym kalibracyjnym.<\/li>\n<\/ol>\n<\/div>\n<\/div>\n<div class=\"elementor-element e-con-full e-flex e-con e-child\">\n<div class=\"elementor-widget-container\">\n<h3 class=\"elementor-heading-title elementor-size-default\">Zastosowania:<\/h3>\n<\/div>\n<div class=\"elementor-widget-container\">\n<h5 class=\"first\">Og\u00f3lne<\/h5>\n<ul class=\"product-description-list\">\n<li style=\"list-style-type: none;\">\n<ul class=\"product-description-list\">\n<li>Pomiar cieczy, gaz\u00f3w i cieczy porywanych przez gaz<\/li>\n<li>Bardzo agresywne, silnie korozyjne lub wra\u017cliwe na \u015bcinanie media<\/li>\n<li>Produkty wymagaj\u0105ce niskiej pr\u0119dko\u015bci przep\u0142ywu<\/li>\n<li>Mieszaniny niejednorodne<\/li>\n<li>Zawiesiny lub produkty z porwanymi cia\u0142ami sta\u0142ymi<\/li>\n<li>Transfer powierniczy (pomiar fiskalny)<\/li>\n<\/ul>\n<\/li>\n<\/ul>\n<h5>Przemys\u0142 chemiczny i inne bran\u017ce przetw\u00f3rcze<\/h5>\n<ul class=\"product-description-list\">\n<li style=\"list-style-type: none;\">\n<ul class=\"product-description-list\">\n<li>Pomiar st\u0119\u017cenia, g\u0119sto\u015bci<\/li>\n<li>\u0141adowanie luzem<\/li>\n<li>Dozowanie do reaktor\u00f3w<\/li>\n<li>Kwasy, zasady, fosgen i inne substancje chlorkowe, substancje siarkowe<\/li>\n<\/ul>\n<\/li>\n<\/ul>\n<h5>Przemys\u0142 spo\u017cywczy i napoj\u00f3w<\/h5>\n<ul class=\"product-description-list\">\n<li style=\"list-style-type: none;\">\n<ul class=\"product-description-list\">\n<li>Dozowanie, dozowanie, nape\u0142nianie<\/li>\n<li>Pomiar przep\u0142ywu, g\u0119sto\u015bci, ci\u0119\u017caru w\u0142a\u015bciwego w procesach warzenia piwa<\/li>\n<li>Dozowanie ekstraktu chmielowego<\/li>\n<li>Procesy odbioru, dozowania i separacji mleka w mleczarniach<\/li>\n<li>Pomiar Brixa, g\u0119sto\u015bci i przep\u0142ywu w sokach owocowych<\/li>\n<li>Produkty oleiste i t\u0142uste (np. kremowe mieszanki szpinaku itp.)<\/li>\n<li>P\u0142ynna czekolada, mi\u00f3d, marmolada, syrop, lody itp.<\/li>\n<li>Wtrysk CO2<\/li>\n<li>Napoje alkoholowe (whisky, wino, w\u00f3dka itp.)<\/li>\n<\/ul>\n<\/li>\n<\/ul>\n<h5>Przemys\u0142 farmaceutyczny<\/h5>\n<ul class=\"product-description-list\">\n<li style=\"list-style-type: none;\">\n<ul class=\"product-description-list\">\n<li>Dozowanie, dozowanie, nape\u0142nianie<\/li>\n<li>Ekstrakcja rozpuszczalnikiem<\/li>\n<\/ul>\n<\/li>\n<\/ul>\n<h5>Przemys\u0142 naftowy i gazowy<\/h5>\n<ul class=\"product-description-list\">\n<li style=\"list-style-type: none;\">\n<ul class=\"product-description-list\">\n<li>P\u0142ozy dozuj\u0105ce, za\u0142adunek towar\u00f3w masowych i cystern, przesy\u0142anie ruroci\u0105giem, pomiar g\u0119sto\u015bci na linii produkcyjnej<\/li>\n<li>W\u0119glowodory ciek\u0142e, gazy skroplone (propan itp.)<\/li>\n<\/ul>\n<\/li>\n<\/ul>\n<h5>Przemys\u0142 celulozowo-papierniczy<\/h5>\n<ul class=\"product-description-list\">\n<li style=\"list-style-type: none;\">\n<ul class=\"product-description-list\">\n<li>Materia\u0142 papierniczy, masa celulozowa<\/li>\n<li>Kuchnie z pow\u0142okami<\/li>\n<\/ul>\n<\/li>\n<\/ul>\n<h5>Przemys\u0142 wodno-\u015bciekowy<\/h5>\n<ul class=\"product-description-list\">\n<li>Dozowanie flokulant\u00f3w<\/li>\n<li>Pomiar przep\u0142ywu i g\u0119sto\u015bci osadu<\/li>\n<\/ul>\n<\/div>\n<\/div>\n<\/div>","protected":false},"excerpt":{"rendered":"<div class=\"short-description-head\">MASS-A to wysokiej klasy przep\u0142ywomierz masowy Coriolisa do wymagaj\u0105cych zastosowa\u0144 w procesach i transferze medi\u00f3w (CT). Jest to idealne rozwi\u0105zanie, je\u015bli chodzi o wysok\u0105 dok\u0142adno\u015b\u0107 pomiaru gaz\u00f3w i cieczy wra\u017cliwych na \u015bcinanie lub lepkich, zawiesin, bardzo agresywnych medi\u00f3w lub medi\u00f3w o niskiej pr\u0119dko\u015bci przep\u0142ywu.<\/div>","protected":false},"featured_media":23344,"template":"","meta":[],"product_brand":[],"product_cat":[171,15],"product_tag":[],"class_list":{"0":"post-23332","1":"product","2":"type-product","3":"status-publish","4":"has-post-thumbnail","6":"product_cat-coriolis-flow-meters","7":"product_cat-uncategorized","9":"first","10":"instock","11":"shipping-taxable","12":"purchasable","13":"product-type-simple"},"_links":{"self":[{"href":"https:\/\/metlaninst.com\/pl\/wp-json\/wp\/v2\/product\/23332","targetHints":{"allow":["GET"]}}],"collection":[{"href":"https:\/\/metlaninst.com\/pl\/wp-json\/wp\/v2\/product"}],"about":[{"href":"https:\/\/metlaninst.com\/pl\/wp-json\/wp\/v2\/types\/product"}],"version-history":[{"count":3,"href":"https:\/\/metlaninst.com\/pl\/wp-json\/wp\/v2\/product\/23332\/revisions"}],"predecessor-version":[{"id":26152,"href":"https:\/\/metlaninst.com\/pl\/wp-json\/wp\/v2\/product\/23332\/revisions\/26152"}],"wp:featuredmedia":[{"embeddable":true,"href":"https:\/\/metlaninst.com\/pl\/wp-json\/wp\/v2\/media\/23344"}],"wp:attachment":[{"href":"https:\/\/metlaninst.com\/pl\/wp-json\/wp\/v2\/media?parent=23332"}],"wp:term":[{"taxonomy":"product_brand","embeddable":true,"href":"https:\/\/metlaninst.com\/pl\/wp-json\/wp\/v2\/product_brand?post=23332"},{"taxonomy":"product_cat","embeddable":true,"href":"https:\/\/metlaninst.com\/pl\/wp-json\/wp\/v2\/product_cat?post=23332"},{"taxonomy":"product_tag","embeddable":true,"href":"https:\/\/metlaninst.com\/pl\/wp-json\/wp\/v2\/product_tag?post=23332"}],"curies":[{"name":"wp","href":"https:\/\/api.w.org\/{rel}","templated":true}]}}