{"id":23336,"date":"2024-11-09T06:37:56","date_gmt":"2024-11-09T06:37:56","guid":{"rendered":"https:\/\/www.metlaninst.com\/?post_type=product&#038;p=23336"},"modified":"2025-04-25T09:25:23","modified_gmt":"2025-04-25T09:25:23","slug":"przeplywomierze-masowe-coriolisa-do-niskich-przeplywow-i-dozowania-masa-l","status":"publish","type":"product","link":"https:\/\/metlaninst.com\/pl\/p\/przeplywomierze-masowe-coriolisa-do-niskich-przeplywow-i-dozowania-masa-l\/","title":{"rendered":"Przep\u0142ywomierze masowe Coriolisa do zastosowa\u0144 z niskim przep\u0142ywem i dozowaniem (MASS-L)"},"content":{"rendered":"<div class=\"e-con-inner\">\n<div class=\"elementor-element e-con-full e-flex e-con e-child\">\n<div class=\"elementor-widget-container\">\n<h3 class=\"elementor-heading-title elementor-size-default\">Cechy:<\/h3>\n<\/div>\n<div class=\"elementor-widget-container\">\n<ol class=\"product-description-list\">\n<li>Certyfikowany do u\u017cytku higienicznego<\/li>\n<li>Obs\u0142uga procedur czyszczenia CIP lub SIP<\/li>\n<li>Idealny do zastosowa\u0144 o niskim przep\u0142ywie<\/li>\n<li>Wysoka dok\u0142adno\u015b\u0107 pomiaru masy, g\u0119sto\u015bci i przep\u0142ywu obj\u0119to\u015bciowego<\/li>\n<li>Dost\u0119pne r\u00f3wnie\u017c w wersjach dostosowanych do potrzeb klienta<\/li>\n<li>Dla wy\u015bwietlacza LCD dost\u0119pne s\u0105 j\u0119zyki angielski, hiszpa\u0144ski, francuski i inne na \u017cyczenie.<\/li>\n<li>Ka\u017cdy przep\u0142ywomierz jest kalibrowany i przypisywany jest mu unikalny numer seryjny odpowiadaj\u0105cy wszystkim danym kalibracyjnym.<\/li>\n<\/ol>\n<\/div>\n<\/div>\n<div class=\"elementor-element e-con-full e-flex e-con e-child\">\n<div class=\"elementor-widget-container\">\n<h3 class=\"elementor-heading-title elementor-size-default\">Zastosowania:<\/h3>\n<\/div>\n<div class=\"elementor-widget-container\">\n<h5 class=\"first\">Og\u00f3lne<\/h5>\n<ul class=\"product-description-list\">\n<li style=\"list-style-type: none;\">\n<ul class=\"product-description-list\">\n<li>Aplikacje dozowania, dozowania i nape\u0142niania o bardzo niskim nat\u0119\u017ceniu przep\u0142ywu<\/li>\n<li>Pomiar cieczy, gaz\u00f3w i cieczy porywanych przez gaz<\/li>\n<\/ul>\n<\/li>\n<\/ul>\n<h5>Przemys\u0142 naftowy i gazowy<\/h5>\n<ul class=\"product-description-list\">\n<li style=\"list-style-type: none;\">\n<ul class=\"product-description-list\">\n<li>Nawanianie gazu ziemnego i propanu<\/li>\n<li>Wtrysk chemiczny<\/li>\n<\/ul>\n<\/li>\n<\/ul>\n<h5>Przemys\u0142 chemiczny i inne bran\u017ce przetw\u00f3rcze<\/h5>\n<ul class=\"product-description-list\">\n<li style=\"list-style-type: none;\">\n<ul class=\"product-description-list\">\n<li>Pomiar st\u0119\u017cenia i g\u0119sto\u015bci ma\u0142ych obj\u0119to\u015bci<\/li>\n<li>Dozowanie do reaktor\u00f3w<\/li>\n<\/ul>\n<\/li>\n<\/ul>\n<h5>Przemys\u0142 farmaceutyczny<\/h5>\n<ul class=\"product-description-list\">\n<li style=\"list-style-type: none;\">\n<ul class=\"product-description-list\">\n<li>Dozowanie zapach\u00f3w i pow\u0142oki o wysokiej precyzji<\/li>\n<li>Dozowanie sk\u0142adnik\u00f3w<\/li>\n<\/ul>\n<\/li>\n<\/ul>\n<h5>Przemys\u0142 spo\u017cywczy i napoj\u00f3w<\/h5>\n<ul class=\"product-description-list\">\n<li style=\"list-style-type: none;\">\n<ul class=\"product-description-list\">\n<li>Wtrysk i dozowanie CO2<\/li>\n<\/ul>\n<\/li>\n<\/ul>\n<h5>Maszyny i aparatura (przemys\u0142 OEM)<\/h5>\n<ul class=\"product-description-list\">\n<li style=\"list-style-type: none;\">\n<ul class=\"product-description-list\">\n<li>Stanowiska testowe silnik\u00f3w (np. w przemy\u015ble motoryzacyjnym)<\/li>\n<\/ul>\n<\/li>\n<\/ul>\n<h5>Przemys\u0142 celulozowo-papierniczy<\/h5>\n<ul class=\"product-description-list\">\n<li>Dodatki, wybielacze i barwniki<\/li>\n<\/ul>\n<\/div>\n<\/div>\n<\/div>","protected":false},"excerpt":{"rendered":"<div class=\"short-description-head\">MASS-L to ekonomiczny przep\u0142ywomierz masowy Coriolisa do dok\u0142adnego pomiaru przep\u0142ywu cieczy i gaz\u00f3w w r\u00f3\u017cnych wymagaj\u0105cych aplikacjach o niskim przep\u0142ywie i dozowaniu. Przep\u0142ywomierz ten jest r\u00f3wnie\u017c certyfikowany do u\u017cytku higienicznego, wspieraj\u0105c procedury czyszczenia CIP\/SIP.<\/div>","protected":false},"featured_media":23346,"template":"","meta":[],"product_brand":[],"product_cat":[171,15],"product_tag":[],"class_list":{"0":"post-23336","1":"product","2":"type-product","3":"status-publish","4":"has-post-thumbnail","6":"product_cat-coriolis-flow-meters","7":"product_cat-uncategorized","9":"first","10":"instock","11":"shipping-taxable","12":"purchasable","13":"product-type-simple"},"_links":{"self":[{"href":"https:\/\/metlaninst.com\/pl\/wp-json\/wp\/v2\/product\/23336","targetHints":{"allow":["GET"]}}],"collection":[{"href":"https:\/\/metlaninst.com\/pl\/wp-json\/wp\/v2\/product"}],"about":[{"href":"https:\/\/metlaninst.com\/pl\/wp-json\/wp\/v2\/types\/product"}],"version-history":[{"count":2,"href":"https:\/\/metlaninst.com\/pl\/wp-json\/wp\/v2\/product\/23336\/revisions"}],"predecessor-version":[{"id":26154,"href":"https:\/\/metlaninst.com\/pl\/wp-json\/wp\/v2\/product\/23336\/revisions\/26154"}],"wp:featuredmedia":[{"embeddable":true,"href":"https:\/\/metlaninst.com\/pl\/wp-json\/wp\/v2\/media\/23346"}],"wp:attachment":[{"href":"https:\/\/metlaninst.com\/pl\/wp-json\/wp\/v2\/media?parent=23336"}],"wp:term":[{"taxonomy":"product_brand","embeddable":true,"href":"https:\/\/metlaninst.com\/pl\/wp-json\/wp\/v2\/product_brand?post=23336"},{"taxonomy":"product_cat","embeddable":true,"href":"https:\/\/metlaninst.com\/pl\/wp-json\/wp\/v2\/product_cat?post=23336"},{"taxonomy":"product_tag","embeddable":true,"href":"https:\/\/metlaninst.com\/pl\/wp-json\/wp\/v2\/product_tag?post=23336"}],"curies":[{"name":"wp","href":"https:\/\/api.w.org\/{rel}","templated":true}]}}