{"id":23340,"date":"2024-11-08T06:45:44","date_gmt":"2024-11-08T06:45:44","guid":{"rendered":"https:\/\/www.metlaninst.com\/?post_type=product&#038;p=23340"},"modified":"2025-04-25T09:25:36","modified_gmt":"2025-04-25T09:25:36","slug":"przeplywomierze-masowe-coriolisa-do-zastosowan-kriogenicznych-masa-c","status":"publish","type":"product","link":"https:\/\/metlaninst.com\/pl\/p\/przeplywomierze-masowe-coriolisa-do-zastosowan-kriogenicznych-masa-c\/","title":{"rendered":"Przep\u0142ywomierze masowe Coriolisa do zastosowa\u0144 kriogenicznych (MASS-C)"},"content":{"rendered":"<div class=\"e-con-inner\">\n<div class=\"elementor-element e-con-full e-flex e-con e-child\">\n<div class=\"elementor-widget-container\">\n<h3 class=\"elementor-heading-title elementor-size-default\">Cechy:<\/h3>\n<\/div>\n<div class=\"elementor-widget-container\">\n<ol class=\"product-description-list\">\n<li>Zaprojektowany dla kriogenicznych melii, takich jak LNG o temperaturach do -200\u00b0C \/ -328\u00b0F<\/li>\n<li>Nadaje si\u0119 do stosowania w przyrz\u0105dowych systemach bezpiecze\u0144stwa<\/li>\n<li>Wysoka dok\u0142adno\u015b\u0107 pomiaru masy, g\u0119sto\u015bci i przep\u0142ywu obj\u0119to\u015bciowego<\/li>\n<li>Dost\u0119pne r\u00f3wnie\u017c w wersjach dostosowanych do potrzeb klienta<\/li>\n<li>Dla wy\u015bwietlacza LCD dost\u0119pne s\u0105 j\u0119zyki angielski, hiszpa\u0144ski, francuski i inne na \u017cyczenie.<\/li>\n<li>Ka\u017cdy przep\u0142ywomierz jest kalibrowany i przypisywany jest mu unikalny numer seryjny odpowiadaj\u0105cy wszystkim danym kalibracyjnym.<\/li>\n<\/ol>\n<\/div>\n<\/div>\n<div class=\"elementor-element e-con-full e-flex e-con e-child\">\n<div class=\"elementor-widget-container\">\n<h3 class=\"elementor-heading-title elementor-size-default\">Zastosowania:<\/h3>\n<\/div>\n<div class=\"elementor-widget-container\">\n<h5 class=\"first\">Og\u00f3lne<\/h5>\n<ul class=\"product-description-list\">\n<li style=\"list-style-type: none;\">\n<ul class=\"product-description-list\">\n<li>Temperatury kriogeniczne do -200\u00b0C \/ -328\u00b0F<\/li>\n<li>Gazy superkrytyczne<\/li>\n<li>Przeniesienie opieki (CT)<\/li>\n<li>Oprzyrz\u0105dowane systemy bezpiecze\u0144stwa<\/li>\n<\/ul>\n<\/li>\n<\/ul>\n<h5>Przemys\u0142 chemiczny i inne bran\u017ce przetw\u00f3rcze<\/h5>\n<ul class=\"product-description-list\">\n<li style=\"list-style-type: none;\">\n<ul class=\"product-description-list\">\n<li>Pomiar st\u0119\u017cenia i g\u0119sto\u015bci<\/li>\n<li>\u0141adowanie luzem<\/li>\n<li>Dozowanie i mieszanie do reaktor\u00f3w<\/li>\n<li>Kraking w\u0119glowodor\u00f3w<\/li>\n<\/ul>\n<\/li>\n<\/ul>\n<h5>Przemys\u0142 naftowy i gazowy<\/h5>\n<ul class=\"product-description-list\">\n<li style=\"list-style-type: none;\">\n<ul class=\"product-description-list\">\n<li>P\u0142ozy dozuj\u0105ce, za\u0142adunek luzem, przesy\u0142anie ruroci\u0105giem<\/li>\n<li>Skroplony gaz ziemny (LNG)<\/li>\n<li>\u0141adowanie luzem<\/li>\n<li>Pomiar wielofazowy w aplikacjach upstream<\/li>\n<\/ul>\n<\/li>\n<\/ul>\n<h5>Przemys\u0142 spo\u017cywczy i napoj\u00f3w<\/h5>\n<ul class=\"product-description-list\">\n<li style=\"list-style-type: none;\">\n<ul class=\"product-description-list\">\n<li>Dozowanie, dozowanie, nape\u0142nianie<\/li>\n<li>Pomiar przep\u0142ywu masy lod\u00f3w i mleka<\/li>\n<li>Pomiar przep\u0142ywu, g\u0119sto\u015bci, ci\u0119\u017caru w\u0142a\u015bciwego w procesach warzenia piwa<\/li>\n<li>Dozowanie ekstraktu chmielowego<\/li>\n<li>Pomiar Brixa, g\u0119sto\u015bci i przep\u0142ywu w sokach owocowych<\/li>\n<li>Dozowanie naturalnych olej\u00f3w, t\u0142uszczu, warzyw (np. szpinaku) itp.<\/li>\n<li>Wtrysk CO2 w produkcji napoj\u00f3w bezalkoholowych<\/li>\n<\/ul>\n<\/li>\n<\/ul>\n<h5>Przemys\u0142 farmaceutyczny<\/h5>\n<ul class=\"product-description-list\">\n<li style=\"list-style-type: none;\">\n<ul class=\"product-description-list\">\n<li>Dozowanie, dozowanie, nape\u0142nianie<\/li>\n<li>Ekstrakcja rozpuszczalnikiem<\/li>\n<\/ul>\n<\/li>\n<\/ul>\n<h5>Przemys\u0142 morski<\/h5>\n<ul class=\"product-description-list\">\n<li style=\"list-style-type: none;\">\n<ul class=\"product-description-list\">\n<li>Bunkrowanie i pomiar zu\u017cycia paliwa<\/li>\n<\/ul>\n<\/li>\n<\/ul>\n<h5>Przemys\u0142 celulozowo-papierniczy<\/h5>\n<ul class=\"product-description-list\">\n<li>Dodatki, wybielacze i barwniki<\/li>\n<li>Produkty krystalizuj\u0105ce, krzepn\u0105ce i kriogeniczne<\/li>\n<\/ul>\n<\/div>\n<\/div>\n<\/div>","protected":false},"excerpt":{"rendered":"<div class=\"short-description-head\">MASS-C to standardowy, wysokowydajny przep\u0142ywomierz masowy Coriolisa dla przemys\u0142u przetw\u00f3rczego, kt\u00f3ry jest optymalnym urz\u0105dzeniem dla medi\u00f3w kriogenicznych, takich jak skroplony gaz ziemny (LNG) o temperaturach do -200\u00b0C \/ -328\u00b0F.<\/div>","protected":false},"featured_media":23345,"template":"","meta":[],"product_brand":[],"product_cat":[171,15],"product_tag":[],"class_list":{"0":"post-23340","1":"product","2":"type-product","3":"status-publish","4":"has-post-thumbnail","6":"product_cat-coriolis-flow-meters","7":"product_cat-uncategorized","9":"first","10":"instock","11":"shipping-taxable","12":"purchasable","13":"product-type-simple"},"_links":{"self":[{"href":"https:\/\/metlaninst.com\/pl\/wp-json\/wp\/v2\/product\/23340","targetHints":{"allow":["GET"]}}],"collection":[{"href":"https:\/\/metlaninst.com\/pl\/wp-json\/wp\/v2\/product"}],"about":[{"href":"https:\/\/metlaninst.com\/pl\/wp-json\/wp\/v2\/types\/product"}],"version-history":[{"count":2,"href":"https:\/\/metlaninst.com\/pl\/wp-json\/wp\/v2\/product\/23340\/revisions"}],"predecessor-version":[{"id":26155,"href":"https:\/\/metlaninst.com\/pl\/wp-json\/wp\/v2\/product\/23340\/revisions\/26155"}],"wp:featuredmedia":[{"embeddable":true,"href":"https:\/\/metlaninst.com\/pl\/wp-json\/wp\/v2\/media\/23345"}],"wp:attachment":[{"href":"https:\/\/metlaninst.com\/pl\/wp-json\/wp\/v2\/media?parent=23340"}],"wp:term":[{"taxonomy":"product_brand","embeddable":true,"href":"https:\/\/metlaninst.com\/pl\/wp-json\/wp\/v2\/product_brand?post=23340"},{"taxonomy":"product_cat","embeddable":true,"href":"https:\/\/metlaninst.com\/pl\/wp-json\/wp\/v2\/product_cat?post=23340"},{"taxonomy":"product_tag","embeddable":true,"href":"https:\/\/metlaninst.com\/pl\/wp-json\/wp\/v2\/product_tag?post=23340"}],"curies":[{"name":"wp","href":"https:\/\/api.w.org\/{rel}","templated":true}]}}