{"id":25448,"date":"2024-12-15T05:03:38","date_gmt":"2024-12-15T05:03:38","guid":{"rendered":"https:\/\/www.metlaninst.com\/?post_type=product&#038;p=25448"},"modified":"2025-02-02T03:52:06","modified_gmt":"2025-02-02T03:52:06","slug":"przeplywomierz-wirowy-dla-wysokiego-cisnienia-lugbmt-p","status":"publish","type":"product","link":"https:\/\/metlaninst.com\/pl\/p\/przeplywomierz-wirowy-dla-wysokiego-cisnienia-lugbmt-p\/","title":{"rendered":"Przep\u0142ywomierz wirowy dla wysokiego ci\u015bnienia (LUGBMT-P)"},"content":{"rendered":"<div class=\"e-con-inner\">\n<div class=\"elementor-element e-con-full e-flex e-con e-child\">\n<div class=\"elementor-widget-container\">\n<h3 class=\"elementor-heading-title elementor-size-default\">Cechy:<\/h3>\n<\/div>\n<div class=\"elementor-widget-container\">\n<ol>\n<li data-zone-id=\"0\" data-line-index=\"0\" data-line=\"true\">Specjalista do zastosowa\u0144 z wysokim ci\u015bnieniem procesowym do 250 bar (3625,95 psi)<\/li>\n<li data-zone-id=\"0\" data-line-index=\"1\" data-line=\"true\">Kolory i wygl\u0105d mo\u017cna dostosowa\u0107 zgodnie z \u017cyczeniem<b><\/b><\/li>\n<li data-zone-id=\"0\" data-line-index=\"2\" data-line=\"true\">Dost\u0119pne r\u00f3wnie\u017c w wersjach dostosowanych do potrzeb klienta<\/li>\n<li data-zone-id=\"0\" data-line-index=\"3\" data-line=\"true\">Dla wy\u015bwietlacza LCD dost\u0119pne s\u0105 j\u0119zyki angielski, hiszpa\u0144ski, francuski i inne na \u017cyczenie.<\/li>\n<li data-zone-id=\"0\" data-line-index=\"4\" data-line=\"true\">Ka\u017cdy przep\u0142ywomierz jest kalibrowany i przypisywany jest mu unikalny numer seryjny odpowiadaj\u0105cy wszystkim danym kalibracyjnym.<\/li>\n<\/ol>\n<\/div>\n<\/div>\n<div class=\"elementor-element e-con-full e-flex e-con e-child\">\n<div class=\"elementor-widget-container\">\n<h3 class=\"elementor-heading-title elementor-size-default\">Zastosowania:<\/h3>\n<\/div>\n<div class=\"elementor-widget-container\">\n<h5 class=\"first\">Og\u00f3lne<\/h5>\n<div>\n<ul>\n<li data-zone-id=\"0\" data-line-index=\"0\" data-line=\"true\">Nadaje si\u0119 do zastosowa\u0144 wysokoci\u015bnieniowych z gazami i par\u0105 wodn\u0105<\/li>\n<li data-zone-id=\"0\" data-line-index=\"0\" data-line=\"true\">Zintegrowany pomiar do kontroli temperatury i ci\u015bnienia w systemach procesowych<\/li>\n<li data-zone-id=\"0\" data-line-index=\"0\" data-line=\"true\">Monitorowanie proces\u00f3w parowych i gazowych z wysok\u0105 dok\u0142adno\u015bci\u0105<\/li>\n<\/ul>\n<\/div>\n<h5>Ropa i gaz, Przemys\u0142 chemiczny<\/h5>\n<div>\n<ul>\n<li data-zone-id=\"0\" data-line-index=\"0\" data-line=\"true\">Monitorowanie gaz\u00f3w procesowych i pary pod wysokim ci\u015bnieniem<\/li>\n<li data-zone-id=\"0\" data-line-index=\"0\" data-line=\"true\">Pomiar pary w rafineriach i zak\u0142adach petrochemicznych<\/li>\n<\/ul>\n<\/div>\n<h5>Przemys\u0142 energetyczny<\/h5>\n<div>\n<ul>\n<li data-zone-id=\"0\" data-line-index=\"0\" data-line=\"true\">Kontrola pary i kondensatu w elektrowniach konwencjonalnych i odnawialnych<\/li>\n<\/ul>\n<\/div>\n<h5>\u017belazo, stal i przemys\u0142 metalowy<\/h5>\n<ul>\n<li>Pomiar pary w procesach ch\u0142odzenia<\/li>\n<\/ul>\n<h5>Morskie i przybrze\u017cne<\/h5>\n<ul>\n<li>Zarz\u0105dzanie par\u0105 w zastosowaniach morskich, odpowiednie do trudnych warunk\u00f3w \u015brodowiskowych<\/li>\n<\/ul>\n<\/div>\n<\/div>\n<\/div>","protected":false},"excerpt":{"rendered":"<div class=\"short-description-head\">\n<div data-zone-id=\"0\" data-line-index=\"0\" data-line=\"true\">LUGBMT-P to przep\u0142ywomierz Vortex do wysokoci\u015bnieniowych rur wsp\u00f3\u0142pracuj\u0105cych do 250 bar (3625,95 psi). Przep\u0142ywomierz idealnie nadaje si\u0119 do niezawodnej kontroli procesu w wymagaj\u0105cych aplikacjach gazowych i parowych o wysokim ci\u015bnieniu procesowym.<\/div>\n<\/div>","protected":false},"featured_media":25452,"template":"","meta":[],"product_brand":[],"product_cat":[121,208,205,164,166],"product_tag":[],"class_list":{"0":"post-25448","1":"product","2":"type-product","3":"status-publish","4":"has-post-thumbnail","6":"product_cat-vortex-flow-meters","7":"product_cat-gas-flow-meters","8":"product_cat-steam-flow-meters","9":"product_cat-air-flow-meters","10":"product_cat-liquid-flow-meters","12":"first","13":"instock","14":"shipping-taxable","15":"purchasable","16":"product-type-simple"},"_links":{"self":[{"href":"https:\/\/metlaninst.com\/pl\/wp-json\/wp\/v2\/product\/25448","targetHints":{"allow":["GET"]}}],"collection":[{"href":"https:\/\/metlaninst.com\/pl\/wp-json\/wp\/v2\/product"}],"about":[{"href":"https:\/\/metlaninst.com\/pl\/wp-json\/wp\/v2\/types\/product"}],"version-history":[{"count":1,"href":"https:\/\/metlaninst.com\/pl\/wp-json\/wp\/v2\/product\/25448\/revisions"}],"predecessor-version":[{"id":25457,"href":"https:\/\/metlaninst.com\/pl\/wp-json\/wp\/v2\/product\/25448\/revisions\/25457"}],"wp:featuredmedia":[{"embeddable":true,"href":"https:\/\/metlaninst.com\/pl\/wp-json\/wp\/v2\/media\/25452"}],"wp:attachment":[{"href":"https:\/\/metlaninst.com\/pl\/wp-json\/wp\/v2\/media?parent=25448"}],"wp:term":[{"taxonomy":"product_brand","embeddable":true,"href":"https:\/\/metlaninst.com\/pl\/wp-json\/wp\/v2\/product_brand?post=25448"},{"taxonomy":"product_cat","embeddable":true,"href":"https:\/\/metlaninst.com\/pl\/wp-json\/wp\/v2\/product_cat?post=25448"},{"taxonomy":"product_tag","embeddable":true,"href":"https:\/\/metlaninst.com\/pl\/wp-json\/wp\/v2\/product_tag?post=25448"}],"curies":[{"name":"wp","href":"https:\/\/api.w.org\/{rel}","templated":true}]}}