{"id":25458,"date":"2024-12-25T04:22:33","date_gmt":"2024-12-25T04:22:33","guid":{"rendered":"https:\/\/www.metlaninst.com\/?post_type=product&#038;p=25458"},"modified":"2025-02-02T03:47:44","modified_gmt":"2025-02-02T03:47:44","slug":"przeplywomierze-wirowe-z-kompensacja-temperatury-i-cisnienia-lugbmt-c","status":"publish","type":"product","link":"https:\/\/metlaninst.com\/pl\/p\/przeplywomierze-wirowe-z-kompensacja-temperatury-i-cisnienia-lugbmt-c\/","title":{"rendered":"Przep\u0142ywomierze Vortex z kompensacj\u0105 temperatury i ci\u015bnienia (LUGBMT-C)"},"content":{"rendered":"<div class=\"e-con-inner\">\n<div class=\"elementor-element e-con-full e-flex e-con e-child\">\n<div class=\"elementor-widget-container\">\n<h3 class=\"elementor-heading-title elementor-size-default\">Cechy:<\/h3>\n<\/div>\n<div class=\"elementor-widget-container\">\n<ol>\n<li data-zone-id=\"0\" data-line-index=\"0\" data-line=\"true\">Kompaktowe urz\u0105dzenie zintegrowane z czujnikiem temperatury i ci\u015bnienia<\/li>\n<li data-zone-id=\"0\" data-line-index=\"1\" data-line=\"true\">Kolory i wygl\u0105d mo\u017cna dostosowa\u0107 zgodnie z \u017cyczeniem<b><\/b><\/li>\n<li data-zone-id=\"0\" data-line-index=\"2\" data-line=\"true\">Dost\u0119pne r\u00f3wnie\u017c w wersjach dostosowanych do potrzeb klienta<\/li>\n<li data-zone-id=\"0\" data-line-index=\"3\" data-line=\"true\">Dla wy\u015bwietlacza LCD dost\u0119pne s\u0105 j\u0119zyki angielski, hiszpa\u0144ski, francuski i inne na \u017cyczenie.<\/li>\n<li data-zone-id=\"0\" data-line-index=\"4\" data-line=\"true\">Ka\u017cdy przep\u0142ywomierz jest kalibrowany i przypisywany jest mu unikalny numer seryjny odpowiadaj\u0105cy wszystkim danym kalibracyjnym.<\/li>\n<\/ol>\n<\/div>\n<\/div>\n<div class=\"elementor-element e-con-full e-flex e-con e-child\">\n<div class=\"elementor-widget-container\">\n<h3 class=\"elementor-heading-title elementor-size-default\">Zastosowania:<\/h3>\n<\/div>\n<div class=\"elementor-widget-container\">\n<h5 class=\"first\">Og\u00f3lne<\/h5>\n<div>\n<ul>\n<li data-zone-id=\"0\" data-line-index=\"0\" data-line=\"true\">Zastosowania u\u017cytkowe: Dystrybucja energii w obwodach pomocniczych i zasilaj\u0105cych<\/li>\n<li data-zone-id=\"0\" data-line-index=\"0\" data-line=\"true\">Pomiar (nie)przewodz\u0105cych cieczy, gaz\u00f3w, pary nasyconej i przegrzanej<\/li>\n<li data-zone-id=\"0\" data-line-index=\"0\" data-line=\"true\">Pomiar ciep\u0142a brutto\/netto pary i gor\u0105cej wody<\/li>\n<li data-zone-id=\"0\" data-line-index=\"0\" data-line=\"true\">Pomiar zu\u017cycia gaz\u00f3w przemys\u0142owych (gaz ziemny, azot itp.)<\/li>\n<li data-zone-id=\"0\" data-line-index=\"0\" data-line=\"true\">Pomiar zu\u017cycia w systemach spr\u0119\u017conego powietrza<\/li>\n<\/ul>\n<\/div>\n<h5>Przemys\u0142 chemiczny i inne bran\u017ce przetw\u00f3rcze<\/h5>\n<div>\n<ul>\n<li data-zone-id=\"0\" data-line-index=\"0\" data-line=\"true\">W\u0119glowodory, oleje termalne itp.<\/li>\n<li data-zone-id=\"0\" data-line-index=\"0\" data-line=\"true\">Rozpuszczalniki<\/li>\n<li data-zone-id=\"0\" data-line-index=\"0\" data-line=\"true\">Odsolona woda<\/li>\n<li data-zone-id=\"0\" data-line-index=\"0\" data-line=\"true\">Gazy, gazy spawalnicze, para wodna<\/li>\n<li data-zone-id=\"0\" data-line-index=\"0\" data-line=\"true\">Produkty petrochemiczne (benzen, etylen itp.)<\/li>\n<\/ul>\n<\/div>\n<h5>\u017belazo, stal i przemys\u0142 metalowy<\/h5>\n<div>\n<ul>\n<li data-zone-id=\"0\" data-line-index=\"0\" data-line=\"true\">Obwody ch\u0142odzenia<\/li>\n<li data-zone-id=\"0\" data-line-index=\"0\" data-line=\"true\">Spr\u0119\u017cone powietrze<\/li>\n<li data-zone-id=\"0\" data-line-index=\"0\" data-line=\"true\">Gazy oboj\u0119tne<\/li>\n<li data-zone-id=\"0\" data-line-index=\"0\" data-line=\"true\">Tlen<\/li>\n<li data-zone-id=\"0\" data-line-index=\"0\" data-line=\"true\">Gaz ziemny<\/li>\n<li data-zone-id=\"0\" data-line-index=\"0\" data-line=\"true\">Steam<\/li>\n<\/ul>\n<\/div>\n<h5>Przemys\u0142 spo\u017cywczy i napoj\u00f3w<\/h5>\n<ul>\n<li>Oczyszczona i odsolona woda<\/li>\n<li>CO2<\/li>\n<li>Zu\u017cycie palnika<\/li>\n<li>Steam<\/li>\n<\/ul>\n<h5>Przemys\u0142 celulozowo-papierniczy<\/h5>\n<ul>\n<li>Spr\u0119\u017cone powietrze, para wodna itp.<\/li>\n<\/ul>\n<h5>Przemys\u0142 naftowy i gazowy<\/h5>\n<ul>\n<li>Produkty petrochemiczne (benzen, etylen, para wodna itp.)<\/li>\n<li>Gaz ziemny<\/li>\n<\/ul>\n<\/div>\n<\/div>\n<\/div>","protected":false},"excerpt":{"rendered":"<div class=\"short-description-head\">\n<div data-zone-id=\"0\" data-line-index=\"0\" data-line=\"true\">W przeciwie\u0144stwie do tradycyjnych przep\u0142ywomierzy Vortex, LUGBMT-C jest zintegrowany z czujnikiem temperatury i ci\u015bnienia, co oznacza, \u017ce mo\u017ce \u0142\u0105czy\u0107 pomiar przep\u0142ywu, temperatury i ci\u015bnienia, a tak\u017ce obliczanie przep\u0142ywu w jednym urz\u0105dzeniu.<\/div>\n<\/div>","protected":false},"featured_media":25454,"template":"","meta":[],"product_brand":[],"product_cat":[121,208,205,164,166,163],"product_tag":[],"class_list":{"0":"post-25458","1":"product","2":"type-product","3":"status-publish","4":"has-post-thumbnail","6":"product_cat-vortex-flow-meters","7":"product_cat-gas-flow-meters","8":"product_cat-steam-flow-meters","9":"product_cat-air-flow-meters","10":"product_cat-liquid-flow-meters","11":"product_cat-water-flow-meters","13":"first","14":"instock","15":"shipping-taxable","16":"purchasable","17":"product-type-simple"},"_links":{"self":[{"href":"https:\/\/metlaninst.com\/pl\/wp-json\/wp\/v2\/product\/25458","targetHints":{"allow":["GET"]}}],"collection":[{"href":"https:\/\/metlaninst.com\/pl\/wp-json\/wp\/v2\/product"}],"about":[{"href":"https:\/\/metlaninst.com\/pl\/wp-json\/wp\/v2\/types\/product"}],"version-history":[{"count":2,"href":"https:\/\/metlaninst.com\/pl\/wp-json\/wp\/v2\/product\/25458\/revisions"}],"predecessor-version":[{"id":26151,"href":"https:\/\/metlaninst.com\/pl\/wp-json\/wp\/v2\/product\/25458\/revisions\/26151"}],"wp:featuredmedia":[{"embeddable":true,"href":"https:\/\/metlaninst.com\/pl\/wp-json\/wp\/v2\/media\/25454"}],"wp:attachment":[{"href":"https:\/\/metlaninst.com\/pl\/wp-json\/wp\/v2\/media?parent=25458"}],"wp:term":[{"taxonomy":"product_brand","embeddable":true,"href":"https:\/\/metlaninst.com\/pl\/wp-json\/wp\/v2\/product_brand?post=25458"},{"taxonomy":"product_cat","embeddable":true,"href":"https:\/\/metlaninst.com\/pl\/wp-json\/wp\/v2\/product_cat?post=25458"},{"taxonomy":"product_tag","embeddable":true,"href":"https:\/\/metlaninst.com\/pl\/wp-json\/wp\/v2\/product_tag?post=25458"}],"curies":[{"name":"wp","href":"https:\/\/api.w.org\/{rel}","templated":true}]}}