{"id":25462,"date":"2024-12-25T05:56:08","date_gmt":"2024-12-25T05:56:08","guid":{"rendered":"https:\/\/www.metlaninst.com\/?post_type=product&#038;p=25462"},"modified":"2025-02-02T03:46:16","modified_gmt":"2025-02-02T03:46:16","slug":"przeplywomierze-wirowe-lugbmt-100","status":"publish","type":"product","link":"https:\/\/metlaninst.com\/pl\/p\/przeplywomierze-wirowe-lugbmt-100\/","title":{"rendered":"Przep\u0142ywomierze wirowe (LUGBMT-100)"},"content":{"rendered":"<div class=\"e-con-inner\">\n<div class=\"elementor-element e-con-full e-flex e-con e-child\">\n<div class=\"elementor-widget-container\">\n<h3 class=\"elementor-heading-title elementor-size-default\">Cechy:<\/h3>\n<\/div>\n<div class=\"elementor-widget-container\">\n<ol>\n<li data-zone-id=\"0\" data-line-index=\"0\" data-line=\"true\">Dost\u0119pne wersje wysokotemperaturowe i wysokoci\u015bnieniowe<\/li>\n<li data-zone-id=\"0\" data-line-index=\"1\" data-line=\"true\">Kolory i wygl\u0105d mo\u017cna dostosowa\u0107 zgodnie z \u017cyczeniem<b><\/b><\/li>\n<li data-zone-id=\"0\" data-line-index=\"2\" data-line=\"true\">Dost\u0119pne r\u00f3wnie\u017c w wersjach dostosowanych do potrzeb klienta<\/li>\n<li data-zone-id=\"0\" data-line-index=\"3\" data-line=\"true\">Dla wy\u015bwietlacza LCD dost\u0119pne s\u0105 j\u0119zyki angielski, hiszpa\u0144ski, francuski i inne na \u017cyczenie.<\/li>\n<li data-zone-id=\"0\" data-line-index=\"4\" data-line=\"true\">Ka\u017cdy przep\u0142ywomierz jest kalibrowany i przypisywany jest mu unikalny numer seryjny odpowiadaj\u0105cy wszystkim danym kalibracyjnym.<\/li>\n<\/ol>\n<\/div>\n<\/div>\n<div class=\"elementor-element e-con-full e-flex e-con e-child\">\n<div class=\"elementor-widget-container\">\n<h3 class=\"elementor-heading-title elementor-size-default\">Zastosowania:<\/h3>\n<\/div>\n<div class=\"elementor-widget-container\">\n<h5 class=\"first\">Og\u00f3lne<\/h5>\n<div>\n<ul>\n<li data-zone-id=\"0\" data-line-index=\"0\" data-line=\"true\">Zastosowania u\u017cytkowe: Dystrybucja energii w obwodach pomocniczych i zasilaj\u0105cych<\/li>\n<li data-zone-id=\"0\" data-line-index=\"0\" data-line=\"true\">Pomiar (nie)przewodz\u0105cych cieczy, gaz\u00f3w, pary nasyconej i przegrzanej<\/li>\n<li data-zone-id=\"0\" data-line-index=\"0\" data-line=\"true\">Pomiar ciep\u0142a brutto\/netto pary i gor\u0105cej wody<\/li>\n<li data-zone-id=\"0\" data-line-index=\"0\" data-line=\"true\">Pomiar zu\u017cycia gaz\u00f3w przemys\u0142owych (gaz ziemny, azot itp.)<\/li>\n<li data-zone-id=\"0\" data-line-index=\"0\" data-line=\"true\">Pomiar zu\u017cycia w systemach spr\u0119\u017conego powietrza<\/li>\n<\/ul>\n<\/div>\n<h5>Przemys\u0142 chemiczny i inne bran\u017ce przetw\u00f3rcze<\/h5>\n<div>\n<ul>\n<li data-zone-id=\"0\" data-line-index=\"0\" data-line=\"true\">W\u0119glowodory, oleje termalne itp.<\/li>\n<li data-zone-id=\"0\" data-line-index=\"0\" data-line=\"true\">Rozpuszczalniki<\/li>\n<li data-zone-id=\"0\" data-line-index=\"0\" data-line=\"true\">Odsolona woda<\/li>\n<li data-zone-id=\"0\" data-line-index=\"0\" data-line=\"true\">Gazy, gazy spawalnicze, para wodna<\/li>\n<li data-zone-id=\"0\" data-line-index=\"0\" data-line=\"true\">Produkty petrochemiczne (benzen, etylen itp.)<\/li>\n<\/ul>\n<\/div>\n<h5>\u017belazo, stal i przemys\u0142 metalowy<\/h5>\n<div>\n<ul>\n<li data-zone-id=\"0\" data-line-index=\"0\" data-line=\"true\">Obwody ch\u0142odzenia<\/li>\n<li data-zone-id=\"0\" data-line-index=\"0\" data-line=\"true\">Spr\u0119\u017cone powietrze<\/li>\n<li data-zone-id=\"0\" data-line-index=\"0\" data-line=\"true\">Gazy oboj\u0119tne<\/li>\n<li data-zone-id=\"0\" data-line-index=\"0\" data-line=\"true\">Tlen<\/li>\n<li data-zone-id=\"0\" data-line-index=\"0\" data-line=\"true\">Gaz ziemny<\/li>\n<li data-zone-id=\"0\" data-line-index=\"0\" data-line=\"true\">Steam<\/li>\n<\/ul>\n<\/div>\n<h5>Przemys\u0142 spo\u017cywczy i napoj\u00f3w<\/h5>\n<ul>\n<li>Oczyszczona i odsolona woda<\/li>\n<li>CO2<\/li>\n<li>Zu\u017cycie palnika<\/li>\n<li>Steam<\/li>\n<\/ul>\n<h5>Przemys\u0142 celulozowo-papierniczy<\/h5>\n<ul>\n<li>Spr\u0119\u017cone powietrze, para wodna itp.<\/li>\n<\/ul>\n<h5>Przemys\u0142 naftowy i gazowy<\/h5>\n<ul>\n<li>Produkty petrochemiczne (benzen, etylen, para wodna itp.)<\/li>\n<li>Gaz ziemny<\/li>\n<\/ul>\n<\/div>\n<\/div>\n<\/div>","protected":false},"excerpt":{"rendered":"<div class=\"short-description-head\">\n<div data-zone-id=\"0\" data-line-index=\"0\" data-line=\"true\">Przep\u0142ywomierz wirowy LUGBMT-100 nadaje si\u0119 do pomiaru pary, a tak\u017ce r\u00f3\u017cnych cieczy i gaz\u00f3w. Dostosuj preferowany przep\u0142ywomierz do swoich zastosowa\u0144 i bran\u017c, a tak\u017ce pami\u0119taj, \u017ce kolory i wygl\u0105d mog\u0105 by\u0107 spersonalizowane zgodnie z \u017cyczeniem.<\/div>\n<\/div>","protected":false},"featured_media":25453,"template":"","meta":[],"product_brand":[],"product_cat":[121,205,164,166,163],"product_tag":[],"class_list":{"0":"post-25462","1":"product","2":"type-product","3":"status-publish","4":"has-post-thumbnail","6":"product_cat-vortex-flow-meters","7":"product_cat-steam-flow-meters","8":"product_cat-air-flow-meters","9":"product_cat-liquid-flow-meters","10":"product_cat-water-flow-meters","12":"first","13":"instock","14":"shipping-taxable","15":"purchasable","16":"product-type-simple"},"_links":{"self":[{"href":"https:\/\/metlaninst.com\/pl\/wp-json\/wp\/v2\/product\/25462","targetHints":{"allow":["GET"]}}],"collection":[{"href":"https:\/\/metlaninst.com\/pl\/wp-json\/wp\/v2\/product"}],"about":[{"href":"https:\/\/metlaninst.com\/pl\/wp-json\/wp\/v2\/types\/product"}],"version-history":[{"count":1,"href":"https:\/\/metlaninst.com\/pl\/wp-json\/wp\/v2\/product\/25462\/revisions"}],"predecessor-version":[{"id":25465,"href":"https:\/\/metlaninst.com\/pl\/wp-json\/wp\/v2\/product\/25462\/revisions\/25465"}],"wp:featuredmedia":[{"embeddable":true,"href":"https:\/\/metlaninst.com\/pl\/wp-json\/wp\/v2\/media\/25453"}],"wp:attachment":[{"href":"https:\/\/metlaninst.com\/pl\/wp-json\/wp\/v2\/media?parent=25462"}],"wp:term":[{"taxonomy":"product_brand","embeddable":true,"href":"https:\/\/metlaninst.com\/pl\/wp-json\/wp\/v2\/product_brand?post=25462"},{"taxonomy":"product_cat","embeddable":true,"href":"https:\/\/metlaninst.com\/pl\/wp-json\/wp\/v2\/product_cat?post=25462"},{"taxonomy":"product_tag","embeddable":true,"href":"https:\/\/metlaninst.com\/pl\/wp-json\/wp\/v2\/product_tag?post=25462"}],"curies":[{"name":"wp","href":"https:\/\/api.w.org\/{rel}","templated":true}]}}