{"id":25474,"date":"2024-12-15T06:26:16","date_gmt":"2024-12-15T06:26:16","guid":{"rendered":"https:\/\/www.metlaninst.com\/?post_type=product&#038;p=25474"},"modified":"2025-02-02T03:51:40","modified_gmt":"2025-02-02T03:51:40","slug":"wysokocisnieniowy-przeplywomierz-turbinowy-do-cieczy-lwgymt-p","status":"publish","type":"product","link":"https:\/\/metlaninst.com\/pl\/p\/wysokocisnieniowy-przeplywomierz-turbinowy-do-cieczy-lwgymt-p\/","title":{"rendered":"Wysokoci\u015bnieniowy przep\u0142ywomierz turbinowy (LWGYMT-P)"},"content":{"rendered":"<div class=\"e-con-inner\">\n<div class=\"elementor-element e-con-full e-flex e-con e-child\">\n<div class=\"elementor-widget-container\">\n<h3 class=\"elementor-heading-title elementor-size-default\">Cechy:<\/h3>\n<\/div>\n<div class=\"elementor-widget-container\">\n<ol>\n<li data-zone-id=\"0\" data-line-index=\"0\" data-line=\"true\">Do zastosowa\u0144 wysokoci\u015bnieniowych do 250 bar (3625,95 psi)<\/li>\n<li data-zone-id=\"0\" data-line-index=\"1\" data-line=\"true\">Kolory i wygl\u0105d mo\u017cna dostosowa\u0107 zgodnie z \u017cyczeniem<b><\/b><\/li>\n<li data-zone-id=\"0\" data-line-index=\"2\" data-line=\"true\">Dost\u0119pne r\u00f3wnie\u017c w wersjach dostosowanych do potrzeb klienta<\/li>\n<li data-zone-id=\"0\" data-line-index=\"3\" data-line=\"true\">Dla wy\u015bwietlacza LCD dost\u0119pne s\u0105 j\u0119zyki angielski, hiszpa\u0144ski, francuski i inne na \u017cyczenie.<\/li>\n<li data-zone-id=\"0\" data-line-index=\"4\" data-line=\"true\">Ka\u017cdy przep\u0142ywomierz jest kalibrowany i przypisywany jest mu unikalny numer seryjny odpowiadaj\u0105cy wszystkim danym kalibracyjnym.<\/li>\n<\/ol>\n<\/div>\n<\/div>\n<div class=\"elementor-element e-con-full e-flex e-con e-child\">\n<div class=\"elementor-widget-container\">\n<h3 class=\"elementor-heading-title elementor-size-default\">Zastosowania:<\/h3>\n<\/div>\n<div class=\"elementor-widget-container\">\n<h5 class=\"first\">Og\u00f3lne<\/h5>\n<div>\n<ul>\n<li data-zone-id=\"0\" data-line-index=\"0\" data-line=\"true\">Pomiar przep\u0142ywu cieczy pod wysokim ci\u015bnieniem do PN250<\/li>\n<li data-zone-id=\"0\" data-line-index=\"0\" data-line=\"true\">Nadaje si\u0119 do pracy w temperaturach od -4\u00b0F do +248\u00b0F<\/li>\n<li data-zone-id=\"0\" data-line-index=\"0\" data-line=\"true\">Precyzyjny pomiar dla krytycznych zastosowa\u0144 kontroli przep\u0142ywu<\/li>\n<\/ul>\n<\/div>\n<h5>Przemys\u0142 naftowy i gazowy<\/h5>\n<div>\n<ul>\n<li data-zone-id=\"0\" data-line-index=\"0\" data-line=\"true\">Monitorowanie p\u0142yn\u00f3w pod wysokim ci\u015bnieniem podczas wiercenia i wydobycia z odwiertu<\/li>\n<li data-zone-id=\"0\" data-line-index=\"0\" data-line=\"true\">Pomiar wysokoci\u015bnieniowych p\u0142yn\u00f3w wtryskowych na polach naftowych<\/li>\n<\/ul>\n<\/div>\n<h5>Produkcja przemys\u0142owa<\/h5>\n<div>\n<ul>\n<li data-zone-id=\"0\" data-line-index=\"0\" data-line=\"true\">Kontrola przep\u0142ywu ch\u0142odziwa i smaru pod wysokim ci\u015bnieniem<\/li>\n<li data-zone-id=\"0\" data-line-index=\"0\" data-line=\"true\">Monitorowanie proces\u00f3w w \u015brodowiskach produkcyjnych nara\u017conych na wysokie obci\u0105\u017cenia<\/li>\n<\/ul>\n<\/div>\n<h5>Wytwarzanie energii<\/h5>\n<ul>\n<li>Monitorowanie wody i cieczy pod wysokim ci\u015bnieniem w elektrowniach<\/li>\n<\/ul>\n<\/div>\n<\/div>\n<\/div>","protected":false},"excerpt":{"rendered":"<div class=\"short-description-head\">\n<div data-zone-id=\"0\" data-line-index=\"0\" data-line=\"true\">Przep\u0142ywomierz turbinowy LWGYMT-P zosta\u0142 specjalnie zaprojektowany do bezpiecznej pracy w wymagaj\u0105cych aplikacjach wysokoci\u015bnieniowych do 250 bar (3625,95 psi). Przep\u0142ywomierz ten ma konstrukcj\u0119 ze stali nierdzewnej i przy\u0142\u0105cze ko\u0142nierzowe. W przypadku innych przy\u0142\u0105czy prosimy o kontakt.<\/div>\n<\/div>","protected":false},"featured_media":25541,"template":"","meta":[],"product_brand":[],"product_cat":[120,166],"product_tag":[],"class_list":{"0":"post-25474","1":"product","2":"type-product","3":"status-publish","4":"has-post-thumbnail","6":"product_cat-turbine-flow-meters","7":"product_cat-liquid-flow-meters","9":"first","10":"instock","11":"shipping-taxable","12":"purchasable","13":"product-type-simple"},"_links":{"self":[{"href":"https:\/\/metlaninst.com\/pl\/wp-json\/wp\/v2\/product\/25474","targetHints":{"allow":["GET"]}}],"collection":[{"href":"https:\/\/metlaninst.com\/pl\/wp-json\/wp\/v2\/product"}],"about":[{"href":"https:\/\/metlaninst.com\/pl\/wp-json\/wp\/v2\/types\/product"}],"version-history":[{"count":2,"href":"https:\/\/metlaninst.com\/pl\/wp-json\/wp\/v2\/product\/25474\/revisions"}],"predecessor-version":[{"id":25489,"href":"https:\/\/metlaninst.com\/pl\/wp-json\/wp\/v2\/product\/25474\/revisions\/25489"}],"wp:featuredmedia":[{"embeddable":true,"href":"https:\/\/metlaninst.com\/pl\/wp-json\/wp\/v2\/media\/25541"}],"wp:attachment":[{"href":"https:\/\/metlaninst.com\/pl\/wp-json\/wp\/v2\/media?parent=25474"}],"wp:term":[{"taxonomy":"product_brand","embeddable":true,"href":"https:\/\/metlaninst.com\/pl\/wp-json\/wp\/v2\/product_brand?post=25474"},{"taxonomy":"product_cat","embeddable":true,"href":"https:\/\/metlaninst.com\/pl\/wp-json\/wp\/v2\/product_cat?post=25474"},{"taxonomy":"product_tag","embeddable":true,"href":"https:\/\/metlaninst.com\/pl\/wp-json\/wp\/v2\/product_tag?post=25474"}],"curies":[{"name":"wp","href":"https:\/\/api.w.org\/{rel}","templated":true}]}}