{"id":25490,"date":"2024-12-15T06:38:39","date_gmt":"2024-12-15T06:38:39","guid":{"rendered":"https:\/\/www.metlaninst.com\/?post_type=product&#038;p=25490"},"modified":"2025-02-11T15:26:26","modified_gmt":"2025-02-11T15:26:26","slug":"turbinowy-przeplywomierz-cieczy-o-niskim-przeplywie-lwgymt-f","status":"publish","type":"product","link":"https:\/\/metlaninst.com\/pl\/p\/turbinowy-przeplywomierz-cieczy-o-niskim-przeplywie-lwgymt-f\/","title":{"rendered":"Przep\u0142ywomierz turbinowy do cieczy o niskim przep\u0142ywie (LWGYMT-F)"},"content":{"rendered":"<div class=\"e-con-inner\">\n<div class=\"elementor-element e-con-full e-flex e-con e-child\">\n<div class=\"elementor-widget-container\">\n<h3 class=\"elementor-heading-title elementor-size-default\">Cechy:<\/h3>\n<\/div>\n<div class=\"elementor-widget-container\">\n<ol>\n<li data-zone-id=\"0\" data-line-index=\"0\" data-line=\"true\">Specjalnie zaprojektowany do zastosowa\u0144 o niskim przep\u0142ywie<\/li>\n<li data-zone-id=\"0\" data-line-index=\"1\" data-line=\"true\">Kolory i wygl\u0105d mo\u017cna dostosowa\u0107 zgodnie z \u017cyczeniem<b><\/b><\/li>\n<li data-zone-id=\"0\" data-line-index=\"2\" data-line=\"true\">Dost\u0119pne r\u00f3wnie\u017c w wersjach dostosowanych do potrzeb klienta<\/li>\n<li data-zone-id=\"0\" data-line-index=\"3\" data-line=\"true\">Dla wy\u015bwietlacza LCD dost\u0119pne s\u0105 j\u0119zyki angielski, hiszpa\u0144ski, francuski i inne na \u017cyczenie.<\/li>\n<li data-zone-id=\"0\" data-line-index=\"4\" data-line=\"true\">Ka\u017cdy przep\u0142ywomierz jest kalibrowany i przypisywany jest mu unikalny numer seryjny odpowiadaj\u0105cy wszystkim danym kalibracyjnym.<\/li>\n<\/ol>\n<\/div>\n<\/div>\n<div class=\"elementor-element e-con-full e-flex e-con e-child\">\n<div class=\"elementor-widget-container\">\n<h3 class=\"elementor-heading-title elementor-size-default\">Zastosowania:<\/h3>\n<\/div>\n<div class=\"elementor-widget-container\">\n<h5 class=\"first\">Og\u00f3lne<\/h5>\n<div>\n<ul>\n<li data-zone-id=\"0\" data-line-index=\"0\" data-line=\"true\">Pomiar p\u0142yn\u00f3w o niskiej lepko\u015bci z precyzyjn\u0105 powtarzalno\u015bci\u0105<\/li>\n<li data-zone-id=\"0\" data-line-index=\"0\" data-line=\"true\">Nadaje si\u0119 do niskich nat\u0119\u017ce\u0144 przep\u0142ywu w warunkach wysokiego ci\u015bnienia<\/li>\n<\/ul>\n<\/div>\n<h5>Przemys\u0142 naftowy i gazowy<\/h5>\n<div>\n<ul>\n<li data-zone-id=\"0\" data-line-index=\"0\" data-line=\"true\">Monitorowanie wtrysku chemikali\u00f3w o niskim przep\u0142ywie<\/li>\n<li data-zone-id=\"0\" data-line-index=\"0\" data-line=\"true\">Pomiar p\u0142yn\u00f3w smaruj\u0105cych w systemach wiertniczych<\/li>\n<\/ul>\n<\/div>\n<h5>Produkcja przemys\u0142owa<\/h5>\n<div>\n<ul>\n<li data-zone-id=\"0\" data-line-index=\"0\" data-line=\"true\">Kontrola p\u0142yn\u00f3w ch\u0142odz\u0105cych i smaruj\u0105cych w maszynach<\/li>\n<li data-zone-id=\"0\" data-line-index=\"0\" data-line=\"true\">Monitorowanie procesu przesy\u0142ania niewielkich ilo\u015bci p\u0142yn\u00f3w<\/li>\n<\/ul>\n<\/div>\n<h5>Wytwarzanie energii<\/h5>\n<ul>\n<li>Precyzyjny pomiar uk\u0142ad\u00f3w hydraulicznych o niskim przep\u0142ywie<\/li>\n<\/ul>\n<\/div>\n<\/div>\n<\/div>","protected":false},"excerpt":{"rendered":"<div class=\"short-description-head\">\n<div data-zone-id=\"0\" data-line-index=\"0\" data-line=\"true\">LWGYMT-F to przep\u0142ywomierz turbinowy oferuj\u0105cy mo\u017cliwo\u015b\u0107 pomiaru od 0,04 m\u00b3\/h, kt\u00f3ry zosta\u0142 zaprojektowany do pracy z czystymi cieczami o niskiej lepko\u015bci. Mo\u017ce obs\u0142ugiwa\u0107 ci\u015bnienia robocze do 160 bar (2320,6 psi) i zapewnia powtarzalno\u015b\u0107 \u00b10,25 % w okre\u015blonym zakresie przep\u0142ywu.<\/div>\n<\/div>","protected":false},"featured_media":25482,"template":"","meta":[],"product_brand":[],"product_cat":[120,166],"product_tag":[],"class_list":{"0":"post-25490","1":"product","2":"type-product","3":"status-publish","4":"has-post-thumbnail","6":"product_cat-turbine-flow-meters","7":"product_cat-liquid-flow-meters","9":"first","10":"instock","11":"shipping-taxable","12":"purchasable","13":"product-type-simple"},"_links":{"self":[{"href":"https:\/\/metlaninst.com\/pl\/wp-json\/wp\/v2\/product\/25490","targetHints":{"allow":["GET"]}}],"collection":[{"href":"https:\/\/metlaninst.com\/pl\/wp-json\/wp\/v2\/product"}],"about":[{"href":"https:\/\/metlaninst.com\/pl\/wp-json\/wp\/v2\/types\/product"}],"version-history":[{"count":1,"href":"https:\/\/metlaninst.com\/pl\/wp-json\/wp\/v2\/product\/25490\/revisions"}],"predecessor-version":[{"id":25493,"href":"https:\/\/metlaninst.com\/pl\/wp-json\/wp\/v2\/product\/25490\/revisions\/25493"}],"wp:featuredmedia":[{"embeddable":true,"href":"https:\/\/metlaninst.com\/pl\/wp-json\/wp\/v2\/media\/25482"}],"wp:attachment":[{"href":"https:\/\/metlaninst.com\/pl\/wp-json\/wp\/v2\/media?parent=25490"}],"wp:term":[{"taxonomy":"product_brand","embeddable":true,"href":"https:\/\/metlaninst.com\/pl\/wp-json\/wp\/v2\/product_brand?post=25490"},{"taxonomy":"product_cat","embeddable":true,"href":"https:\/\/metlaninst.com\/pl\/wp-json\/wp\/v2\/product_cat?post=25490"},{"taxonomy":"product_tag","embeddable":true,"href":"https:\/\/metlaninst.com\/pl\/wp-json\/wp\/v2\/product_tag?post=25490"}],"curies":[{"name":"wp","href":"https:\/\/api.w.org\/{rel}","templated":true}]}}