{"id":25494,"date":"2024-12-15T08:30:23","date_gmt":"2024-12-15T08:30:23","guid":{"rendered":"https:\/\/www.metlaninst.com\/?post_type=product&#038;p=25494"},"modified":"2025-03-15T08:03:52","modified_gmt":"2025-03-15T08:03:52","slug":"turbinowy-przeplywomierz-cieczy-o-wysokiej-dokladnosci-lwgymt-a","status":"publish","type":"product","link":"https:\/\/metlaninst.com\/pl\/p\/turbinowy-przeplywomierz-cieczy-o-wysokiej-dokladnosci-lwgymt-a\/","title":{"rendered":"Turbinowy przep\u0142ywomierz cieczy o wysokiej dok\u0142adno\u015bci (LWGYMT-AJWL)"},"content":{"rendered":"<div class=\"e-con-inner\">\n<div class=\"elementor-element e-con-full e-flex e-con e-child\">\n<div class=\"elementor-widget-container\">\n<h3 class=\"elementor-heading-title elementor-size-default\">Cechy:<\/h3>\n<\/div>\n<div class=\"elementor-widget-container\">\n<ol>\n<li data-zone-id=\"0\" data-line-index=\"0\" data-line=\"true\">Wysoka dok\u0142adno\u015b\u0107 do \u00b10,2 %, z dobr\u0105 powtarzalno\u015bci\u0105.<\/li>\n<li data-zone-id=\"0\" data-line-index=\"0\" data-line=\"true\">Wsp\u00f3\u0142czynnik obrotu 1:20.<\/li>\n<li data-zone-id=\"0\" data-line-index=\"0\" data-line=\"true\">Zajmuj\u0105ca niewiele miejsca konstrukcja z minimalnym rozmiarem otworu DN0,5.<\/li>\n<li data-zone-id=\"0\" data-line-index=\"1\" data-line=\"true\">Kolory i wygl\u0105d mo\u017cna dostosowa\u0107 zgodnie z \u017cyczeniem<b><\/b><\/li>\n<li data-zone-id=\"0\" data-line-index=\"2\" data-line=\"true\">Dost\u0119pne r\u00f3wnie\u017c w wersjach dostosowanych do potrzeb klienta<\/li>\n<li data-zone-id=\"0\" data-line-index=\"3\" data-line=\"true\">Dla wy\u015bwietlacza LCD dost\u0119pne s\u0105 j\u0119zyki angielski, hiszpa\u0144ski, francuski i inne na \u017cyczenie.<\/li>\n<li data-zone-id=\"0\" data-line-index=\"4\" data-line=\"true\">Ka\u017cdy przep\u0142ywomierz jest kalibrowany i przypisywany jest mu unikalny numer seryjny odpowiadaj\u0105cy wszystkim danym kalibracyjnym.<\/li>\n<\/ol>\n<\/div>\n<\/div>\n<div class=\"elementor-element e-con-full e-flex e-con e-child\">\n<div class=\"elementor-widget-container\">\n<h3 class=\"elementor-heading-title elementor-size-default\">Zastosowania:<\/h3>\n<\/div>\n<div class=\"elementor-widget-container\">\n<h5 class=\"first\">Og\u00f3lne<\/h5>\n<div>\n<ul>\n<li data-zone-id=\"0\" data-line-index=\"0\" data-line=\"true\">Pomiar p\u0142yn\u00f3w o niskiej lepko\u015bci z wysok\u0105 dok\u0142adno\u015bci\u0105<\/li>\n<li data-zone-id=\"0\" data-line-index=\"0\" data-line=\"true\">Odpowiedni do system\u00f3w wysokoci\u015bnieniowych do 160 bar (2320,6 psi)<\/li>\n<\/ul>\n<\/div>\n<h5>Przemys\u0142 naftowy i gazowy<\/h5>\n<div>\n<ul>\n<li data-zone-id=\"0\" data-line-index=\"0\" data-line=\"true\">Aplikacje transferu w przemy\u015ble naftowym i gazowym, zapewniaj\u0105ce dok\u0142adny pomiar przep\u0142ywu w warunkach wysokiego ci\u015bnienia<\/li>\n<\/ul>\n<\/div>\n<h5>Produkcja przemys\u0142owa<\/h5>\n<div>\n<ul>\n<li data-zone-id=\"0\" data-line-index=\"0\" data-line=\"true\">Precyzyjne monitorowanie ch\u0142odzenia, p\u0142yn\u00f3w procesowych i smar\u00f3w<\/li>\n<li data-zone-id=\"0\" data-line-index=\"0\" data-line=\"true\">Lotnictwo i kosmonautyka<\/li>\n<li data-zone-id=\"0\" data-line-index=\"0\" data-line=\"true\">U\u017cywany w zastosowaniach lotniczych wymagaj\u0105cych wysokiej precyzji pomiaru przep\u0142ywu<\/li>\n<\/ul>\n<\/div>\n<\/div>\n<\/div>\n<\/div>","protected":false},"excerpt":{"rendered":"<div class=\"short-description-head\">\n<div data-zone-id=\"0\" data-line-index=\"0\" data-line=\"true\">Przep\u0142ywomierz turbinowy LWGYMT-A jest zbudowany z niezwykle w\u0105skimi tolerancjami, kt\u00f3re s\u0105 osi\u0105galne dzi\u0119ki naszym precyzyjnym procesom produkcyjnym, rygorystycznej kontroli jako\u015bci i wewn\u0119trznym mo\u017cliwo\u015bciom kalibracji, co zapewnia dok\u0142adno\u015b\u0107 \u00b10,2 % i powtarzalno\u015b\u0107 \u00b10,1 % dla czystych p\u0142yn\u00f3w o niskiej lepko\u015bci.<\/div>\n<\/div>","protected":false},"featured_media":26615,"template":"","meta":[],"product_brand":[],"product_cat":[120,166],"product_tag":[],"class_list":{"0":"post-25494","1":"product","2":"type-product","3":"status-publish","4":"has-post-thumbnail","6":"product_cat-turbine-flow-meters","7":"product_cat-liquid-flow-meters","9":"first","10":"instock","11":"shipping-taxable","12":"purchasable","13":"product-type-simple"},"_links":{"self":[{"href":"https:\/\/metlaninst.com\/pl\/wp-json\/wp\/v2\/product\/25494","targetHints":{"allow":["GET"]}}],"collection":[{"href":"https:\/\/metlaninst.com\/pl\/wp-json\/wp\/v2\/product"}],"about":[{"href":"https:\/\/metlaninst.com\/pl\/wp-json\/wp\/v2\/types\/product"}],"version-history":[{"count":4,"href":"https:\/\/metlaninst.com\/pl\/wp-json\/wp\/v2\/product\/25494\/revisions"}],"predecessor-version":[{"id":26620,"href":"https:\/\/metlaninst.com\/pl\/wp-json\/wp\/v2\/product\/25494\/revisions\/26620"}],"wp:featuredmedia":[{"embeddable":true,"href":"https:\/\/metlaninst.com\/pl\/wp-json\/wp\/v2\/media\/26615"}],"wp:attachment":[{"href":"https:\/\/metlaninst.com\/pl\/wp-json\/wp\/v2\/media?parent=25494"}],"wp:term":[{"taxonomy":"product_brand","embeddable":true,"href":"https:\/\/metlaninst.com\/pl\/wp-json\/wp\/v2\/product_brand?post=25494"},{"taxonomy":"product_cat","embeddable":true,"href":"https:\/\/metlaninst.com\/pl\/wp-json\/wp\/v2\/product_cat?post=25494"},{"taxonomy":"product_tag","embeddable":true,"href":"https:\/\/metlaninst.com\/pl\/wp-json\/wp\/v2\/product_tag?post=25494"}],"curies":[{"name":"wp","href":"https:\/\/api.w.org\/{rel}","templated":true}]}}