{"id":25498,"date":"2024-12-15T07:11:58","date_gmt":"2024-12-15T07:11:58","guid":{"rendered":"https:\/\/www.metlaninst.com\/?post_type=product&#038;p=25498"},"modified":"2025-02-02T03:50:15","modified_gmt":"2025-02-02T03:50:15","slug":"turbinowy-przeplywomierz-cieczy-lwgymt-100","status":"publish","type":"product","link":"https:\/\/metlaninst.com\/pl\/p\/turbinowy-przeplywomierz-cieczy-lwgymt-100\/","title":{"rendered":"Przep\u0142ywomierz turbinowy do cieczy (LWGYMT-100)"},"content":{"rendered":"<div class=\"e-con-inner\">\n<div class=\"elementor-element e-con-full e-flex e-con e-child\">\n<div class=\"elementor-widget-container\">\n<h3 class=\"elementor-heading-title elementor-size-default\">Cechy:<\/h3>\n<\/div>\n<div class=\"elementor-widget-container\">\n<ol>\n<li data-zone-id=\"0\" data-line-index=\"0\" data-line=\"true\">Specjalnie zaprojektowany do zastosowa\u0144 z cieczami<\/li>\n<li data-zone-id=\"0\" data-line-index=\"1\" data-line=\"true\">Kolory i wygl\u0105d mo\u017cna dostosowa\u0107 zgodnie z \u017cyczeniem<b><\/b><\/li>\n<li data-zone-id=\"0\" data-line-index=\"2\" data-line=\"true\">Dost\u0119pne r\u00f3wnie\u017c w wersjach dostosowanych do potrzeb klienta<\/li>\n<li data-zone-id=\"0\" data-line-index=\"3\" data-line=\"true\">Dla wy\u015bwietlacza LCD dost\u0119pne s\u0105 j\u0119zyki angielski, hiszpa\u0144ski, francuski i inne na \u017cyczenie.<\/li>\n<li data-zone-id=\"0\" data-line-index=\"4\" data-line=\"true\">Ka\u017cdy przep\u0142ywomierz jest kalibrowany i przypisywany jest mu unikalny numer seryjny odpowiadaj\u0105cy wszystkim danym kalibracyjnym.<\/li>\n<\/ol>\n<\/div>\n<\/div>\n<div class=\"elementor-element e-con-full e-flex e-con e-child\">\n<div class=\"elementor-widget-container\">\n<h3 class=\"elementor-heading-title elementor-size-default\">Zastosowania:<\/h3>\n<\/div>\n<div class=\"elementor-widget-container\">\n<h5>Przemys\u0142 naftowy i gazowy<\/h5>\n<div>\n<ul>\n<li data-zone-id=\"0\" data-line-index=\"0\" data-line=\"true\">Monitorowanie transferu ciek\u0142ych w\u0119glowodor\u00f3w<\/li>\n<li data-zone-id=\"0\" data-line-index=\"0\" data-line=\"true\">Pomiary w systemach ruroci\u0105g\u00f3w wysokoci\u015bnieniowych<\/li>\n<\/ul>\n<\/div>\n<h5>Produkcja przemys\u0142owa<\/h5>\n<div>\n<ul>\n<li data-zone-id=\"0\" data-line-index=\"0\" data-line=\"true\">Kontrola i monitorowanie p\u0142yn\u00f3w procesowych, w tym ch\u0142odziw i smar\u00f3w<\/li>\n<\/ul>\n<h5>Wytwarzanie energii<\/h5>\n<div>\n<ul>\n<li data-zone-id=\"0\" data-line-index=\"0\" data-line=\"true\">Pomiar r\u00f3\u017cnych p\u0142yn\u00f3w w elektrowniach pod k\u0105tem wydajno\u015bci systemu<\/li>\n<\/ul>\n<\/div>\n<\/div>\n<\/div>\n<\/div>\n<\/div>","protected":false},"excerpt":{"rendered":"<div class=\"short-description-head\">\n<div data-zone-id=\"0\" data-line-index=\"0\" data-line=\"true\">LWGYMT-100 to wysoce wszechstronna linia produkt\u00f3w, kt\u00f3ra oferuje wszystkie precyzyjnie obrobione komponenty ze stali nierdzewnej z wirnikami ze stali nierdzewnej. Zosta\u0142a ona zaprojektowana specjalnie do zastosowa\u0144 z cieczami i mo\u017ce by\u0107 skonfigurowana z r\u00f3\u017cnymi przy\u0142\u0105czami procesowymi, w tym gwintowanymi i ko\u0142nierzowymi.<\/div>\n<\/div>","protected":false},"featured_media":25480,"template":"","meta":[],"product_brand":[],"product_cat":[120,166,165,163],"product_tag":[],"class_list":{"0":"post-25498","1":"product","2":"type-product","3":"status-publish","4":"has-post-thumbnail","6":"product_cat-turbine-flow-meters","7":"product_cat-liquid-flow-meters","8":"product_cat-oil-flow-meters","9":"product_cat-water-flow-meters","11":"first","12":"instock","13":"shipping-taxable","14":"purchasable","15":"product-type-simple"},"_links":{"self":[{"href":"https:\/\/metlaninst.com\/pl\/wp-json\/wp\/v2\/product\/25498","targetHints":{"allow":["GET"]}}],"collection":[{"href":"https:\/\/metlaninst.com\/pl\/wp-json\/wp\/v2\/product"}],"about":[{"href":"https:\/\/metlaninst.com\/pl\/wp-json\/wp\/v2\/types\/product"}],"version-history":[{"count":1,"href":"https:\/\/metlaninst.com\/pl\/wp-json\/wp\/v2\/product\/25498\/revisions"}],"predecessor-version":[{"id":25501,"href":"https:\/\/metlaninst.com\/pl\/wp-json\/wp\/v2\/product\/25498\/revisions\/25501"}],"wp:featuredmedia":[{"embeddable":true,"href":"https:\/\/metlaninst.com\/pl\/wp-json\/wp\/v2\/media\/25480"}],"wp:attachment":[{"href":"https:\/\/metlaninst.com\/pl\/wp-json\/wp\/v2\/media?parent=25498"}],"wp:term":[{"taxonomy":"product_brand","embeddable":true,"href":"https:\/\/metlaninst.com\/pl\/wp-json\/wp\/v2\/product_brand?post=25498"},{"taxonomy":"product_cat","embeddable":true,"href":"https:\/\/metlaninst.com\/pl\/wp-json\/wp\/v2\/product_cat?post=25498"},{"taxonomy":"product_tag","embeddable":true,"href":"https:\/\/metlaninst.com\/pl\/wp-json\/wp\/v2\/product_tag?post=25498"}],"curies":[{"name":"wp","href":"https:\/\/api.w.org\/{rel}","templated":true}]}}