{"id":25502,"date":"2024-12-15T07:16:41","date_gmt":"2024-12-15T07:16:41","guid":{"rendered":"https:\/\/www.metlaninst.com\/?post_type=product&#038;p=25502"},"modified":"2025-02-02T03:49:53","modified_gmt":"2025-02-02T03:49:53","slug":"przeplywomierz-do-turbin-gazowych-lwgymt-g","status":"publish","type":"product","link":"https:\/\/metlaninst.com\/pl\/p\/przeplywomierz-do-turbin-gazowych-lwgymt-g\/","title":{"rendered":"Przep\u0142ywomierze do turbin gazowych\\ (LWGYMT-G)"},"content":{"rendered":"<div class=\"e-con-inner\">\n<div class=\"elementor-element e-con-full e-flex e-con e-child\">\n<div class=\"elementor-widget-container\">\n<h3 class=\"elementor-heading-title elementor-size-default\">Cechy:<\/h3>\n<\/div>\n<div class=\"elementor-widget-container\">\n<ol>\n<li data-zone-id=\"0\" data-line-index=\"0\" data-line=\"true\">Specjalnie zaprojektowany do zastosowa\u0144 gazowych<\/li>\n<li data-zone-id=\"0\" data-line-index=\"1\" data-line=\"true\">Kolory i wygl\u0105d mo\u017cna dostosowa\u0107 zgodnie z \u017cyczeniem<b><\/b><\/li>\n<li data-zone-id=\"0\" data-line-index=\"2\" data-line=\"true\">Dost\u0119pne r\u00f3wnie\u017c w wersjach dostosowanych do potrzeb klienta<\/li>\n<li data-zone-id=\"0\" data-line-index=\"3\" data-line=\"true\">Dla wy\u015bwietlacza LCD dost\u0119pne s\u0105 j\u0119zyki angielski, hiszpa\u0144ski, francuski i inne na \u017cyczenie.<\/li>\n<li data-zone-id=\"0\" data-line-index=\"4\" data-line=\"true\">Ka\u017cdy przep\u0142ywomierz jest kalibrowany i przypisywany jest mu unikalny numer seryjny odpowiadaj\u0105cy wszystkim danym kalibracyjnym.<\/li>\n<\/ol>\n<\/div>\n<\/div>\n<div class=\"elementor-element e-con-full e-flex e-con e-child\">\n<div class=\"elementor-widget-container\">\n<h3 class=\"elementor-heading-title elementor-size-default\">Zastosowania:<\/h3>\n<\/div>\n<div class=\"elementor-widget-container\">\n<h5>Og\u00f3lne<\/h5>\n<div>\n<ul>\n<li data-zone-id=\"0\" data-line-index=\"0\" data-line=\"true\">Dok\u0142adny pomiar przep\u0142ywu gazu w r\u00f3\u017cnych warunkach przemys\u0142owych<\/li>\n<\/ul>\n<\/div>\n<h5>Przemys\u0142 naftowy i gazowy<\/h5>\n<div>\n<ul>\n<li data-zone-id=\"0\" data-line-index=\"0\" data-line=\"true\">Monitorowanie ruroci\u0105g\u00f3w gazu ziemnego<\/li>\n<li data-zone-id=\"0\" data-line-index=\"0\" data-line=\"true\">Dok\u0142adne pomiary w systemach wtrysku i przetwarzania gazu<\/li>\n<\/ul>\n<\/div>\n<h5>Produkcja przemys\u0142owa<\/h5>\n<div>\n<ul>\n<li data-zone-id=\"0\" data-line-index=\"0\" data-line=\"true\">Pomiar gaz\u00f3w w przetw\u00f3rstwie przemys\u0142owym i zastosowaniach chemicznych<\/li>\n<\/ul>\n<h5>Wytwarzanie energii<\/h5>\n<div>\n<ul>\n<li data-zone-id=\"0\" data-line-index=\"0\" data-line=\"true\">Monitorowanie przep\u0142ywu gazu pod k\u0105tem wydajno\u015bci w elektrowniach<\/li>\n<\/ul>\n<\/div>\n<\/div>\n<\/div>\n<\/div>\n<\/div>","protected":false},"excerpt":{"rendered":"<div class=\"short-description-head\">\n<div data-zone-id=\"0\" data-line-index=\"0\" data-line=\"true\">LWGYMT-G to przep\u0142ywomierz turbinowy do pomiaru gazu zaprojektowany tak, aby sprosta\u0107 trudnym warunkom i dostarcza\u0107 dok\u0142adne wyniki przez d\u0142ugi okres u\u017cytkowania, oferuj\u0105c szeroki zakres przep\u0142ywu i zastosowa\u0144.<\/div>\n<\/div>","protected":false},"featured_media":25487,"template":"","meta":[],"product_brand":[],"product_cat":[120,208,164],"product_tag":[],"class_list":{"0":"post-25502","1":"product","2":"type-product","3":"status-publish","4":"has-post-thumbnail","6":"product_cat-turbine-flow-meters","7":"product_cat-gas-flow-meters","8":"product_cat-air-flow-meters","10":"first","11":"instock","12":"shipping-taxable","13":"purchasable","14":"product-type-simple"},"_links":{"self":[{"href":"https:\/\/metlaninst.com\/pl\/wp-json\/wp\/v2\/product\/25502","targetHints":{"allow":["GET"]}}],"collection":[{"href":"https:\/\/metlaninst.com\/pl\/wp-json\/wp\/v2\/product"}],"about":[{"href":"https:\/\/metlaninst.com\/pl\/wp-json\/wp\/v2\/types\/product"}],"version-history":[{"count":1,"href":"https:\/\/metlaninst.com\/pl\/wp-json\/wp\/v2\/product\/25502\/revisions"}],"predecessor-version":[{"id":25507,"href":"https:\/\/metlaninst.com\/pl\/wp-json\/wp\/v2\/product\/25502\/revisions\/25507"}],"wp:featuredmedia":[{"embeddable":true,"href":"https:\/\/metlaninst.com\/pl\/wp-json\/wp\/v2\/media\/25487"}],"wp:attachment":[{"href":"https:\/\/metlaninst.com\/pl\/wp-json\/wp\/v2\/media?parent=25502"}],"wp:term":[{"taxonomy":"product_brand","embeddable":true,"href":"https:\/\/metlaninst.com\/pl\/wp-json\/wp\/v2\/product_brand?post=25502"},{"taxonomy":"product_cat","embeddable":true,"href":"https:\/\/metlaninst.com\/pl\/wp-json\/wp\/v2\/product_cat?post=25502"},{"taxonomy":"product_tag","embeddable":true,"href":"https:\/\/metlaninst.com\/pl\/wp-json\/wp\/v2\/product_tag?post=25502"}],"curies":[{"name":"wp","href":"https:\/\/api.w.org\/{rel}","templated":true}]}}