{"id":25512,"date":"2024-09-15T13:05:03","date_gmt":"2024-09-15T13:05:03","guid":{"rendered":"https:\/\/www.metlaninst.com\/?post_type=product&#038;p=25512"},"modified":"2025-02-08T04:46:23","modified_gmt":"2025-02-08T04:46:23","slug":"v-stozkowy-przeplywomierz-o-roznym-cisnieniu-mtkb-v","status":"publish","type":"product","link":"https:\/\/metlaninst.com\/pl\/p\/v-stozkowy-przeplywomierz-o-roznym-cisnieniu-mtkb-v\/","title":{"rendered":"Przep\u0142ywomierz r\u00f3\u017cnoci\u015bnieniowy sto\u017ckowy V (MTKB-V)"},"content":{"rendered":"<div class=\"e-con-inner\">\n<div class=\"elementor-element e-con-full e-flex e-con e-child\">\n<div class=\"elementor-widget-container\">\n<h3 class=\"elementor-heading-title elementor-size-default\">Cechy:<\/h3>\n<\/div>\n<div class=\"elementor-widget-container\">\n<ol>\n<li data-zone-id=\"0\" data-line-index=\"1\" data-line=\"true\">Kolory i wygl\u0105d mo\u017cna dostosowa\u0107 zgodnie z \u017cyczeniem<b><\/b><\/li>\n<li data-zone-id=\"0\" data-line-index=\"2\" data-line=\"true\">Dost\u0119pne r\u00f3wnie\u017c w wersjach dostosowanych do potrzeb klienta<\/li>\n<li data-zone-id=\"0\" data-line-index=\"3\" data-line=\"true\">Dla wy\u015bwietlacza LCD dost\u0119pne s\u0105 j\u0119zyki angielski, hiszpa\u0144ski, francuski i inne na \u017cyczenie.<\/li>\n<li data-zone-id=\"0\" data-line-index=\"4\" data-line=\"true\">Ka\u017cdy przep\u0142ywomierz jest kalibrowany i przypisywany jest mu unikalny numer seryjny odpowiadaj\u0105cy wszystkim danym kalibracyjnym.<\/li>\n<\/ol>\n<\/div>\n<\/div>\n<div class=\"elementor-element e-con-full e-flex e-con e-child\">\n<div class=\"elementor-widget-container\">\n<h3 class=\"elementor-heading-title elementor-size-default\">Zastosowania:<\/h3>\n<\/div>\n<div class=\"elementor-widget-container\">\n<h5>Og\u00f3lne<\/h5>\n<div>\n<ul>\n<li data-zone-id=\"0\" data-line-index=\"0\" data-line=\"true\">Pomiar przep\u0142ywu przewodz\u0105cych i nieprzewodz\u0105cych cieczy, gaz\u00f3w i pary w zastosowaniach z ograniczonymi wlotami\/wylotami<\/li>\n<li data-zone-id=\"0\" data-line-index=\"0\" data-line=\"true\">Aplikacje z zaburzonymi profilami przep\u0142ywu<\/li>\n<\/ul>\n<\/div>\n<h5>Przemys\u0142 naftowy i gazowy<\/h5>\n<div>\n<ul>\n<li data-zone-id=\"0\" data-line-index=\"0\" data-line=\"true\">Offshore i FPSO: Separatory, podnoszenie gazu, wtrysk wody, wtrysk chemikali\u00f3w, opary w\u0119glowodor\u00f3w<\/li>\n<li data-zone-id=\"0\" data-line-index=\"0\" data-line=\"true\">LNG: Pomiar gazu w instalacjach skraplania i regazyfikacji<\/li>\n<li data-zone-id=\"0\" data-line-index=\"0\" data-line=\"true\">Wtrysk CO2, wtrysk wody, gazy w\u0119glowodorowe, g\u0142owica produkcyjna, gaz mokry<\/li>\n<\/ul>\n<\/div>\n<h5>Wytwarzanie energii, us\u0142ugi u\u017cyteczno\u015bci publicznej<\/h5>\n<div>\n<ul>\n<li data-zone-id=\"0\" data-line-index=\"0\" data-line=\"true\">Pomiar pary w przestrzeniach zamkni\u0119tych<\/li>\n<\/ul>\n<div><\/div>\n<\/div>\n<\/div>\n<\/div>\n<\/div>","protected":false},"excerpt":{"rendered":"<div class=\"short-description-head\">\n<div data-zone-id=\"0\" data-line-index=\"0\" data-line=\"true\">Przep\u0142ywomierz sto\u017ckowy MTKB-V jest przep\u0142ywomierzem r\u00f3\u017cnicowym (DP) zaprojektowanym specjalnie do zastosowa\u0144 wymagaj\u0105cych wysokiej dok\u0142adno\u015bci i zaburzonych profili przep\u0142ywu w ograniczonych przestrzeniach monta\u017cowych.<\/div>\n<\/div>","protected":false},"featured_media":25515,"template":"","meta":[],"product_brand":[],"product_cat":[122,208,205,164,166],"product_tag":[],"class_list":{"0":"post-25512","1":"product","2":"type-product","3":"status-publish","4":"has-post-thumbnail","6":"product_cat-differential-pressure-flow-meters","7":"product_cat-gas-flow-meters","8":"product_cat-steam-flow-meters","9":"product_cat-air-flow-meters","10":"product_cat-liquid-flow-meters","12":"first","13":"instock","14":"shipping-taxable","15":"purchasable","16":"product-type-variable"},"_links":{"self":[{"href":"https:\/\/metlaninst.com\/pl\/wp-json\/wp\/v2\/product\/25512","targetHints":{"allow":["GET"]}}],"collection":[{"href":"https:\/\/metlaninst.com\/pl\/wp-json\/wp\/v2\/product"}],"about":[{"href":"https:\/\/metlaninst.com\/pl\/wp-json\/wp\/v2\/types\/product"}],"version-history":[{"count":2,"href":"https:\/\/metlaninst.com\/pl\/wp-json\/wp\/v2\/product\/25512\/revisions"}],"predecessor-version":[{"id":25517,"href":"https:\/\/metlaninst.com\/pl\/wp-json\/wp\/v2\/product\/25512\/revisions\/25517"}],"wp:featuredmedia":[{"embeddable":true,"href":"https:\/\/metlaninst.com\/pl\/wp-json\/wp\/v2\/media\/25515"}],"wp:attachment":[{"href":"https:\/\/metlaninst.com\/pl\/wp-json\/wp\/v2\/media?parent=25512"}],"wp:term":[{"taxonomy":"product_brand","embeddable":true,"href":"https:\/\/metlaninst.com\/pl\/wp-json\/wp\/v2\/product_brand?post=25512"},{"taxonomy":"product_cat","embeddable":true,"href":"https:\/\/metlaninst.com\/pl\/wp-json\/wp\/v2\/product_cat?post=25512"},{"taxonomy":"product_tag","embeddable":true,"href":"https:\/\/metlaninst.com\/pl\/wp-json\/wp\/v2\/product_tag?post=25512"}],"curies":[{"name":"wp","href":"https:\/\/api.w.org\/{rel}","templated":true}]}}