{"id":25518,"date":"2024-09-15T13:21:21","date_gmt":"2024-09-15T13:21:21","guid":{"rendered":"https:\/\/www.metlaninst.com\/?post_type=product&#038;p=25518"},"modified":"2025-02-08T04:46:11","modified_gmt":"2025-02-08T04:46:11","slug":"przeplywomierz-plytkowy-mtkb-o","status":"publish","type":"product","link":"https:\/\/metlaninst.com\/pl\/p\/przeplywomierz-plytkowy-mtkb-o\/","title":{"rendered":"Przep\u0142ywomierz p\u0142ytkowy (MTKB-O)"},"content":{"rendered":"<div class=\"e-con-inner\">\n<div class=\"elementor-element e-con-full e-flex e-con e-child\">\n<div class=\"elementor-widget-container\">\n<h3 class=\"elementor-heading-title elementor-size-default\">Cechy:<\/h3>\n<\/div>\n<div class=\"elementor-widget-container\">\n<ol>\n<li data-zone-id=\"0\" data-line-index=\"1\" data-line=\"true\">Kolory i wygl\u0105d mo\u017cna dostosowa\u0107 zgodnie z \u017cyczeniem<b><\/b><\/li>\n<li data-zone-id=\"0\" data-line-index=\"2\" data-line=\"true\">Dost\u0119pne r\u00f3wnie\u017c w wersjach dostosowanych do potrzeb klienta<\/li>\n<li data-zone-id=\"0\" data-line-index=\"3\" data-line=\"true\">Dla wy\u015bwietlacza LCD dost\u0119pne s\u0105 j\u0119zyki angielski, hiszpa\u0144ski, francuski i inne na \u017cyczenie.<\/li>\n<li data-zone-id=\"0\" data-line-index=\"4\" data-line=\"true\">Ka\u017cdy przep\u0142ywomierz jest kalibrowany i przypisywany jest mu unikalny numer seryjny odpowiadaj\u0105cy wszystkim danym kalibracyjnym.<\/li>\n<\/ol>\n<\/div>\n<\/div>\n<div class=\"elementor-element e-con-full e-flex e-con e-child\">\n<div class=\"elementor-widget-container\">\n<h3 class=\"elementor-heading-title elementor-size-default\">Zastosowania:<\/h3>\n<\/div>\n<div class=\"elementor-widget-container\">\n<h5>Og\u00f3lne<\/h5>\n<div>\n<ul>\n<li data-zone-id=\"0\" data-line-index=\"0\" data-line=\"true\">Aplikacje przep\u0142ywowe og\u00f3lnego przeznaczenia z przewodz\u0105cymi i nieprzewodz\u0105cymi cieczami, gazami i par\u0105 wodn\u0105<\/li>\n<li data-zone-id=\"0\" data-line-index=\"0\" data-line=\"true\">Przep\u0142ywy procesowe w przemy\u015ble chemicznym, petrochemicznym i innych bran\u017cach przetw\u00f3rczych<\/li>\n<li data-zone-id=\"0\" data-line-index=\"0\" data-line=\"true\">Pomiar przep\u0142ywu produkt\u00f3w rafinowanych<\/li>\n<li data-zone-id=\"0\" data-line-index=\"0\" data-line=\"true\">Produkcja ropy naftowej i gazu ziemnego, winda gazowa, wyprodukowana woda<\/li>\n<li data-zone-id=\"0\" data-line-index=\"0\" data-line=\"true\">Zak\u0142ady przetwarzania gazu<\/li>\n<li data-zone-id=\"0\" data-line-index=\"0\" data-line=\"true\">Oczyszczanie wody i \u015bciek\u00f3w (np. napowietrzanie)<\/li>\n<li data-zone-id=\"0\" data-line-index=\"0\" data-line=\"true\">Woda demineralizowana<\/li>\n<li data-zone-id=\"0\" data-line-index=\"0\" data-line=\"true\">Przep\u0142yw pary i kondensatu w zak\u0142adach u\u017cyteczno\u015bci publicznej<\/li>\n<\/ul>\n<\/div>\n<\/div>\n<\/div>\n<\/div>","protected":false},"excerpt":{"rendered":"<div class=\"short-description-head\">\n<div data-zone-id=\"0\" data-line-index=\"0\" data-line=\"true\">Przep\u0142ywomierz z kryz\u0105 MTKB-O to ekonomiczny przep\u0142ywomierz r\u00f3\u017cnicy ci\u015bnie\u0144 do szerokiego zakresu zastosowa\u0144 - od wody demi, przez chemikalia, po par\u0119 wodn\u0105, o wysokiej dok\u0142adno\u015bci do \u00b10,075%.<\/div>\n<\/div>","protected":false},"featured_media":25521,"template":"","meta":[],"product_brand":[],"product_cat":[122,205,164,166],"product_tag":[],"class_list":{"0":"post-25518","1":"product","2":"type-product","3":"status-publish","4":"has-post-thumbnail","6":"product_cat-differential-pressure-flow-meters","7":"product_cat-steam-flow-meters","8":"product_cat-air-flow-meters","9":"product_cat-liquid-flow-meters","11":"first","12":"instock","13":"shipping-taxable","14":"purchasable","15":"product-type-variable"},"_links":{"self":[{"href":"https:\/\/metlaninst.com\/pl\/wp-json\/wp\/v2\/product\/25518","targetHints":{"allow":["GET"]}}],"collection":[{"href":"https:\/\/metlaninst.com\/pl\/wp-json\/wp\/v2\/product"}],"about":[{"href":"https:\/\/metlaninst.com\/pl\/wp-json\/wp\/v2\/types\/product"}],"version-history":[{"count":1,"href":"https:\/\/metlaninst.com\/pl\/wp-json\/wp\/v2\/product\/25518\/revisions"}],"predecessor-version":[{"id":25523,"href":"https:\/\/metlaninst.com\/pl\/wp-json\/wp\/v2\/product\/25518\/revisions\/25523"}],"wp:featuredmedia":[{"embeddable":true,"href":"https:\/\/metlaninst.com\/pl\/wp-json\/wp\/v2\/media\/25521"}],"wp:attachment":[{"href":"https:\/\/metlaninst.com\/pl\/wp-json\/wp\/v2\/media?parent=25518"}],"wp:term":[{"taxonomy":"product_brand","embeddable":true,"href":"https:\/\/metlaninst.com\/pl\/wp-json\/wp\/v2\/product_brand?post=25518"},{"taxonomy":"product_cat","embeddable":true,"href":"https:\/\/metlaninst.com\/pl\/wp-json\/wp\/v2\/product_cat?post=25518"},{"taxonomy":"product_tag","embeddable":true,"href":"https:\/\/metlaninst.com\/pl\/wp-json\/wp\/v2\/product_tag?post=25518"}],"curies":[{"name":"wp","href":"https:\/\/api.w.org\/{rel}","templated":true}]}}