{"id":25592,"date":"2024-09-20T07:49:55","date_gmt":"2024-09-20T07:49:55","guid":{"rendered":"https:\/\/www.metlaninst.com\/?post_type=product&#038;p=25592"},"modified":"2025-02-08T04:45:59","modified_gmt":"2025-02-08T04:45:59","slug":"rotametry-metalowe-przeplywomierze-o-zmiennej-powierzchni-mtlz-m","status":"publish","type":"product","link":"https:\/\/metlaninst.com\/pl\/p\/rotametry-metalowe-przeplywomierze-o-zmiennej-powierzchni-mtlz-m\/","title":{"rendered":"Metalowe przep\u0142ywomierze rotametryczne o zmiennej powierzchni (MTLZ-M)"},"content":{"rendered":"<div class=\"e-con-inner\">\n<div class=\"elementor-element e-con-full e-flex e-con e-child\">\n<div class=\"elementor-widget-container\">\n<h3 class=\"elementor-heading-title elementor-size-default\">Cechy:<\/h3>\n<\/div>\n<div class=\"elementor-widget-container\">\n<ol>\n<li data-zone-id=\"0\" data-line-index=\"0\" data-line=\"true\">Prosta, tania instalacja: mo\u017cliwo\u015b\u0107 pomiaru i wy\u015bwietlania bez dodatkowego zasilania<\/li>\n<li data-zone-id=\"0\" data-line-index=\"1\" data-line=\"true\">Kolory i wygl\u0105d mo\u017cna dostosowa\u0107 zgodnie z \u017cyczeniem<b><\/b><\/li>\n<li data-zone-id=\"0\" data-line-index=\"2\" data-line=\"true\">Dost\u0119pne r\u00f3wnie\u017c w wersjach dostosowanych do potrzeb klienta<\/li>\n<li data-zone-id=\"0\" data-line-index=\"3\" data-line=\"true\">Dla wy\u015bwietlacza LCD dost\u0119pne s\u0105 j\u0119zyki angielski, hiszpa\u0144ski, francuski i inne na \u017cyczenie.<\/li>\n<li data-zone-id=\"0\" data-line-index=\"4\" data-line=\"true\">Ka\u017cdy przep\u0142ywomierz jest kalibrowany i przypisywany jest mu unikalny numer seryjny odpowiadaj\u0105cy wszystkim danym kalibracyjnym.<\/li>\n<\/ol>\n<\/div>\n<\/div>\n<div class=\"elementor-element e-con-full e-flex e-con e-child\">\n<div class=\"elementor-widget-container\">\n<h3 class=\"elementor-heading-title elementor-size-default\">Zastosowania:<\/h3>\n<\/div>\n<div class=\"elementor-widget-container\">\n<h5>Przemys\u0142 chemiczny i inne bran\u017ce przetw\u00f3rcze<\/h5>\n<div>\n<ul>\n<li data-zone-id=\"0\" data-line-index=\"0\" data-line=\"true\">Dodatki (np. katalizatory, tensydy, inhibitory piany, emulgatory)<\/li>\n<li data-zone-id=\"0\" data-line-index=\"0\" data-line=\"true\">Kwasy, zasady, fosgen i inne substancje chlorowe, substancje siarkowe<\/li>\n<li data-zone-id=\"0\" data-line-index=\"0\" data-line=\"true\">Kondensat i woda ch\u0142odz\u0105ca<\/li>\n<li data-zone-id=\"0\" data-line-index=\"0\" data-line=\"true\">Azotowa inertyzacja zbiornik\u00f3w i cystern<\/li>\n<li data-zone-id=\"0\" data-line-index=\"0\" data-line=\"true\">Monitorowanie przep\u0142ywu pr\u00f3bek do analizy procesu<\/li>\n<li data-zone-id=\"0\" data-line-index=\"0\" data-line=\"true\">Rozpylanie gazu w cieczach<\/li>\n<\/ul>\n<\/div>\n<h5>Przemys\u0142 naftowy i gazowy<\/h5>\n<div>\n<ul>\n<li data-zone-id=\"0\" data-line-index=\"0\" data-line=\"true\">P\u0142ozy wtryskowe dla inhibitor\u00f3w korozji, osadzania si\u0119 kamienia i hydratacji<\/li>\n<li data-zone-id=\"0\" data-line-index=\"0\" data-line=\"true\">Azot, gazy spalinowe itp.<\/li>\n<li data-zone-id=\"0\" data-line-index=\"0\" data-line=\"true\">Emulgatory<\/li>\n<\/ul>\n<h5>Przemys\u0142 spo\u017cywczy i napoj\u00f3w<\/h5>\n<div>\n<ul>\n<li data-zone-id=\"0\" data-line-index=\"0\" data-line=\"true\">Olej ro\u015blinny, woda pitna, mleko, dwutlenek w\u0119gla<\/li>\n<li data-zone-id=\"0\" data-line-index=\"0\" data-line=\"true\">\u015arodki czyszcz\u0105ce<\/li>\n<\/ul>\n<h5>Przemys\u0142 wodno-\u015bciekowy<\/h5>\n<div>\n<ul>\n<li data-zone-id=\"0\" data-line-index=\"0\" data-line=\"true\">Wt\u0142aczanie tlenu do basen\u00f3w napowietrzaj\u0105cych<\/li>\n<li data-zone-id=\"0\" data-line-index=\"0\" data-line=\"true\">Wtrysk powietrza w celu zmniejszenia zawarto\u015bci \u017celaza<\/li>\n<\/ul>\n<h5>Energetyka konwencjonalna i j\u0105drowa<\/h5>\n<div>\n<ul>\n<li data-zone-id=\"0\" data-line-index=\"0\" data-line=\"true\">Ci\u0119\u017cka woda, woda borowana, tryt itp.<\/li>\n<li data-zone-id=\"0\" data-line-index=\"0\" data-line=\"true\">Hydrazyna<\/li>\n<li data-zone-id=\"0\" data-line-index=\"0\" data-line=\"true\">Kwas siarkowy<\/li>\n<li data-zone-id=\"0\" data-line-index=\"0\" data-line=\"true\">Fosforan, azot, wod\u00f3r, siarka<\/li>\n<li data-zone-id=\"0\" data-line-index=\"0\" data-line=\"true\">Woda oczyszczona, woda s\u0142ona itp.<\/li>\n<li data-zone-id=\"0\" data-line-index=\"0\" data-line=\"true\">Para, powietrze, gazy, woda do mycia kot\u0142\u00f3w itp.<\/li>\n<li data-zone-id=\"0\" data-line-index=\"0\" data-line=\"true\">Olej nap\u0119dowy, przep\u0142ywy powrotne oleju opa\u0142owego itp.<\/li>\n<\/ul>\n<\/div>\n<\/div>\n<\/div>\n<\/div>\n<\/div>\n<\/div>\n<\/div>","protected":false},"excerpt":{"rendered":"<div class=\"short-description-head\">\n<div data-zone-id=\"0\" data-line-index=\"0\" data-line=\"true\">Rotametr o zmiennej powierzchni MTLZ-M jest dost\u0119pny w wersjach wykonanych z r\u00f3\u017cnych materia\u0142\u00f3w. Wytrzyma\u0142y, ca\u0142kowicie metalowy przep\u0142ywomierz mo\u017ce by\u0107 r\u00f3wnie\u017c u\u017cywany w aplikacjach o wysokim ci\u015bnieniu (do 200 bar), temperaturze (-80 do 350 \u00b0C \/-112 do +662 \u00b0F) lub agresywnych mediach.<\/div>\n<\/div>","protected":false},"featured_media":25595,"template":"","meta":[],"product_brand":[],"product_cat":[203,208,164,166,163],"product_tag":[],"class_list":{"0":"post-25592","1":"product","2":"type-product","3":"status-publish","4":"has-post-thumbnail","6":"product_cat-rotameters-flow-meter","7":"product_cat-gas-flow-meters","8":"product_cat-air-flow-meters","9":"product_cat-liquid-flow-meters","10":"product_cat-water-flow-meters","12":"first","13":"instock","14":"shipping-taxable","15":"purchasable","16":"product-type-simple"},"_links":{"self":[{"href":"https:\/\/metlaninst.com\/pl\/wp-json\/wp\/v2\/product\/25592","targetHints":{"allow":["GET"]}}],"collection":[{"href":"https:\/\/metlaninst.com\/pl\/wp-json\/wp\/v2\/product"}],"about":[{"href":"https:\/\/metlaninst.com\/pl\/wp-json\/wp\/v2\/types\/product"}],"version-history":[{"count":3,"href":"https:\/\/metlaninst.com\/pl\/wp-json\/wp\/v2\/product\/25592\/revisions"}],"predecessor-version":[{"id":25602,"href":"https:\/\/metlaninst.com\/pl\/wp-json\/wp\/v2\/product\/25592\/revisions\/25602"}],"wp:featuredmedia":[{"embeddable":true,"href":"https:\/\/metlaninst.com\/pl\/wp-json\/wp\/v2\/media\/25595"}],"wp:attachment":[{"href":"https:\/\/metlaninst.com\/pl\/wp-json\/wp\/v2\/media?parent=25592"}],"wp:term":[{"taxonomy":"product_brand","embeddable":true,"href":"https:\/\/metlaninst.com\/pl\/wp-json\/wp\/v2\/product_brand?post=25592"},{"taxonomy":"product_cat","embeddable":true,"href":"https:\/\/metlaninst.com\/pl\/wp-json\/wp\/v2\/product_cat?post=25592"},{"taxonomy":"product_tag","embeddable":true,"href":"https:\/\/metlaninst.com\/pl\/wp-json\/wp\/v2\/product_tag?post=25592"}],"curies":[{"name":"wp","href":"https:\/\/api.w.org\/{rel}","templated":true}]}}