{"id":25726,"date":"2024-12-27T05:06:06","date_gmt":"2024-12-27T05:06:06","guid":{"rendered":"https:\/\/www.metlaninst.com\/?post_type=product&#038;p=25726"},"modified":"2025-09-11T09:06:52","modified_gmt":"2025-09-11T09:06:52","slug":"dwuwirnikowy-przeplywomierz-wyporowy-mtdp-abr","status":"publish","type":"product","link":"https:\/\/metlaninst.com\/pl\/p\/dwuwirnikowy-przeplywomierz-wyporowy-mtdp-abr\/","title":{"rendered":"Dwuwirnikowy przep\u0142ywomierz wyporowy (MT-ABR)"},"content":{"rendered":"<div class=\"e-con-inner\">\n<div class=\"elementor-element e-con-full e-flex e-con e-child\">\n<div class=\"elementor-widget-container\">\n<h3 class=\"elementor-heading-title elementor-size-default\">Cechy:<\/h3>\n<\/div>\n<div class=\"elementor-widget-container\">\n<ol>\n<li data-zone-id=\"0\" data-line-index=\"0\" data-line=\"true\">Wysoka dok\u0142adno\u015b\u0107 do \u00b10,1 %, wysokie ci\u015bnienie procesowe do 110 bar (1595 psi)<\/li>\n<li data-zone-id=\"0\" data-line-index=\"0\" data-line=\"true\">Wyj\u0105tkowo d\u0142uga \u017cywotno\u015b\u0107, niskie koszty utrzymania<\/li>\n<li data-zone-id=\"0\" data-line-index=\"0\" data-line=\"true\">Jedynymi ruchomymi cz\u0119\u015bciami w komorze pomiarowej s\u0105 dwa proste wirniki bez kontaktu metal-metal.<\/li>\n<li data-zone-id=\"0\" data-line-index=\"0\" data-line=\"true\">Brak oscyluj\u0105cych, posuwisto-zwrotnych lub przesuwnych cz\u0119\u015bci lub korb powoduj\u0105cych zu\u017cycie lub zak\u0142\u00f3cenie zr\u00f3wnowa\u017conego ruchu obrotowego.<\/li>\n<li data-zone-id=\"0\" data-line-index=\"0\" data-line=\"true\">Stabilny podczas pracy z niskim g\u0142osem<\/li>\n<li data-zone-id=\"0\" data-line-index=\"0\" data-line=\"true\">Dobra wydajno\u015b\u0107 przeciwzak\u0142\u00f3ceniowa i d\u0142uga \u017cywotno\u015b\u0107<\/li>\n<li data-zone-id=\"0\" data-line-index=\"0\" data-line=\"true\">Silne zastosowanie do zmian lepko\u015bci<\/li>\n<li data-zone-id=\"0\" data-line-index=\"0\" data-line=\"true\">Idealny do: Benzyna \/ gaz p\u0142ynny (LPG), nafta, lekki olej nap\u0119dowy, ropa naftowa, ci\u0119\u017cki olej opa\u0142owy, ciecze o du\u017cej lepko\u015bci, ciecze o du\u017cej zawarto\u015bci wody i ciecze o bardzo du\u017cej lepko\u015bci.<\/li>\n<li data-zone-id=\"0\" data-line-index=\"0\" data-line=\"true\">Unikalna spiralna konstrukcja wirnika zapewnia szereg korzy\u015bci w por\u00f3wnaniu z tradycyjnymi przek\u0142adniowymi miernikami wy\u0142adowa\u0144 niezupe\u0142nych, w tym zmniejszony spadek ci\u015bnienia, wirtualn\u0105 eliminacj\u0119 pulsacji w d\u00f3\u0142 strumienia, zwi\u0119kszon\u0105 tolerancj\u0119 na cz\u0105stki i zmniejszon\u0105 konserwacj\u0119.<\/li>\n<li data-zone-id=\"0\" data-line-index=\"0\" data-line=\"true\">Dost\u0119pne r\u00f3wnie\u017c w wersjach dostosowanych do potrzeb klienta<\/li>\n<li data-zone-id=\"0\" data-line-index=\"0\" data-line=\"true\">Dla wy\u015bwietlacza LCD dost\u0119pne s\u0105 j\u0119zyki angielski, hiszpa\u0144ski, francuski i inne na \u017cyczenie.<\/li>\n<li data-zone-id=\"0\" data-line-index=\"0\" data-line=\"true\">Ka\u017cdy przep\u0142ywomierz jest kalibrowany i przypisywany jest mu unikalny numer seryjny odpowiadaj\u0105cy wszystkim danym kalibracyjnym.<\/li>\n<\/ol>\n<\/div>\n<\/div>\n<div class=\"elementor-element e-con-full e-flex e-con e-child\">\n<div class=\"elementor-widget-container\">\n<h3 class=\"elementor-heading-title elementor-size-default\">Zastosowania:<\/h3>\n<\/div>\n<div class=\"elementor-widget-container\">\n<div>\n<ul>\n<li data-zone-id=\"0\" data-line-index=\"0\" data-line=\"true\">Ropa i gaz<\/li>\n<li data-zone-id=\"0\" data-line-index=\"0\" data-line=\"true\">Woda i \u015bcieki<\/li>\n<li data-zone-id=\"0\" data-line-index=\"0\" data-line=\"true\">Przemys\u0142 chemiczny i wtrysk chemikali\u00f3w<\/li>\n<li data-zone-id=\"0\" data-line-index=\"0\" data-line=\"true\">Wytwarzanie energii<\/li>\n<li data-zone-id=\"0\" data-line-index=\"0\" data-line=\"true\">Farmaceutyki<\/li>\n<li data-zone-id=\"0\" data-line-index=\"0\" data-line=\"true\">\u017bywno\u015b\u0107 i napoje<\/li>\n<li data-zone-id=\"0\" data-line-index=\"0\" data-line=\"true\">Masa celulozowa i papier<\/li>\n<li data-zone-id=\"0\" data-line-index=\"0\" data-line=\"true\">Metal i g\u00f3rnictwo<\/li>\n<li data-zone-id=\"0\" data-line-index=\"0\" data-line=\"true\">Lotnictwo i kosmonautyka<\/li>\n<li data-zone-id=\"0\" data-line-index=\"0\" data-line=\"true\">Test hydrauliczny<\/li>\n<\/ul>\n<\/div>\n<\/div>\n<\/div>\n<\/div>","protected":false},"excerpt":{"rendered":"<div class=\"short-description-head\">\n<div data-zone-id=\"0\" data-line-index=\"0\" data-line=\"true\">Dwuwirnikowy przep\u0142ywomierz wyporowy posiada dwa precyzyjnie obrobione elementy obrotowe znane jako <strong>wirniki spiralne<\/strong> kt\u00f3re obracaj\u0105 si\u0119 i zaz\u0119biaj\u0105 w wewn\u0119trznej obudowie licznika w celu utworzenia komory pomiarowej o znanej obj\u0119to\u015bci, kt\u00f3ra mo\u017ce by\u0107 wykorzystana do dok\u0142adnego okre\u015blenia obj\u0119to\u015bciowego nat\u0119\u017cenia przep\u0142ywu jako funkcji pr\u0119dko\u015bci wirnik\u00f3w. Jest wykorzystywany w najbardziej wymagaj\u0105cych aplikacjach wymagaj\u0105cych dok\u0142adno\u015bci, d\u0142ugiej \u017cywotno\u015bci i wytrzyma\u0142o\u015bci, co stanowi doskona\u0142y wyb\u00f3r dla paliw i olej\u00f3w. Jest dost\u0119pny w dw\u00f3ch konfiguracjach, z integraln\u0105 rejestracj\u0105 mechaniczn\u0105 lub wyj\u015bciem elektronicznym. Przep\u0142ywomierz dwuwirnikowy charakteryzuje si\u0119 wysok\u0105 dok\u0142adno\u015bci\u0105 do \u00b10,1 % i wysokim ci\u015bnieniem procesowym do 110 bar (1595 psi).<\/div>\n<\/div>","protected":false},"featured_media":25729,"template":"","meta":[],"product_brand":[],"product_cat":[209,166,165],"product_tag":[],"class_list":{"0":"post-25726","1":"product","2":"type-product","3":"status-publish","4":"has-post-thumbnail","6":"product_cat-positive-displacement-flow-meters","7":"product_cat-liquid-flow-meters","8":"product_cat-oil-flow-meters","10":"first","11":"instock","12":"shipping-taxable","13":"purchasable","14":"product-type-simple"},"_links":{"self":[{"href":"https:\/\/metlaninst.com\/pl\/wp-json\/wp\/v2\/product\/25726","targetHints":{"allow":["GET"]}}],"collection":[{"href":"https:\/\/metlaninst.com\/pl\/wp-json\/wp\/v2\/product"}],"about":[{"href":"https:\/\/metlaninst.com\/pl\/wp-json\/wp\/v2\/types\/product"}],"version-history":[{"count":8,"href":"https:\/\/metlaninst.com\/pl\/wp-json\/wp\/v2\/product\/25726\/revisions"}],"predecessor-version":[{"id":27094,"href":"https:\/\/metlaninst.com\/pl\/wp-json\/wp\/v2\/product\/25726\/revisions\/27094"}],"wp:featuredmedia":[{"embeddable":true,"href":"https:\/\/metlaninst.com\/pl\/wp-json\/wp\/v2\/media\/25729"}],"wp:attachment":[{"href":"https:\/\/metlaninst.com\/pl\/wp-json\/wp\/v2\/media?parent=25726"}],"wp:term":[{"taxonomy":"product_brand","embeddable":true,"href":"https:\/\/metlaninst.com\/pl\/wp-json\/wp\/v2\/product_brand?post=25726"},{"taxonomy":"product_cat","embeddable":true,"href":"https:\/\/metlaninst.com\/pl\/wp-json\/wp\/v2\/product_cat?post=25726"},{"taxonomy":"product_tag","embeddable":true,"href":"https:\/\/metlaninst.com\/pl\/wp-json\/wp\/v2\/product_tag?post=25726"}],"curies":[{"name":"wp","href":"https:\/\/api.w.org\/{rel}","templated":true}]}}