{"id":26104,"date":"2024-01-16T08:06:44","date_gmt":"2024-01-16T08:06:44","guid":{"rendered":"https:\/\/www.metlaninst.com\/?post_type=product&#038;p=26104"},"modified":"2025-12-23T03:20:27","modified_gmt":"2025-12-23T03:20:27","slug":"filtry-powietrza-mt-lpgx","status":"publish","type":"product","link":"https:\/\/metlaninst.com\/pl\/p\/filtry-powietrza-mt-lpgx\/","title":{"rendered":"Eliminatory powietrza \/ filtry (MT-LPGX)"},"content":{"rendered":"<div class=\"e-con-inner\">\n<div class=\"elementor-element e-con-full e-flex e-con e-child\">\n<div class=\"elementor-widget-container\">\n<h3 class=\"elementor-heading-title elementor-size-default\">Cechy:<\/h3>\n<\/div>\n<div class=\"elementor-widget-container\">\n<ol>\n<li data-zone-id=\"0\" data-line-index=\"0\" data-line=\"true\">Zainstalowany przed przep\u0142ywomierzem, aby zapewni\u0107, \u017ce ciecz wp\u0142ywaj\u0105ca do urz\u0105dzenia jest wolna od powietrza lub gazu.<\/li>\n<li data-zone-id=\"0\" data-line-index=\"0\" data-line=\"true\">Usuwa porwane powietrze lub gaz z p\u0142ynu.<\/li>\n<li data-zone-id=\"0\" data-line-index=\"0\" data-line=\"true\">chroni\u0105c wszystkie dalsze elementy systemu.<\/li>\n<li data-zone-id=\"0\" data-line-index=\"0\" data-line=\"true\">Zapobiega niedok\u0142adno\u015bciom spowodowanym przez kieszenie powietrzne lub p\u0119cherzyki w p\u0142ynie, kt\u00f3re mog\u0105 zak\u0142\u00f3ca\u0107 pomiary przep\u0142ywu.<\/li>\n<li data-zone-id=\"0\" data-line-index=\"0\" data-line=\"true\">Niezb\u0119dny w systemach, w kt\u00f3rych powietrze lub gaz mog\u0105 miesza\u0107 si\u0119 z p\u0142ynem, takich jak systemy pomiaru przep\u0142ywu paliwa lub chemikali\u00f3w.<\/li>\n<li data-zone-id=\"0\" data-line-index=\"0\" data-line=\"true\">U\u017cywany w aplikacjach, w kt\u00f3rych precyzyjny pomiar tylko cieczy ma krytyczne znaczenie.<\/li>\n<\/ol>\n<\/div>\n<\/div>\n<div class=\"elementor-element e-con-full e-flex e-con e-child\">\n<div class=\"elementor-widget-container\">\n<h3 class=\"elementor-heading-title elementor-size-default\">Zastosowania:<\/h3>\n<\/div>\n<div class=\"elementor-widget-container\">\n<ul>\n<li data-zone-id=\"0\" data-line-index=\"0\" data-line=\"true\">Ropa i gaz<\/li>\n<li data-zone-id=\"0\" data-line-index=\"0\" data-line=\"true\">Woda i \u015bcieki<\/li>\n<li data-zone-id=\"0\" data-line-index=\"0\" data-line=\"true\">Przemys\u0142 chemiczny i wtrysk chemikali\u00f3w<\/li>\n<li data-zone-id=\"0\" data-line-index=\"0\" data-line=\"true\">Farmaceutyki<\/li>\n<li data-zone-id=\"0\" data-line-index=\"0\" data-line=\"true\">\u017bywno\u015b\u0107 i napoje<\/li>\n<li data-zone-id=\"0\" data-line-index=\"0\" data-line=\"true\">Przeniesienie opieki<\/li>\n<\/ul>\n<\/div>\n<\/div>\n<\/div>","protected":false},"excerpt":{"rendered":"<div class=\"short-description-head\">\n<div data-zone-id=\"0\" data-line-index=\"0\" data-line=\"true\">\n<div>\n<div data-zone-id=\"0\" data-line-index=\"0\" data-line=\"true\">The air Eliminators are designed to provide separation and elimination of air and solids in metering systems. Installing air eliminators \/ strainers upstream of measurement devices (especially positive displacement flow meters) ensures accurate measurement, whilst protecting all downstream system components.<\/div>\n<\/div>\n<\/div>\n<\/div>","protected":false},"featured_media":26107,"template":"","meta":[],"product_brand":[],"product_cat":[209,165],"product_tag":[],"class_list":{"0":"post-26104","1":"product","2":"type-product","3":"status-publish","4":"has-post-thumbnail","6":"product_cat-positive-displacement-flow-meters","7":"product_cat-oil-flow-meters","9":"first","10":"instock","11":"shipping-taxable","12":"purchasable","13":"product-type-simple"},"_links":{"self":[{"href":"https:\/\/metlaninst.com\/pl\/wp-json\/wp\/v2\/product\/26104","targetHints":{"allow":["GET"]}}],"collection":[{"href":"https:\/\/metlaninst.com\/pl\/wp-json\/wp\/v2\/product"}],"about":[{"href":"https:\/\/metlaninst.com\/pl\/wp-json\/wp\/v2\/types\/product"}],"version-history":[{"count":3,"href":"https:\/\/metlaninst.com\/pl\/wp-json\/wp\/v2\/product\/26104\/revisions"}],"predecessor-version":[{"id":27698,"href":"https:\/\/metlaninst.com\/pl\/wp-json\/wp\/v2\/product\/26104\/revisions\/27698"}],"wp:featuredmedia":[{"embeddable":true,"href":"https:\/\/metlaninst.com\/pl\/wp-json\/wp\/v2\/media\/26107"}],"wp:attachment":[{"href":"https:\/\/metlaninst.com\/pl\/wp-json\/wp\/v2\/media?parent=26104"}],"wp:term":[{"taxonomy":"product_brand","embeddable":true,"href":"https:\/\/metlaninst.com\/pl\/wp-json\/wp\/v2\/product_brand?post=26104"},{"taxonomy":"product_cat","embeddable":true,"href":"https:\/\/metlaninst.com\/pl\/wp-json\/wp\/v2\/product_cat?post=26104"},{"taxonomy":"product_tag","embeddable":true,"href":"https:\/\/metlaninst.com\/pl\/wp-json\/wp\/v2\/product_tag?post=26104"}],"curies":[{"name":"wp","href":"https:\/\/api.w.org\/{rel}","templated":true}]}}