{"id":26311,"date":"2025-02-16T10:14:37","date_gmt":"2025-02-16T10:14:37","guid":{"rendered":"https:\/\/www.metlaninst.com\/?post_type=product&#038;p=26311"},"modified":"2025-06-15T11:21:07","modified_gmt":"2025-06-15T11:21:07","slug":"termiczny-przeplywomierz-masowy-w-wykonaniu-przeciwwybuchowym-mt211x-ex","status":"publish","type":"product","link":"https:\/\/metlaninst.com\/pl\/p\/termiczny-przeplywomierz-masowy-w-wykonaniu-przeciwwybuchowym-mt211x-ex\/","title":{"rendered":"Termiczny przep\u0142ywomierz masowy z wk\u0142adk\u0105 przeciwwybuchow\u0105 (MT211x-Ex)"},"content":{"rendered":"<div class=\"e-con-inner\">\n<div class=\"elementor-element e-con-full e-flex e-con e-child\">\n<div class=\"elementor-widget-container\">\n<h3 class=\"elementor-heading-title elementor-size-default\">Cechy:<\/h3>\n<\/div>\n<div class=\"elementor-widget-container\">\n<ol>\n<li data-zone-id=\"0\" data-line-index=\"0\" data-line=\"true\">Klasa przeciwwybuchowo\u015bci: Ex db IIC T6 Gb \/ Ex tb IIIC T80\u00b0CDb.<\/li>\n<li data-zone-id=\"0\" data-line-index=\"0\" data-line=\"true\">Medium: Spr\u0119\u017cone powietrze, azot, tlen, dwutlenek w\u0119gla i inne gazy nieskraplaj\u0105ce si\u0119.<\/li>\n<li data-zone-id=\"0\" data-line-index=\"0\" data-line=\"true\">Nadaje si\u0119 do rur o \u015brednicach od DN20 do DN1000.<\/li>\n<li data-zone-id=\"0\" data-line-index=\"0\" data-line=\"true\">\u00a0Bardzo szeroki wsp\u00f3\u0142czynnik obrotu 1:2500, zakres pomiarowy od 0,1 Nm\/s do 250 Nm\/s.<\/li>\n<li data-zone-id=\"0\" data-line-index=\"0\" data-line=\"true\">W pe\u0142ni cyfrowe przetwarzanie sygna\u0142u, wy\u017csza dok\u0142adno\u015b\u0107, d\u0142ugoterminowa stabilno\u015b\u0107.<\/li>\n<li data-zone-id=\"0\" data-line-index=\"0\" data-line=\"true\">W oparciu o zasad\u0119 pomiaru przep\u0142ywu termicznego, nie jest wymagana kompensacja ci\u015bnienia i temperatury gazu, zintegrowany pomiar temperatury.<\/li>\n<li data-zone-id=\"0\" data-line-index=\"0\" data-line=\"true\">W pe\u0142ni izolowana struktura elektryczna mo\u017ce ca\u0142kowicie odfiltrowa\u0107 zak\u0142\u00f3cenia pola.<\/li>\n<li data-zone-id=\"0\" data-line-index=\"0\" data-line=\"true\">Dla wy\u015bwietlacza LCD dost\u0119pne s\u0105 j\u0119zyki angielski, hiszpa\u0144ski, francuski i inne na \u017cyczenie.<\/li>\n<li data-zone-id=\"0\" data-line-index=\"0\" data-line=\"true\">Ka\u017cdy przep\u0142ywomierz jest kalibrowany i przypisywany jest mu unikalny numer seryjny odpowiadaj\u0105cy wszystkim danym kalibracyjnym.<\/li>\n<\/ol>\n<\/div>\n<\/div>\n<div class=\"elementor-element e-con-full e-flex e-con e-child\">\n<div class=\"elementor-widget-container\">\n<h3 class=\"elementor-heading-title elementor-size-default\">Zastosowania:<\/h3>\n<\/div>\n<div class=\"elementor-widget-container\">\n<p><strong>Ropa i gaz<\/strong><br \/>\n- Gaz z odwiertu, gaz z pochodni<br \/>\n<strong>Monitorowanie \u015brodowiska<\/strong><br \/>\n- Emisje kominowe, biogaz, jako\u015b\u0107 powietrza<br \/>\n<strong>Przemys\u0142 chemiczny i petrochemiczny<\/strong><br \/>\n- Przep\u0142yw gazu procesowego, wtrysk gazu, wykrywanie nieszczelno\u015bci<br \/>\n<strong>Farmaceutyka i biotechnologia<\/strong><br \/>\n- Przep\u0142yw powietrza w pomieszczeniu czystym, przep\u0142yw gazu w bioreaktorze<br \/>\n<strong>\u017bywno\u015b\u0107 i napoje<\/strong><br \/>\n- CO\u2082 w procesie nasycania dwutlenkiem w\u0119gla, azot w procesie pakowania<br \/>\n<strong>HVAC<\/strong><br \/>\n- Przep\u0142yw powietrza w kana\u0142ach, systemy wentylacyjne<\/p>\n<\/div>\n<\/div>\n<\/div>","protected":false},"excerpt":{"rendered":"<div class=\"short-description-head\">\n<div data-zone-id=\"0\" data-line-index=\"0\" data-line=\"true\">Ten termiczny przep\u0142ywomierz masowy jest przeciwwybuchow\u0105 wersj\u0105 MT211x, z klas\u0105 Ex db IIC T6 Gb \/ Ex tb IIIC T80\u00b0C Db. Dzi\u0119ki bardzo szerokiemu wsp\u00f3\u0142czynnikowi 1:2500 zakres pomiarowy wynosi od 0,1 Nm\/s do 250 Nm\/s i jest odpowiedni dla rur o \u015brednicach od DN20 do DN1000.<\/div>\n<\/div>","protected":false},"featured_media":26312,"template":"","meta":[],"product_brand":[],"product_cat":[215,208,164],"product_tag":[],"class_list":{"0":"post-26311","1":"product","2":"type-product","3":"status-publish","4":"has-post-thumbnail","6":"product_cat-thermal-mass-flow-meters","7":"product_cat-gas-flow-meters","8":"product_cat-air-flow-meters","10":"first","11":"instock","12":"shipping-taxable","13":"purchasable","14":"product-type-simple"},"_links":{"self":[{"href":"https:\/\/metlaninst.com\/pl\/wp-json\/wp\/v2\/product\/26311","targetHints":{"allow":["GET"]}}],"collection":[{"href":"https:\/\/metlaninst.com\/pl\/wp-json\/wp\/v2\/product"}],"about":[{"href":"https:\/\/metlaninst.com\/pl\/wp-json\/wp\/v2\/types\/product"}],"version-history":[{"count":1,"href":"https:\/\/metlaninst.com\/pl\/wp-json\/wp\/v2\/product\/26311\/revisions"}],"predecessor-version":[{"id":26313,"href":"https:\/\/metlaninst.com\/pl\/wp-json\/wp\/v2\/product\/26311\/revisions\/26313"}],"wp:featuredmedia":[{"embeddable":true,"href":"https:\/\/metlaninst.com\/pl\/wp-json\/wp\/v2\/media\/26312"}],"wp:attachment":[{"href":"https:\/\/metlaninst.com\/pl\/wp-json\/wp\/v2\/media?parent=26311"}],"wp:term":[{"taxonomy":"product_brand","embeddable":true,"href":"https:\/\/metlaninst.com\/pl\/wp-json\/wp\/v2\/product_brand?post=26311"},{"taxonomy":"product_cat","embeddable":true,"href":"https:\/\/metlaninst.com\/pl\/wp-json\/wp\/v2\/product_cat?post=26311"},{"taxonomy":"product_tag","embeddable":true,"href":"https:\/\/metlaninst.com\/pl\/wp-json\/wp\/v2\/product_tag?post=26311"}],"curies":[{"name":"wp","href":"https:\/\/api.w.org\/{rel}","templated":true}]}}