{"id":26407,"date":"2024-11-10T07:07:24","date_gmt":"2024-11-10T07:07:24","guid":{"rendered":"https:\/\/www.metlaninst.com\/?post_type=product&#038;p=26407"},"modified":"2025-04-25T09:27:22","modified_gmt":"2025-04-25T09:27:22","slug":"przeplywomierz-masowy-coriolisa-w-ksztalcie-mtd-acmw","status":"publish","type":"product","link":"https:\/\/metlaninst.com\/pl\/p\/przeplywomierz-masowy-coriolisa-w-ksztalcie-mtd-acmw\/","title":{"rendered":"Przep\u0142ywomierz masowy Coriolisa w kszta\u0142cie litery W (MTD-ACMW)"},"content":{"rendered":"<div class=\"e-con-inner\">\n<div class=\"elementor-element e-con-full e-flex e-con e-child\">\n<div class=\"elementor-widget-container\">\n<h3 class=\"elementor-heading-title elementor-size-default\">Cechy:<\/h3>\n<\/div>\n<div class=\"elementor-widget-container\">\n<ol class=\"product-description-list\">\n<li>Wysoka dok\u0142adno\u015b\u0107 do \u00b10,1 %, dobra niezawodno\u015b\u0107<\/li>\n<li>Dobra stabilno\u015b\u0107 zerowa i odporno\u015b\u0107 na zak\u0142\u00f3cenia<\/li>\n<li>Brak ruchomych cz\u0119\u015bci, brak konieczno\u015bci konserwacji<\/li>\n<li>Wielokrotna komunikacja cyfrowa, w tym Hart<\/li>\n<li>Dla wy\u015bwietlacza LCD dost\u0119pne s\u0105 j\u0119zyki angielski, hiszpa\u0144ski, francuski i inne na \u017cyczenie.<\/li>\n<li>Ka\u017cdy przep\u0142ywomierz jest kalibrowany i przypisywany jest mu unikalny numer seryjny odpowiadaj\u0105cy wszystkim danym kalibracyjnym.<\/li>\n<\/ol>\n<\/div>\n<\/div>\n<div class=\"elementor-element e-con-full e-flex e-con e-child\">\n<div class=\"elementor-widget-container\">\n<h3 class=\"elementor-heading-title elementor-size-default\">Zastosowania:<\/h3>\n<\/div>\n<div class=\"elementor-widget-container\">\n<h5 class=\"first\">Og\u00f3lne<\/h5>\n<ul class=\"product-description-list\">\n<li style=\"list-style-type: none;\">\n<ul class=\"product-description-list\">\n<li>Pomiar cieczy, gaz\u00f3w i cieczy porywanych przez gaz<\/li>\n<li>Bardzo agresywne, silnie korozyjne lub wra\u017cliwe na \u015bcinanie media<\/li>\n<li>Produkty wymagaj\u0105ce niskiej pr\u0119dko\u015bci przep\u0142ywu<\/li>\n<li>Mieszaniny niejednorodne<\/li>\n<li>Transfer powierniczy (pomiar fiskalny)<\/li>\n<\/ul>\n<\/li>\n<\/ul>\n<h5>Przemys\u0142 chemiczny i inne bran\u017ce przetw\u00f3rcze<\/h5>\n<ul class=\"product-description-list\">\n<li style=\"list-style-type: none;\">\n<ul class=\"product-description-list\">\n<li>Pomiar st\u0119\u017cenia, g\u0119sto\u015bci<\/li>\n<li>\u0141adowanie luzem<\/li>\n<li>Dozowanie do reaktor\u00f3w<\/li>\n<li>Kwasy, zasady, fosgen i inne substancje chlorkowe, substancje siarkowe<\/li>\n<\/ul>\n<\/li>\n<\/ul>\n<h5>Przemys\u0142 spo\u017cywczy i napoj\u00f3w<\/h5>\n<ul class=\"product-description-list\">\n<li style=\"list-style-type: none;\">\n<ul class=\"product-description-list\">\n<li>Dozowanie, dozowanie, nape\u0142nianie<\/li>\n<li>Pomiar przep\u0142ywu, g\u0119sto\u015bci, ci\u0119\u017caru w\u0142a\u015bciwego w procesach warzenia piwa<\/li>\n<li>Dozowanie ekstraktu chmielowego<\/li>\n<li>Procesy odbioru, dozowania i separacji mleka w mleczarniach<\/li>\n<li>Pomiar Brixa, g\u0119sto\u015bci i przep\u0142ywu w sokach owocowych<\/li>\n<li>Produkty oleiste i t\u0142uste (np. kremowe mieszanki szpinaku itp.)<\/li>\n<li>P\u0142ynna czekolada, mi\u00f3d, marmolada, syrop, lody itp.<\/li>\n<li>Wtrysk CO2<\/li>\n<li>Napoje alkoholowe (whisky, wino, w\u00f3dka itp.)<\/li>\n<\/ul>\n<\/li>\n<\/ul>\n<h5>Przemys\u0142 farmaceutyczny<\/h5>\n<ul class=\"product-description-list\">\n<li style=\"list-style-type: none;\">\n<ul class=\"product-description-list\">\n<li>Dozowanie, dozowanie, nape\u0142nianie<\/li>\n<li>Ekstrakcja rozpuszczalnikiem<\/li>\n<\/ul>\n<\/li>\n<\/ul>\n<h5>Przemys\u0142 naftowy i gazowy<\/h5>\n<ul class=\"product-description-list\">\n<li style=\"list-style-type: none;\">\n<ul class=\"product-description-list\">\n<li>P\u0142ozy dozuj\u0105ce, za\u0142adunek towar\u00f3w masowych i cystern, przesy\u0142anie ruroci\u0105giem, pomiar g\u0119sto\u015bci na linii produkcyjnej<\/li>\n<li>W\u0119glowodory ciek\u0142e, gazy skroplone (propan itp.)<\/li>\n<\/ul>\n<\/li>\n<\/ul>\n<h5>Przemys\u0142 celulozowo-papierniczy<\/h5>\n<ul class=\"product-description-list\">\n<li style=\"list-style-type: none;\">\n<ul class=\"product-description-list\">\n<li>Materia\u0142 papierniczy, masa celulozowa<\/li>\n<li>Kuchnie z pow\u0142okami<\/li>\n<\/ul>\n<\/li>\n<\/ul>\n<h5>Przemys\u0142 wodno-\u015bciekowy<\/h5>\n<ul class=\"product-description-list\">\n<li>Dozowanie flokulant\u00f3w<\/li>\n<li>Pomiar przep\u0142ywu i g\u0119sto\u015bci osadu<\/li>\n<\/ul>\n<\/div>\n<\/div>\n<\/div>","protected":false},"excerpt":{"rendered":"<div class=\"short-description-head\">Przep\u0142ywomierz masowy Coriolisa MTD-ACMW zapewnia najlepsz\u0105 wydajno\u015b\u0107 pomiaru przep\u0142ywu masowego, g\u0119sto\u015bci i temperatury, z dok\u0142adno\u015bci\u0105 do \u00b10,1 %. Charakteryzuje si\u0119 nisk\u0105 rezystancj\u0105 i niskimi stratami ci\u015bnienia, co znacznie poprawia dok\u0142adno\u015b\u0107 pomiaru, rozszerza wsp\u00f3\u0142czynnik zakresu, poprawia zdolno\u015b\u0107 przeciwzak\u0142\u00f3ceniow\u0105 i w wi\u0119kszym stopniu spe\u0142nia coraz bardziej z\u0142o\u017cone warunki pracy na miejscu dla pomiar\u00f3w o wysokiej precyzji.<\/div>","protected":false},"featured_media":26409,"template":"","meta":[],"product_brand":[],"product_cat":[171,208,205,164,166,165],"product_tag":[],"class_list":{"0":"post-26407","1":"product","2":"type-product","3":"status-publish","4":"has-post-thumbnail","6":"product_cat-coriolis-flow-meters","7":"product_cat-gas-flow-meters","8":"product_cat-steam-flow-meters","9":"product_cat-air-flow-meters","10":"product_cat-liquid-flow-meters","11":"product_cat-oil-flow-meters","13":"first","14":"instock","15":"shipping-taxable","16":"purchasable","17":"product-type-simple"},"_links":{"self":[{"href":"https:\/\/metlaninst.com\/pl\/wp-json\/wp\/v2\/product\/26407","targetHints":{"allow":["GET"]}}],"collection":[{"href":"https:\/\/metlaninst.com\/pl\/wp-json\/wp\/v2\/product"}],"about":[{"href":"https:\/\/metlaninst.com\/pl\/wp-json\/wp\/v2\/types\/product"}],"version-history":[{"count":1,"href":"https:\/\/metlaninst.com\/pl\/wp-json\/wp\/v2\/product\/26407\/revisions"}],"predecessor-version":[{"id":26410,"href":"https:\/\/metlaninst.com\/pl\/wp-json\/wp\/v2\/product\/26407\/revisions\/26410"}],"wp:featuredmedia":[{"embeddable":true,"href":"https:\/\/metlaninst.com\/pl\/wp-json\/wp\/v2\/media\/26409"}],"wp:attachment":[{"href":"https:\/\/metlaninst.com\/pl\/wp-json\/wp\/v2\/media?parent=26407"}],"wp:term":[{"taxonomy":"product_brand","embeddable":true,"href":"https:\/\/metlaninst.com\/pl\/wp-json\/wp\/v2\/product_brand?post=26407"},{"taxonomy":"product_cat","embeddable":true,"href":"https:\/\/metlaninst.com\/pl\/wp-json\/wp\/v2\/product_cat?post=26407"},{"taxonomy":"product_tag","embeddable":true,"href":"https:\/\/metlaninst.com\/pl\/wp-json\/wp\/v2\/product_tag?post=26407"}],"curies":[{"name":"wp","href":"https:\/\/api.w.org\/{rel}","templated":true}]}}