{"id":26420,"date":"2025-02-15T09:24:32","date_gmt":"2025-02-15T09:24:32","guid":{"rendered":"https:\/\/www.metlaninst.com\/?post_type=product&#038;p=26420"},"modified":"2025-06-17T03:14:44","modified_gmt":"2025-06-17T03:14:44","slug":"precyzyjny-ultradzwiekowy-miernik-przeplywu-gazu-mts-lynsb","status":"publish","type":"product","link":"https:\/\/metlaninst.com\/pl\/p\/precyzyjny-ultradzwiekowy-miernik-przeplywu-gazu-mts-lynsb\/","title":{"rendered":"Precyzyjny ultrad\u017awi\u0119kowy przep\u0142ywomierz gazu (MTS-LYNSB)"},"content":{"rendered":"<div class=\"e-con-inner\">\n<div class=\"elementor-element e-con-full e-flex e-con e-child\">\n<div class=\"elementor-widget-container\">\n<h3 class=\"elementor-heading-title elementor-size-default\">Cechy:<\/h3>\n<\/div>\n<div class=\"elementor-widget-container\">\n<ol>\n<li data-zone-id=\"0\" data-line-index=\"0\" data-line=\"true\">Wysoka dok\u0142adno\u015b\u0107 dla gazu do \u00b10,5%<\/li>\n<li data-zone-id=\"0\" data-line-index=\"0\" data-line=\"true\">Brak ruchomych cz\u0119\u015bci, brak strat ci\u015bnienia, brak niedro\u017cno\u015bci linii<\/li>\n<li data-zone-id=\"0\" data-line-index=\"0\" data-line=\"true\">Brak smarowania lub okresowej konserwacji<\/li>\n<li data-zone-id=\"0\" data-line-index=\"0\" data-line=\"true\">Na pomiar nie maj\u0105 wp\u0142ywu w\u0142a\u015bciwo\u015bci gazu<\/li>\n<li data-zone-id=\"0\" data-line-index=\"0\" data-line=\"true\">Szeroki wsp\u00f3\u0142czynnik obrotu 100:1<\/li>\n<li data-zone-id=\"0\" data-line-index=\"0\" data-line=\"true\">Mo\u017cliwo\u015b\u0107 pracy dwukierunkowej<\/li>\n<li data-zone-id=\"0\" data-line-index=\"0\" data-line=\"true\">Dla wy\u015bwietlacza LCD dost\u0119pne s\u0105 j\u0119zyki angielski, hiszpa\u0144ski, francuski i inne na \u017cyczenie.<\/li>\n<li data-zone-id=\"0\" data-line-index=\"0\" data-line=\"true\">Ka\u017cdy przep\u0142ywomierz jest kalibrowany i przypisywany jest mu unikalny numer seryjny odpowiadaj\u0105cy wszystkim danym kalibracyjnym.<\/li>\n<\/ol>\n<\/div>\n<\/div>\n<div class=\"elementor-element e-con-full e-flex e-con e-child\">\n<div class=\"elementor-widget-container\">\n<h3 class=\"elementor-heading-title elementor-size-default\">Zastosowania:<\/h3>\n<\/div>\n<div class=\"elementor-widget-container\">\n<h5 class=\"first\">Typowe zastosowania:<\/h5>\n<div>\n<ul>\n<li data-zone-id=\"0\" data-line-index=\"0\" data-line=\"true\">Zastosowania zwi\u0105zane z transferem (gaz ziemny, N2, 02, powietrze, etylen)<\/li>\n<li data-zone-id=\"0\" data-line-index=\"0\" data-line=\"true\">Aplikacje l\u0105dowe i morskie<\/li>\n<li data-zone-id=\"0\" data-line-index=\"0\" data-line=\"true\">Podziemne magazyny gazu (mo\u017cliwy pomiar dwukierunkowy)<\/li>\n<li data-zone-id=\"0\" data-line-index=\"0\" data-line=\"true\">W przypadku gaz\u00f3w o wysokiej zawarto\u015bci H2S, takich jak gaz kwa\u015bny lub biogaz<\/li>\n<\/ul>\n<\/div>\n<h5>Bran\u017ce:<\/h5>\n<div>\n<ul>\n<li data-zone-id=\"0\" data-line-index=\"0\" data-line=\"true\">Rozwi\u0105zania upstream\/offshore<\/li>\n<li data-zone-id=\"0\" data-line-index=\"0\" data-line=\"true\">Magazynowanie i dystrybucja ropy naftowej i gazu<\/li>\n<li data-zone-id=\"0\" data-line-index=\"0\" data-line=\"true\">Rozwi\u0105zania dla rafinerii<\/li>\n<li data-zone-id=\"0\" data-line-index=\"0\" data-line=\"true\">Podziemne magazynowanie i przetwarzanie gazu<\/li>\n<li data-zone-id=\"0\" data-line-index=\"0\" data-line=\"true\">Rozwi\u0105zania dla ropy naftowej i gazu ziemnego na l\u0105dzie i w \u0142upkachPrzemys\u0142 \u017celazny, stalowy i metalowy<\/li>\n<\/ul>\n<\/div>\n<div><\/div>\n<\/div>\n<\/div>\n<\/div>","protected":false},"excerpt":{"rendered":"<div class=\"short-description-head\">\n<div data-zone-id=\"0\" data-line-index=\"0\" data-line=\"true\">MTS-LYNSB jest idealny zar\u00f3wno do transferu gazu ziemnego, jak i bardzo precyzyjnego pomiaru gaz\u00f3w procesowych z dok\u0142adno\u015bci\u0105 do \u00b10,5%. Mierzy pr\u0119dko\u015b\u0107 przep\u0142ywu gazu za pomoc\u0105 czas\u00f3w przej\u015bcia impuls\u00f3w ultrad\u017awi\u0119kowych i oblicza na tej podstawie pr\u0119dko\u015b\u0107 przep\u0142ywu w warunkach pomiaru.<\/div>\n<\/div>","protected":false},"featured_media":26421,"template":"","meta":[],"product_brand":[],"product_cat":[216,208,164],"product_tag":[],"class_list":{"0":"post-26420","1":"product","2":"type-product","3":"status-publish","4":"has-post-thumbnail","6":"product_cat-ultrasonic-gas-flow-meter","7":"product_cat-gas-flow-meters","8":"product_cat-air-flow-meters","10":"first","11":"instock","12":"shipping-taxable","13":"purchasable","14":"product-type-simple"},"_links":{"self":[{"href":"https:\/\/metlaninst.com\/pl\/wp-json\/wp\/v2\/product\/26420","targetHints":{"allow":["GET"]}}],"collection":[{"href":"https:\/\/metlaninst.com\/pl\/wp-json\/wp\/v2\/product"}],"about":[{"href":"https:\/\/metlaninst.com\/pl\/wp-json\/wp\/v2\/types\/product"}],"version-history":[{"count":2,"href":"https:\/\/metlaninst.com\/pl\/wp-json\/wp\/v2\/product\/26420\/revisions"}],"predecessor-version":[{"id":27022,"href":"https:\/\/metlaninst.com\/pl\/wp-json\/wp\/v2\/product\/26420\/revisions\/27022"}],"wp:featuredmedia":[{"embeddable":true,"href":"https:\/\/metlaninst.com\/pl\/wp-json\/wp\/v2\/media\/26421"}],"wp:attachment":[{"href":"https:\/\/metlaninst.com\/pl\/wp-json\/wp\/v2\/media?parent=26420"}],"wp:term":[{"taxonomy":"product_brand","embeddable":true,"href":"https:\/\/metlaninst.com\/pl\/wp-json\/wp\/v2\/product_brand?post=26420"},{"taxonomy":"product_cat","embeddable":true,"href":"https:\/\/metlaninst.com\/pl\/wp-json\/wp\/v2\/product_cat?post=26420"},{"taxonomy":"product_tag","embeddable":true,"href":"https:\/\/metlaninst.com\/pl\/wp-json\/wp\/v2\/product_tag?post=26420"}],"curies":[{"name":"wp","href":"https:\/\/api.w.org\/{rel}","templated":true}]}}