{"id":26591,"date":"2024-12-15T08:22:22","date_gmt":"2024-12-15T08:22:22","guid":{"rendered":"https:\/\/www.metlaninst.com\/?post_type=product&#038;p=26591"},"modified":"2025-03-21T02:25:06","modified_gmt":"2025-03-21T02:25:06","slug":"przeplywomierze-turbinowe-o-wysokiej-dokladnosci-lwgymt-es","status":"publish","type":"product","link":"https:\/\/metlaninst.com\/pl\/p\/przeplywomierze-turbinowe-o-wysokiej-dokladnosci-lwgymt-es\/","title":{"rendered":"Przep\u0142ywomierze gazu do turbin o wysokiej dok\u0142adno\u015bci (LWGYMT-ES)"},"content":{"rendered":"<div class=\"e-con-inner\">\n<div class=\"elementor-element e-con-full e-flex e-con e-child\">\n<div class=\"elementor-widget-container\">\n<h3 class=\"elementor-heading-title elementor-size-default\">Cechy:<\/h3>\n<\/div>\n<div class=\"elementor-widget-container\">\n<ol>\n<li>Kompensacja temperatury i ci\u015bnienia.<\/li>\n<li>Segmentowy wy\u015bwietlacz LCD, wy\u015bwietla normalnie przy -30 \u2103<\/li>\n<li>Zintegrowany ruch<\/li>\n<li>Komunikacja: Modbus RS485<\/li>\n<li>Jednoczesne wy\u015bwietlanie nat\u0119\u017cenia przep\u0142ywu, ca\u0142kowitej obj\u0119to\u015bci przep\u0142ywu, ci\u015bnienia i temperatury.<\/li>\n<li>Dost\u0119pne r\u00f3wnie\u017c w wersjach dostosowanych do potrzeb klienta<\/li>\n<li>Dla wy\u015bwietlacza LCD dost\u0119pne s\u0105 j\u0119zyki angielski, hiszpa\u0144ski, francuski i inne na \u017cyczenie.<\/li>\n<li>Ka\u017cdy przep\u0142ywomierz jest kalibrowany i przypisywany jest mu unikalny numer seryjny odpowiadaj\u0105cy wszystkim danym kalibracyjnym.<\/li>\n<\/ol>\n<\/div>\n<\/div>\n<div class=\"elementor-element e-con-full e-flex e-con e-child\">\n<div class=\"elementor-widget-container\">\n<h3 class=\"elementor-heading-title elementor-size-default\">Zastosowania:<\/h3>\n<\/div>\n<div class=\"elementor-widget-container\">\n<h5>Og\u00f3lne<\/h5>\n<div>\n<ul>\n<li data-zone-id=\"0\" data-line-index=\"0\" data-line=\"true\">Dok\u0142adny pomiar przep\u0142ywu gazu w r\u00f3\u017cnych warunkach przemys\u0142owych<\/li>\n<\/ul>\n<\/div>\n<h5>Przemys\u0142 naftowy i gazowy<\/h5>\n<div>\n<ul>\n<li data-zone-id=\"0\" data-line-index=\"0\" data-line=\"true\">Monitorowanie ruroci\u0105g\u00f3w gazu ziemnego<\/li>\n<li data-zone-id=\"0\" data-line-index=\"0\" data-line=\"true\">Dok\u0142adne pomiary w systemach wtrysku i przetwarzania gazu<\/li>\n<\/ul>\n<\/div>\n<h5>Produkcja przemys\u0142owa<\/h5>\n<div>\n<ul>\n<li data-zone-id=\"0\" data-line-index=\"0\" data-line=\"true\">Pomiar gaz\u00f3w w przetw\u00f3rstwie przemys\u0142owym i zastosowaniach chemicznych<\/li>\n<\/ul>\n<h5>Wytwarzanie energii<\/h5>\n<div>\n<ul>\n<li data-zone-id=\"0\" data-line-index=\"0\" data-line=\"true\">Monitorowanie przep\u0142ywu gazu pod k\u0105tem wydajno\u015bci w elektrowniach<\/li>\n<\/ul>\n<\/div>\n<\/div>\n<\/div>\n<\/div>\n<\/div>","protected":false},"excerpt":{"rendered":"<div class=\"short-description-head\">\n<div data-zone-id=\"0\" data-line-index=\"0\" data-line=\"true\">LWGYMT-ES to przep\u0142ywomierz gazu turbinowego o wysokiej dok\u0142adno\u015bci do \u00b11,0%. Doskonale nadaje si\u0119 do pomiaru niekorozyjnych medi\u00f3w gazowych o \u015brednim i niskim nat\u0119\u017ceniu przep\u0142ywu, takich jak gaz ziemny, propan, butan, dwutlenek w\u0119gla i azot, szeroko stosowanych w przemy\u015ble chemicznym. <em>pomiar gazu<\/em> dla przemys\u0142u naftowego, chemicznego, energetycznego i metalurgicznego, system\u00f3w kot\u0142owych, a tak\u017ce w miejskich sieciach gazu ziemnego, stacjach regulacji ci\u015bnienia gazu i pomiarach handlu gazem.<\/div>\n<\/div>","protected":false},"featured_media":26592,"template":"","meta":[],"product_brand":[],"product_cat":[120,208,164],"product_tag":[],"class_list":{"0":"post-26591","1":"product","2":"type-product","3":"status-publish","4":"has-post-thumbnail","6":"product_cat-turbine-flow-meters","7":"product_cat-gas-flow-meters","8":"product_cat-air-flow-meters","10":"first","11":"instock","12":"shipping-taxable","13":"purchasable","14":"product-type-simple"},"_links":{"self":[{"href":"https:\/\/metlaninst.com\/pl\/wp-json\/wp\/v2\/product\/26591","targetHints":{"allow":["GET"]}}],"collection":[{"href":"https:\/\/metlaninst.com\/pl\/wp-json\/wp\/v2\/product"}],"about":[{"href":"https:\/\/metlaninst.com\/pl\/wp-json\/wp\/v2\/types\/product"}],"version-history":[{"count":1,"href":"https:\/\/metlaninst.com\/pl\/wp-json\/wp\/v2\/product\/26591\/revisions"}],"predecessor-version":[{"id":26593,"href":"https:\/\/metlaninst.com\/pl\/wp-json\/wp\/v2\/product\/26591\/revisions\/26593"}],"wp:featuredmedia":[{"embeddable":true,"href":"https:\/\/metlaninst.com\/pl\/wp-json\/wp\/v2\/media\/26592"}],"wp:attachment":[{"href":"https:\/\/metlaninst.com\/pl\/wp-json\/wp\/v2\/media?parent=26591"}],"wp:term":[{"taxonomy":"product_brand","embeddable":true,"href":"https:\/\/metlaninst.com\/pl\/wp-json\/wp\/v2\/product_brand?post=26591"},{"taxonomy":"product_cat","embeddable":true,"href":"https:\/\/metlaninst.com\/pl\/wp-json\/wp\/v2\/product_cat?post=26591"},{"taxonomy":"product_tag","embeddable":true,"href":"https:\/\/metlaninst.com\/pl\/wp-json\/wp\/v2\/product_tag?post=26591"}],"curies":[{"name":"wp","href":"https:\/\/api.w.org\/{rel}","templated":true}]}}