{"id":26621,"date":"2024-09-15T13:30:46","date_gmt":"2024-09-15T13:30:46","guid":{"rendered":"https:\/\/www.metlaninst.com\/?post_type=product&#038;p=26621"},"modified":"2025-03-21T02:47:06","modified_gmt":"2025-03-21T02:47:06","slug":"przeplywomierz-gazu-z-rurka-pitota-mtkb-201x","status":"publish","type":"product","link":"https:\/\/metlaninst.com\/pl\/p\/przeplywomierz-gazu-z-rurka-pitota-mtkb-201x\/","title":{"rendered":"Przep\u0142ywomierz gazu z rurk\u0105 Pitota MTKB-201x"},"content":{"rendered":"<div class=\"e-con-inner\">\n<div class=\"elementor-element e-con-full e-flex e-con e-child\">\n<div class=\"elementor-widget-container\">\n<h3 class=\"elementor-heading-title elementor-size-default\">Cechy:<\/h3>\n<\/div>\n<div class=\"elementor-widget-container\">\n<ol>\n<li>Zastosowanie do pomiaru zanieczyszczonego i wilgotnego powietrza<\/li>\n<li>Automatyczna kalibracja online zmniejsza dryft danych<\/li>\n<li>wysoka czu\u0142o\u015b\u0107, dolna granica wynosi do 5 Nm\/s<\/li>\n<li>Szeroki wsp\u00f3\u0142czynnik obrotu 1:60<\/li>\n<li>Dwukierunkowy pomiar przep\u0142ywu<\/li>\n<li>Zintegrowane czujniki ci\u015bnienia i temperatury do monitorowania ci\u015bnienia i temperatury gazu online<\/li>\n<li>Brak ruchomych cz\u0119\u015bci, niski spadek ci\u015bnienia<\/li>\n<li>Wibracje ruroci\u0105gu nie maj\u0105 na niego wp\u0142ywu<\/li>\n<li>Dla wy\u015bwietlacza LCD dost\u0119pne s\u0105 j\u0119zyki angielski, hiszpa\u0144ski, francuski i inne na \u017cyczenie.<\/li>\n<li>Ka\u017cdy przep\u0142ywomierz jest kalibrowany i przypisywany jest mu unikalny numer seryjny odpowiadaj\u0105cy wszystkim danym kalibracyjnym.<\/li>\n<\/ol>\n<\/div>\n<\/div>\n<div class=\"elementor-element e-con-full e-flex e-con e-child\">\n<div class=\"elementor-widget-container\">\n<h3 class=\"elementor-heading-title elementor-size-default\">Zastosowania:<\/h3>\n<\/div>\n<div class=\"elementor-widget-container\">\n<p><strong>Og\u00f3lne<\/strong><\/p>\n<ul>\n<li>Suche\/mokre powietrze i gazy niekorozyjne<\/li>\n<li>Media i para, monitorowanie energii<\/li>\n<li>Procesy spalania termicznego, powietrze pierwotne i wt\u00f3rne<\/li>\n<li>Odpylanie i wentylacja<\/li>\n<li>Spr\u0119\u017cone powietrze<\/li>\n<li>Biogaz<\/li>\n<\/ul>\n<\/div>\n<\/div>\n<\/div>","protected":false},"excerpt":{"rendered":"<div class=\"short-description-head\">\n<div data-zone-id=\"0\" data-line-index=\"0\" data-line=\"true\">Przep\u0142ywomierz r\u00f3\u017cnicy ci\u015bnie\u0144 z rurk\u0105 Pitota MTKB-201x jest doskona\u0142ym wyborem dla gaz\u00f3w, zw\u0142aszcza gaz\u00f3w brudnych\/mokrych, nie powoduj\u0105cych korozji. Bardzo niski limit pomiarowy, kt\u00f3ry mo\u017ce osi\u0105gn\u0105\u0107 5 Nm\/s i wsp\u00f3\u0142czynnik turndown 1:60. Automatyczna kalibracja online automatycznie kompensuje wp\u0142yw zmian temperatury, ci\u015bnienia i zanieczyszczenia czujnika.<\/div>\n<\/div>","protected":false},"featured_media":26624,"template":"","meta":[],"product_brand":[],"product_cat":[122,208,164],"product_tag":[],"class_list":{"0":"post-26621","1":"product","2":"type-product","3":"status-publish","4":"has-post-thumbnail","6":"product_cat-differential-pressure-flow-meters","7":"product_cat-gas-flow-meters","8":"product_cat-air-flow-meters","10":"first","11":"instock","12":"shipping-taxable","13":"purchasable","14":"product-type-variable"},"_links":{"self":[{"href":"https:\/\/metlaninst.com\/pl\/wp-json\/wp\/v2\/product\/26621","targetHints":{"allow":["GET"]}}],"collection":[{"href":"https:\/\/metlaninst.com\/pl\/wp-json\/wp\/v2\/product"}],"about":[{"href":"https:\/\/metlaninst.com\/pl\/wp-json\/wp\/v2\/types\/product"}],"version-history":[{"count":2,"href":"https:\/\/metlaninst.com\/pl\/wp-json\/wp\/v2\/product\/26621\/revisions"}],"predecessor-version":[{"id":26628,"href":"https:\/\/metlaninst.com\/pl\/wp-json\/wp\/v2\/product\/26621\/revisions\/26628"}],"wp:featuredmedia":[{"embeddable":true,"href":"https:\/\/metlaninst.com\/pl\/wp-json\/wp\/v2\/media\/26624"}],"wp:attachment":[{"href":"https:\/\/metlaninst.com\/pl\/wp-json\/wp\/v2\/media?parent=26621"}],"wp:term":[{"taxonomy":"product_brand","embeddable":true,"href":"https:\/\/metlaninst.com\/pl\/wp-json\/wp\/v2\/product_brand?post=26621"},{"taxonomy":"product_cat","embeddable":true,"href":"https:\/\/metlaninst.com\/pl\/wp-json\/wp\/v2\/product_cat?post=26621"},{"taxonomy":"product_tag","embeddable":true,"href":"https:\/\/metlaninst.com\/pl\/wp-json\/wp\/v2\/product_tag?post=26621"}],"curies":[{"name":"wp","href":"https:\/\/api.w.org\/{rel}","templated":true}]}}