{"id":26694,"date":"2025-04-19T02:56:05","date_gmt":"2025-04-19T02:56:05","guid":{"rendered":"https:\/\/www.metlaninst.com\/?post_type=product&#038;p=26694"},"modified":"2025-06-15T11:05:40","modified_gmt":"2025-06-15T11:05:40","slug":"sterownik-przeplywomierza-masowego-gazu-termicznego-mtl20fd","status":"publish","type":"product","link":"https:\/\/metlaninst.com\/pl\/p\/sterownik-przeplywomierza-masowego-gazu-termicznego-mtl20fd\/","title":{"rendered":"Termiczny przep\u0142ywomierz masowy gazu \/ kontroler (MTL20FD)"},"content":{"rendered":"<div class=\"e-con-inner\">\n<div class=\"elementor-element e-con-full e-flex e-con e-child\">\n<div class=\"elementor-widget-container\">\n<h3 class=\"elementor-heading-title elementor-size-default\">Cechy:<\/h3>\n<\/div>\n<div class=\"elementor-widget-container\">\n<ol>\n<li data-zone-id=\"0\" data-line-index=\"0\" data-line=\"true\">\u00a0Zaprojektowany do pomiaru gaz\u00f3w o niskim przep\u0142ywie.<\/li>\n<li data-zone-id=\"0\" data-line-index=\"0\" data-line=\"true\">Wsp\u00f3\u0142czynnik obrotu w d\u00f3\u0142: 50:1 dla cyfrowego regulatora przep\u0142ywu masowego; 100:1 dla cyfrowego przep\u0142ywomierza masowego.<\/li>\n<li data-zone-id=\"0\" data-line-index=\"0\" data-line=\"true\">Czas reakcji: regulator przep\u0142ywu masowego &lt;0,2 s; przep\u0142ywomierz masowy &lt;0,1 s<\/li>\n<li data-zone-id=\"0\" data-line-index=\"0\" data-line=\"true\">Zintegrowany regulator PID do regulacji nat\u0119\u017cenia przep\u0142ywu<\/li>\n<li data-zone-id=\"0\" data-line-index=\"0\" data-line=\"true\">Bezpo\u015bredni pomiar masowego nat\u0119\u017cenia przep\u0142ywu, automatyczna kompensacja temperatury<\/li>\n<li data-zone-id=\"0\" data-line-index=\"0\" data-line=\"true\">Dotykowy ekran wy\u015bwietlacza<\/li>\n<li data-zone-id=\"0\" data-line-index=\"0\" data-line=\"true\">Nadaje si\u0119 do r\u00f3\u017cnych ruroci\u0105g\u00f3w wysokiego i niskiego ci\u015bnienia.<\/li>\n<li data-zone-id=\"0\" data-line-index=\"0\" data-line=\"true\">Dla wy\u015bwietlacza LCD dost\u0119pne s\u0105 j\u0119zyki angielski, hiszpa\u0144ski, francuski i inne na \u017cyczenie.<\/li>\n<li data-zone-id=\"0\" data-line-index=\"0\" data-line=\"true\">Ka\u017cdy przep\u0142ywomierz jest kalibrowany i przypisywany jest mu unikalny numer seryjny odpowiadaj\u0105cy wszystkim danym kalibracyjnym.<\/li>\n<\/ol>\n<\/div>\n<\/div>\n<div class=\"elementor-element e-con-full e-flex e-con e-child\">\n<div class=\"elementor-widget-container\">\n<h3 class=\"elementor-heading-title elementor-size-default\">Zastosowania:<\/h3>\n<\/div>\n<div class=\"elementor-widget-container\">\n<p>Przemys\u0142 szklarski, energia s\u0142oneczna, monitorowanie atmosfery, przemys\u0142<br \/>\nprodukcja, ropa naftowa i petrochemia, zarz\u0105dzanie z\u0142otem w\u0119glowym,<br \/>\nprodukcja i dystrybucja gazu, ochrona \u015brodowiska,<br \/>\nenergia wodorowa \/ ogniwa paliwowe, analiza r\u00f3\u017cnych instrument\u00f3w<\/p>\n<\/div>\n<\/div>\n<\/div>","protected":false},"excerpt":{"rendered":"<div class=\"short-description-head\">\n<div data-zone-id=\"0\" data-line-index=\"0\" data-line=\"true\">MTL20FD to seria precyzyjnych przep\u0142ywomierzy \/ regulator\u00f3w masowych o dok\u0142adno\u015bci do \u00b1 0,5% pe\u0142nej skali opartej na zasadzie termicznej. Mo\u017ce by\u0107 u\u017cywana do r\u00f3\u017cnych eksperyment\u00f3w w laboratoriach i z\u0142o\u017conych \u015brodowiskach przemys\u0142owych. Aby dostosowa\u0107 si\u0119 do z\u0142o\u017conych \u015brodowisk przemys\u0142owych, mamy r\u00f3wnie\u017c niekt\u00f3re modele, kt\u00f3re obs\u0142uguj\u0105 stopie\u0144 ochrony przed py\u0142em i wod\u0105 IP67, a tak\u017ce iskrobezpieczne przeciwwybuchowe IICT4. Opr\u00f3cz standardowego analogowego interfejsu wej\u015bcia\/wyj\u015bcia, obs\u0142uguje on r\u00f3wnie\u017c interfejs 485\/232, a protoko\u0142em komunikacyjnym jest standardowy protok\u00f3\u0142 modbus RTU.<\/div>\n<\/div>","protected":false},"featured_media":26789,"template":"","meta":[],"product_brand":[],"product_cat":[223],"product_tag":[],"class_list":{"0":"post-26694","1":"product","2":"type-product","3":"status-publish","4":"has-post-thumbnail","6":"product_cat-low-flow-mass-flow-meter-controller","8":"first","9":"instock","10":"shipping-taxable","11":"purchasable","12":"product-type-simple"},"_links":{"self":[{"href":"https:\/\/metlaninst.com\/pl\/wp-json\/wp\/v2\/product\/26694","targetHints":{"allow":["GET"]}}],"collection":[{"href":"https:\/\/metlaninst.com\/pl\/wp-json\/wp\/v2\/product"}],"about":[{"href":"https:\/\/metlaninst.com\/pl\/wp-json\/wp\/v2\/types\/product"}],"version-history":[{"count":1,"href":"https:\/\/metlaninst.com\/pl\/wp-json\/wp\/v2\/product\/26694\/revisions"}],"predecessor-version":[{"id":26696,"href":"https:\/\/metlaninst.com\/pl\/wp-json\/wp\/v2\/product\/26694\/revisions\/26696"}],"wp:featuredmedia":[{"embeddable":true,"href":"https:\/\/metlaninst.com\/pl\/wp-json\/wp\/v2\/media\/26789"}],"wp:attachment":[{"href":"https:\/\/metlaninst.com\/pl\/wp-json\/wp\/v2\/media?parent=26694"}],"wp:term":[{"taxonomy":"product_brand","embeddable":true,"href":"https:\/\/metlaninst.com\/pl\/wp-json\/wp\/v2\/product_brand?post=26694"},{"taxonomy":"product_cat","embeddable":true,"href":"https:\/\/metlaninst.com\/pl\/wp-json\/wp\/v2\/product_cat?post=26694"},{"taxonomy":"product_tag","embeddable":true,"href":"https:\/\/metlaninst.com\/pl\/wp-json\/wp\/v2\/product_tag?post=26694"}],"curies":[{"name":"wp","href":"https:\/\/api.w.org\/{rel}","templated":true}]}}