{"id":26697,"date":"2025-04-19T03:28:22","date_gmt":"2025-04-19T03:28:22","guid":{"rendered":"https:\/\/www.metlaninst.com\/?post_type=product&#038;p=26697"},"modified":"2025-11-05T01:52:50","modified_gmt":"2025-11-05T01:52:50","slug":"sterownik-przeplywomierza-masowego-gazu-o-roznicy-cisnien-mtl20fc","status":"publish","type":"product","link":"https:\/\/metlaninst.com\/pl\/p\/sterownik-przeplywomierza-masowego-gazu-o-roznicy-cisnien-mtl20fc\/","title":{"rendered":"R\u00f3\u017cnicowo-ci\u015bnieniowy przep\u0142ywomierz masowy \/ kontroler MTL20FC"},"content":{"rendered":"<div class=\"e-con-inner\">\n<div class=\"elementor-element e-con-full e-flex e-con e-child\">\n<div class=\"elementor-widget-container\">\n<h3 class=\"elementor-heading-title elementor-size-default\">Cechy:<\/h3>\n<\/div>\n<div class=\"elementor-widget-container\">\n<ol>\n<li data-zone-id=\"0\" data-line-index=\"0\" data-line=\"true\">\u00a0Zaprojektowany do pomiaru niskiego przep\u0142ywu cieczy\/gazu\/pary.<\/li>\n<li data-zone-id=\"0\" data-line-index=\"0\" data-line=\"true\">Wsp\u00f3\u0142czynnik obrotu w d\u00f3\u0142: 50:1 dla cyfrowego regulatora przep\u0142ywu masowego; 100:1 dla cyfrowego przep\u0142ywomierza masowego.<\/li>\n<li data-zone-id=\"0\" data-line-index=\"0\" data-line=\"true\">Czas reakcji: regulator przep\u0142ywu masowego &lt;0,2 s; przep\u0142ywomierz masowy &lt;0,1 s<\/li>\n<li data-zone-id=\"0\" data-line-index=\"0\" data-line=\"true\">Zintegrowany regulator PID do regulacji nat\u0119\u017cenia przep\u0142ywu<\/li>\n<li data-zone-id=\"0\" data-line-index=\"0\" data-line=\"true\">Bezpo\u015bredni pomiar masowego nat\u0119\u017cenia przep\u0142ywu, automatyczna kompensacja temperatury<\/li>\n<li data-zone-id=\"0\" data-line-index=\"0\" data-line=\"true\">Dotykowy ekran wy\u015bwietlacza<\/li>\n<li data-zone-id=\"0\" data-line-index=\"0\" data-line=\"true\">Nie wymaga wst\u0119pnego podgrzewania, brak op\u00f3\u017anienia reakcji podczas pomiaru.<\/li>\n<li data-zone-id=\"0\" data-line-index=\"0\" data-line=\"true\">Dla wy\u015bwietlacza LCD dost\u0119pne s\u0105 j\u0119zyki angielski, hiszpa\u0144ski, francuski i inne na \u017cyczenie.<\/li>\n<li data-zone-id=\"0\" data-line-index=\"0\" data-line=\"true\">Ka\u017cdy przep\u0142ywomierz jest kalibrowany i przypisywany jest mu unikalny numer seryjny odpowiadaj\u0105cy wszystkim danym kalibracyjnym.<\/li>\n<\/ol>\n<\/div>\n<\/div>\n<div class=\"elementor-element e-con-full e-flex e-con e-child\">\n<div class=\"elementor-widget-container\">\n<h3 class=\"elementor-heading-title elementor-size-default\">Zastosowania:<\/h3>\n<\/div>\n<div class=\"elementor-widget-container\">\n<p>Pr\u00f3\u017cnia, powlekanie, energia s\u0142oneczna, p\u00f3\u0142przewodniki, ropa naftowa i inne.<br \/>\npetrochemia, metalurgia w\u0119gla, produkcja i dystrybucja gazu,<br \/>\nochrona \u015brodowiska, energia wodorowa \/ ogniwa paliwowe, wszelkiego rodzaju analizy instrument\u00f3w<\/p>\n<\/div>\n<\/div>\n<\/div>","protected":false},"excerpt":{"rendered":"<div class=\"short-description-head\">\n<div data-zone-id=\"0\" data-line-index=\"0\" data-line=\"true\">W oparciu o zasad\u0119 r\u00f3\u017cnicy ci\u015bnie\u0144, seria przep\u0142ywomierzy \/ regulator\u00f3w masowych MTL20FC mo\u017ce jednocze\u015bnie wy\u015bwietla\u0107 i wyprowadza\u0107 chwilowe nat\u0119\u017cenie przep\u0142ywu, skumulowane nat\u0119\u017cenie przep\u0142ywu, ci\u015bnienie, temperatur\u0119 itp. Gdy wymagane s\u0105 funkcje sterowania, mo\u017cna r\u00f3wnie\u017c zainstalowa\u0107 elektromagnetyczne proporcjonalne zawory steruj\u0105ce i wbudowane funkcje regulacji PID.<\/div>\n<\/div>","protected":false},"featured_media":26788,"template":"","meta":[],"product_brand":[],"product_cat":[223],"product_tag":[],"class_list":{"0":"post-26697","1":"product","2":"type-product","3":"status-publish","4":"has-post-thumbnail","6":"product_cat-low-flow-mass-flow-meter-controller","8":"first","9":"instock","10":"shipping-taxable","11":"purchasable","12":"product-type-simple"},"_links":{"self":[{"href":"https:\/\/metlaninst.com\/pl\/wp-json\/wp\/v2\/product\/26697","targetHints":{"allow":["GET"]}}],"collection":[{"href":"https:\/\/metlaninst.com\/pl\/wp-json\/wp\/v2\/product"}],"about":[{"href":"https:\/\/metlaninst.com\/pl\/wp-json\/wp\/v2\/types\/product"}],"version-history":[{"count":3,"href":"https:\/\/metlaninst.com\/pl\/wp-json\/wp\/v2\/product\/26697\/revisions"}],"predecessor-version":[{"id":27067,"href":"https:\/\/metlaninst.com\/pl\/wp-json\/wp\/v2\/product\/26697\/revisions\/27067"}],"wp:featuredmedia":[{"embeddable":true,"href":"https:\/\/metlaninst.com\/pl\/wp-json\/wp\/v2\/media\/26788"}],"wp:attachment":[{"href":"https:\/\/metlaninst.com\/pl\/wp-json\/wp\/v2\/media?parent=26697"}],"wp:term":[{"taxonomy":"product_brand","embeddable":true,"href":"https:\/\/metlaninst.com\/pl\/wp-json\/wp\/v2\/product_brand?post=26697"},{"taxonomy":"product_cat","embeddable":true,"href":"https:\/\/metlaninst.com\/pl\/wp-json\/wp\/v2\/product_cat?post=26697"},{"taxonomy":"product_tag","embeddable":true,"href":"https:\/\/metlaninst.com\/pl\/wp-json\/wp\/v2\/product_tag?post=26697"}],"curies":[{"name":"wp","href":"https:\/\/api.w.org\/{rel}","templated":true}]}}