{"id":26700,"date":"2025-04-19T03:35:25","date_gmt":"2025-04-19T03:35:25","guid":{"rendered":"https:\/\/www.metlaninst.com\/?post_type=product&#038;p=26700"},"modified":"2025-09-12T14:41:34","modified_gmt":"2025-09-12T14:41:34","slug":"sterownik-przeplywomierza-masowego-coriolisa-mtl20fe","status":"publish","type":"product","link":"https:\/\/metlaninst.com\/pl\/p\/sterownik-przeplywomierza-masowego-coriolisa-mtl20fe\/","title":{"rendered":"Przep\u0142ywomierz masowy Coriolisa \/ kontroler MTL20FE"},"content":{"rendered":"<div class=\"e-con-inner\">\n<div class=\"elementor-element e-con-full e-flex e-con e-child\">\n<div class=\"elementor-widget-container\">\n<h3 class=\"elementor-heading-title elementor-size-default\">Cechy:<\/h3>\n<\/div>\n<div class=\"elementor-widget-container\">\n<ol>\n<li data-zone-id=\"0\" data-line-index=\"0\" data-line=\"true\">Zaprojektowany do pomiaru niskich przep\u0142yw\u00f3w gazu\/cieczy.<\/li>\n<li data-zone-id=\"0\" data-line-index=\"0\" data-line=\"true\">Wysoka precyzja, dobra powtarzalno\u015b\u0107. W przypadku cieczy dok\u0142adno\u015b\u0107 pomiaru mo\u017ce osi\u0105gn\u0105\u0107 \u00b1 0,25%; w przypadku gaz\u00f3w dok\u0142adno\u015b\u0107 pomiaru mo\u017ce osi\u0105gn\u0105\u0107 \u00b1 0,5%.<\/li>\n<li data-zone-id=\"0\" data-line-index=\"0\" data-line=\"true\">Wysoka niezawodno\u015b\u0107 i stabilno\u015b\u0107, odporno\u015b\u0107 na ekstremalne warunki \u015brodowiskowe: Produkt utrzymuje sta\u0142\u0105 wydajno\u015b\u0107 nawet w \u015brodowiskach podatnych na wibracje. W przypadku przypadkowych zak\u0142\u00f3ce\u0144 fizycznych, takich jak uderzenia lub kolizje, system automatycznie przywraca stabilny pomiar w ci\u0105gu 400 milisekund.<\/li>\n<li data-zone-id=\"0\" data-line-index=\"0\" data-line=\"true\">Mo\u017ce mierzy\u0107 ciecz o wysokiej lepko\u015bci i gaz o wysokiej g\u0119sto\u015bci: MTL20FE mierzy szeroki zakres p\u0142yn\u00f3w, takich jak<br \/>\nOlej smarowy, ciek\u0142y azot i inne p\u0142yny o du\u017cej g\u0119sto\u015bci mog\u0105 by\u0107 r\u00f3wnie\u017c dok\u0142adnie mierzone.<\/li>\n<li data-zone-id=\"0\" data-line-index=\"0\" data-line=\"true\">Wsp\u00f3\u0142czynnik obrotu w d\u00f3\u0142: 50:1 dla cyfrowego regulatora przep\u0142ywu masowego; 100:1 dla cyfrowego przep\u0142ywomierza masowego.<\/li>\n<li data-zone-id=\"0\" data-line-index=\"0\" data-line=\"true\">Czas reakcji: regulator przep\u0142ywu masowego &lt;0,2 s; przep\u0142ywomierz masowy &lt;0,1 s<\/li>\n<li data-zone-id=\"0\" data-line-index=\"0\" data-line=\"true\">Zintegrowany regulator PID do regulacji nat\u0119\u017cenia przep\u0142ywu.<\/li>\n<li data-zone-id=\"0\" data-line-index=\"0\" data-line=\"true\">Bezpo\u015bredni pomiar masowego nat\u0119\u017cenia przep\u0142ywu, automatyczna kompensacja temperatury.<\/li>\n<li data-zone-id=\"0\" data-line-index=\"0\" data-line=\"true\">Dotykowy ekran wy\u015bwietlacza.<\/li>\n<li data-zone-id=\"0\" data-line-index=\"0\" data-line=\"true\">Nie wymaga wst\u0119pnego podgrzewania, brak op\u00f3\u017anienia reakcji podczas pomiaru.<\/li>\n<li data-zone-id=\"0\" data-line-index=\"0\" data-line=\"true\">Dla wy\u015bwietlacza LCD dost\u0119pne s\u0105 j\u0119zyki angielski, hiszpa\u0144ski, francuski i inne na \u017cyczenie.<\/li>\n<li data-zone-id=\"0\" data-line-index=\"0\" data-line=\"true\">Ka\u017cdy przep\u0142ywomierz jest kalibrowany i przypisywany jest mu unikalny numer seryjny odpowiadaj\u0105cy wszystkim danym kalibracyjnym.<\/li>\n<\/ol>\n<\/div>\n<\/div>\n<div class=\"elementor-element e-con-full e-flex e-con e-child\">\n<div class=\"elementor-widget-container\">\n<h3 class=\"elementor-heading-title elementor-size-default\">Zastosowania:<\/h3>\n<\/div>\n<div class=\"elementor-widget-container\">\n<ul>\n<li><strong>Produkcja p\u00f3\u0142przewodnik\u00f3w:<\/strong> Precyzyjna kontrola przep\u0142ywu gazu i cieczy w celu zapewnienia dok\u0142adno\u015bci w procesach produkcji chip\u00f3w.<\/li>\n<li><strong>Przetwarzanie \u017cywno\u015bci i napoj\u00f3w:<\/strong> Dok\u0142adne dozowanie dodatk\u00f3w do \u017cywno\u015bci, aromat\u00f3w i produkt\u00f3w mlecznych w celu utrzymania sta\u0142ej jako\u015bci produktu.<\/li>\n<li><strong>Badania naukowe:<\/strong> Umo\u017cliwia dok\u0142adny pomiar cieczy na potrzeby reakcji chemicznych i opracowywania receptur.<\/li>\n<li><strong>Ropa, gaz i energia:<\/strong> Optymalizacja kontroli przep\u0142ywu reagent\u00f3w i produkt\u00f3w w celu zwi\u0119kszenia wydajno\u015bci produkcji i jako\u015bci wynik\u00f3w.<\/li>\n<li><strong>Monitorowanie \u015brodowiska:<\/strong> Zapewnia wiarygodne pomiary emisji na potrzeby kontroli zanieczyszcze\u0144 i zgodno\u015bci z przepisami.<\/li>\n<li><strong>Technologia ogniw paliwowych:<\/strong> Precyzyjna regulacja stosunku przep\u0142ywu wodoru do tlenu w celu zmaksymalizowania wydajno\u015bci i \u017cywotno\u015bci ogniwa.<br \/>\nProdukcja farmaceutyczna: Zapewnienie \u015bcis\u0142ej kontroli dawkowania sk\u0142adnik\u00f3w aktywnych w celu zapewnienia bezpiecze\u0144stwa lek\u00f3w i sp\u00f3jno\u015bci partii.<\/li>\n<\/ul>\n<\/div>\n<\/div>\n<\/div>","protected":false},"excerpt":{"rendered":"<div class=\"short-description-head\">\n<div data-zone-id=\"0\" data-line-index=\"0\" data-line=\"true\">Regulator przep\u0142ywu masowego\/przep\u0142ywomierz Coriolisa z serii MTL20FE to wysoce precyzyjny przyrz\u0105d, kt\u00f3ry wykorzystuje zaawansowan\u0105 technologi\u0119 Coriolisa do dostarczania wyj\u0105tkowo dok\u0142adnych pomiar\u00f3w p\u0142yn\u00f3w bez wp\u0142ywu na ich charakterystyk\u0119, dzi\u0119ki czemu idealnie nadaje si\u0119 do pomiaru bardzo ma\u0142ych nat\u0119\u017ce\u0144 przep\u0142ywu z niezr\u00f3wnan\u0105 niezawodno\u015bci\u0105. Dzi\u0119ki ci\u0105g\u0142ym innowacjom technologicznym seria ta nie tylko zapewnia bezpo\u015bredni pomiar przep\u0142ywu masowego, ale tak\u017ce jednocze\u015bnie mierzy g\u0119sto\u015b\u0107 i temperatur\u0119 p\u0142ynu, oferuj\u0105c dwa poziomy precyzji: dok\u0142adno\u015b\u0107 \u00b10,25% dla cieczy i dok\u0142adno\u015b\u0107 \u00b10,5% dla gaz\u00f3w, przewy\u017cszaj\u0105c alternatywne technologie pomiarowe w zastosowaniach wymagaj\u0105cych najwy\u017cszego poziomu sp\u00f3jno\u015bci i powtarzalno\u015bci pomiaru.<\/div>\n<\/div>","protected":false},"featured_media":26785,"template":"","meta":[],"product_brand":[],"product_cat":[223],"product_tag":[],"class_list":{"0":"post-26700","1":"product","2":"type-product","3":"status-publish","4":"has-post-thumbnail","6":"product_cat-low-flow-mass-flow-meter-controller","8":"first","9":"instock","10":"shipping-taxable","11":"purchasable","12":"product-type-simple"},"_links":{"self":[{"href":"https:\/\/metlaninst.com\/pl\/wp-json\/wp\/v2\/product\/26700","targetHints":{"allow":["GET"]}}],"collection":[{"href":"https:\/\/metlaninst.com\/pl\/wp-json\/wp\/v2\/product"}],"about":[{"href":"https:\/\/metlaninst.com\/pl\/wp-json\/wp\/v2\/types\/product"}],"version-history":[{"count":4,"href":"https:\/\/metlaninst.com\/pl\/wp-json\/wp\/v2\/product\/26700\/revisions"}],"predecessor-version":[{"id":26787,"href":"https:\/\/metlaninst.com\/pl\/wp-json\/wp\/v2\/product\/26700\/revisions\/26787"}],"wp:featuredmedia":[{"embeddable":true,"href":"https:\/\/metlaninst.com\/pl\/wp-json\/wp\/v2\/media\/26785"}],"wp:attachment":[{"href":"https:\/\/metlaninst.com\/pl\/wp-json\/wp\/v2\/media?parent=26700"}],"wp:term":[{"taxonomy":"product_brand","embeddable":true,"href":"https:\/\/metlaninst.com\/pl\/wp-json\/wp\/v2\/product_brand?post=26700"},{"taxonomy":"product_cat","embeddable":true,"href":"https:\/\/metlaninst.com\/pl\/wp-json\/wp\/v2\/product_cat?post=26700"},{"taxonomy":"product_tag","embeddable":true,"href":"https:\/\/metlaninst.com\/pl\/wp-json\/wp\/v2\/product_tag?post=26700"}],"curies":[{"name":"wp","href":"https:\/\/api.w.org\/{rel}","templated":true}]}}