{"id":26723,"date":"2024-12-25T08:09:06","date_gmt":"2024-12-25T08:09:06","guid":{"rendered":"https:\/\/www.metlaninst.com\/?post_type=product&#038;p=26723"},"modified":"2025-06-15T12:04:14","modified_gmt":"2025-06-15T12:04:14","slug":"owalny-przeplywomierz-pd-mt-lc","status":"publish","type":"product","link":"https:\/\/metlaninst.com\/pl\/p\/owalny-przeplywomierz-pd-mt-lc\/","title":{"rendered":"Owalny przep\u0142ywomierz PD MT-LC"},"content":{"rendered":"<div class=\"e-con-inner\">\n<div class=\"elementor-element e-con-full e-flex e-con e-child\">\n<div class=\"elementor-widget-container\">\n<h3 class=\"elementor-heading-title elementor-size-default\">Cechy:<\/h3>\n<\/div>\n<div class=\"elementor-widget-container\">\n<ol>\n<li data-zone-id=\"0\" data-line-index=\"0\" data-line=\"true\">P\u0142ynna praca wirnika spiralnego z minimalnymi wibracjami zapewnia sta\u0142\u0105 wydajno\u015b\u0107<\/li>\n<li data-zone-id=\"0\" data-line-index=\"0\" data-line=\"true\">Szeroki zakres pomiarowy z dobr\u0105 powtarzalno\u015bci\u0105<\/li>\n<li data-zone-id=\"0\" data-line-index=\"0\" data-line=\"true\">Precyzyjny pomiar z dok\u0142adno\u015bci\u0105 do \u00b10,2%<\/li>\n<li data-zone-id=\"0\" data-line-index=\"0\" data-line=\"true\">Niewra\u017cliwy na zmian\u0119 lepko\u015bci<\/li>\n<li data-zone-id=\"0\" data-line-index=\"0\" data-line=\"true\">Zoptymalizowany do pomiaru cieczy o wy\u017cszej lepko\u015bci<\/li>\n<li data-zone-id=\"0\" data-line-index=\"0\" data-line=\"true\">Prosta instalacja bez konieczno\u015bci prowadzenia prostych rur<\/li>\n<li data-zone-id=\"0\" data-line-index=\"0\" data-line=\"true\">Dost\u0119pne r\u00f3wnie\u017c w wersjach dostosowanych do potrzeb klienta<\/li>\n<li data-zone-id=\"0\" data-line-index=\"0\" data-line=\"true\">Dla wy\u015bwietlacza LCD dost\u0119pne s\u0105 j\u0119zyki angielski, hiszpa\u0144ski, francuski i inne na \u017cyczenie.<\/li>\n<li data-zone-id=\"0\" data-line-index=\"0\" data-line=\"true\">Ka\u017cdy przep\u0142ywomierz jest kalibrowany i przypisywany jest mu unikalny numer seryjny odpowiadaj\u0105cy wszystkim danym kalibracyjnym.<\/li>\n<\/ol>\n<\/div>\n<\/div>\n<div class=\"elementor-element e-con-full e-flex e-con e-child\">\n<div class=\"elementor-widget-container\">\n<h3 class=\"elementor-heading-title elementor-size-default\">Zastosowania:<\/h3>\n<\/div>\n<div class=\"elementor-widget-container\">\n<ul>\n<li data-zone-id=\"0\" data-line-index=\"0\" data-line=\"true\">Przemys\u0142 wydobywczy<\/li>\n<li data-zone-id=\"0\" data-line-index=\"0\" data-line=\"true\">\u015aredni i ma\u0142y magazyn ropy naftowej<\/li>\n<li data-zone-id=\"0\" data-line-index=\"0\" data-line=\"true\">Stocznia<\/li>\n<li data-zone-id=\"0\" data-line-index=\"0\" data-line=\"true\">Magazyn oleju<\/li>\n<li data-zone-id=\"0\" data-line-index=\"0\" data-line=\"true\">Olej nap\u0119dowy<\/li>\n<li data-zone-id=\"0\" data-line-index=\"0\" data-line=\"true\">Ropa naftowa<\/li>\n<li data-zone-id=\"0\" data-line-index=\"0\" data-line=\"true\">Benzyna<\/li>\n<\/ul>\n<\/div>\n<\/div>\n<\/div>","protected":false},"excerpt":{"rendered":"<div class=\"short-description-head\">\n<div data-zone-id=\"0\" data-line-index=\"0\" data-line=\"true\">Przep\u0142ywomierz PD z przek\u0142adni\u0105 owaln\u0105 serii MT-LC oferuje opcjonalne inteligentne liczniki elektroniczne, kt\u00f3re zapewniaj\u0105 bezpo\u015brednie odczyty zar\u00f3wno ca\u0142kowitego skumulowanego przep\u0142ywu, jak i chwilowego nat\u0119\u017cenia przep\u0142ywu. Po pod\u0142\u0105czeniu do zewn\u0119trznego \u017ar\u00f3d\u0142a zasilania mo\u017ce on wysy\u0142a\u0107 sygna\u0142y impulsowe i pr\u0105dowe, obs\u0142uguj\u0105c jednocze\u015bnie protoko\u0142y komunikacyjne HART i RS485. W przypadku prostszych zastosowa\u0144 dost\u0119pny jest opcjonalny licznik mechaniczny do bezpo\u015bredniego wy\u015bwietlania ca\u0142kowitej obj\u0119to\u015bci cieczy przep\u0142ywaj\u0105cej przez ruroci\u0105g. Zaprojektowane do obs\u0142ugi r\u00f3\u017cnych cieczy, w tym oleju nap\u0119dowego, kwas\u00f3w, zasad, roztwor\u00f3w soli i zwi\u0105zk\u00f3w organicznych, przep\u0142ywomierze te s\u0105 dost\u0119pne w wielu opcjach materia\u0142owych, takich jak \u017celiwo, staliwo, stop aluminium i stal nierdzewna, aby spe\u0142ni\u0107 r\u00f3\u017cne wymagania dotycz\u0105ce medium.<\/div>\n<\/div>","protected":false},"featured_media":26724,"template":"","meta":[],"product_brand":[],"product_cat":[209,166,165],"product_tag":[],"class_list":{"0":"post-26723","1":"product","2":"type-product","3":"status-publish","4":"has-post-thumbnail","6":"product_cat-positive-displacement-flow-meters","7":"product_cat-liquid-flow-meters","8":"product_cat-oil-flow-meters","10":"first","11":"instock","12":"shipping-taxable","13":"purchasable","14":"product-type-simple"},"_links":{"self":[{"href":"https:\/\/metlaninst.com\/pl\/wp-json\/wp\/v2\/product\/26723","targetHints":{"allow":["GET"]}}],"collection":[{"href":"https:\/\/metlaninst.com\/pl\/wp-json\/wp\/v2\/product"}],"about":[{"href":"https:\/\/metlaninst.com\/pl\/wp-json\/wp\/v2\/types\/product"}],"version-history":[{"count":1,"href":"https:\/\/metlaninst.com\/pl\/wp-json\/wp\/v2\/product\/26723\/revisions"}],"predecessor-version":[{"id":26728,"href":"https:\/\/metlaninst.com\/pl\/wp-json\/wp\/v2\/product\/26723\/revisions\/26728"}],"wp:featuredmedia":[{"embeddable":true,"href":"https:\/\/metlaninst.com\/pl\/wp-json\/wp\/v2\/media\/26724"}],"wp:attachment":[{"href":"https:\/\/metlaninst.com\/pl\/wp-json\/wp\/v2\/media?parent=26723"}],"wp:term":[{"taxonomy":"product_brand","embeddable":true,"href":"https:\/\/metlaninst.com\/pl\/wp-json\/wp\/v2\/product_brand?post=26723"},{"taxonomy":"product_cat","embeddable":true,"href":"https:\/\/metlaninst.com\/pl\/wp-json\/wp\/v2\/product_cat?post=26723"},{"taxonomy":"product_tag","embeddable":true,"href":"https:\/\/metlaninst.com\/pl\/wp-json\/wp\/v2\/product_tag?post=26723"}],"curies":[{"name":"wp","href":"https:\/\/api.w.org\/{rel}","templated":true}]}}