{"id":26730,"date":"2024-12-26T08:21:44","date_gmt":"2024-12-26T08:21:44","guid":{"rendered":"https:\/\/www.metlaninst.com\/?post_type=product&#038;p=26730"},"modified":"2025-06-24T08:01:31","modified_gmt":"2025-06-24T08:01:31","slug":"przeplywomierz-zebaty-wyporowy-o-niskim-przeplywie-mt-gf","status":"publish","type":"product","link":"https:\/\/metlaninst.com\/pl\/p\/przeplywomierz-zebaty-wyporowy-o-niskim-przeplywie-mt-gf\/","title":{"rendered":"Niskoprzep\u0142ywowy przep\u0142ywomierz z przek\u0142adni\u0105 z\u0119bat\u0105 MT-GF"},"content":{"rendered":"<div class=\"e-con-inner\">\n<div class=\"elementor-element e-con-full e-flex e-con e-child\">\n<div class=\"elementor-widget-container\">\n<h3 class=\"elementor-heading-title elementor-size-default\">Cechy:<\/h3>\n<\/div>\n<div class=\"elementor-widget-container\">\n<ol>\n<li data-zone-id=\"0\" data-line-index=\"0\" data-line=\"true\">Zdolny do pomiaru silnie korozyjnych medi\u00f3w, w tym kwasu siarkowego, kwasu fluorowodorowego i innych agresywnych chemikali\u00f3w.<\/li>\n<li data-zone-id=\"0\" data-line-index=\"0\" data-line=\"true\">Zaprojektowany do pomiaru p\u0142yn\u00f3w o wysokiej lepko\u015bci, obs\u0142uguje wymagaj\u0105ce media, takie jak syrop, stopiony asfalt i mi\u00f3d z niezawodn\u0105 dok\u0142adno\u015bci\u0105.<\/li>\n<li data-zone-id=\"0\" data-line-index=\"0\" data-line=\"true\">Precyzyjny pomiar z dok\u0142adno\u015bci\u0105 do \u00b10,5%<\/li>\n<li data-zone-id=\"0\" data-line-index=\"0\" data-line=\"true\">Szeroki wsp\u00f3\u0142czynnik obrotu 150:1<\/li>\n<li data-zone-id=\"0\" data-line-index=\"0\" data-line=\"true\">Zaprojektowany do cieczy o niskim przep\u0142ywie od 0,6 l\/godz.<\/li>\n<li data-zone-id=\"0\" data-line-index=\"0\" data-line=\"true\">Dost\u0119pne r\u00f3wnie\u017c w wersjach dostosowanych do potrzeb klienta<\/li>\n<li data-zone-id=\"0\" data-line-index=\"0\" data-line=\"true\">Dla wy\u015bwietlacza LCD dost\u0119pne s\u0105 j\u0119zyki angielski, hiszpa\u0144ski, francuski i inne na \u017cyczenie.<\/li>\n<li data-zone-id=\"0\" data-line-index=\"0\" data-line=\"true\">Ka\u017cdy przep\u0142ywomierz jest kalibrowany i przypisywany jest mu unikalny numer seryjny odpowiadaj\u0105cy wszystkim danym kalibracyjnym.<\/li>\n<\/ol>\n<\/div>\n<\/div>\n<div class=\"elementor-element e-con-full e-flex e-con e-child\">\n<div class=\"elementor-widget-container\">\n<h3 class=\"elementor-heading-title elementor-size-default\">Zastosowania:<\/h3>\n<\/div>\n<div class=\"elementor-widget-container\">\n<ul>\n<li><strong>Przemys\u0142 naftowy i gazowy<\/strong><\/li>\n<\/ul>\n<p><strong>Paliwa:<\/strong> Benzyna, olej nap\u0119dowy, ci\u0119\u017cki olej \u017ceglugowy, olej opa\u0142owy<br \/>\n<strong>Smary:<\/strong> Olej przek\u0142adniowy, oleje hydrauliczne<br \/>\n<strong>Inne: <\/strong>\u017bywice, asfalt<\/p>\n<ul>\n<li><strong> Produkcja chemiczna<\/strong><\/li>\n<\/ul>\n<p><strong>\u015arodki \u017cr\u0105ce: <\/strong>Kwas octowy, zasady \u017cr\u0105ce, wodorotlenek potasu<br \/>\n<strong>Pure Media:<\/strong> Woda dejonizowana<\/p>\n<ul>\n<li><strong>Przemys\u0142 spo\u017cywczy<\/strong><\/li>\n<\/ul>\n<p><strong>Substancje s\u0142odz\u0105ce:<\/strong> Roztwory cukru, syropy, mi\u00f3d, czekolada<br \/>\n<strong>P\u0142yny:<\/strong> Soki owocowe, alkohol, etanol, sosy<br \/>\n<strong>Nabia\u0142:<\/strong> Mleko, \u015bmietana, jogurt<\/p>\n<ul>\n<li><strong>Farmaceutyka i kosmetyki<\/strong><\/li>\n<\/ul>\n<p><strong>Farmaceutyczny:<\/strong> Alkohol, syropy lecznicze, gliceryna<br \/>\n<strong>Kosmetyki:<\/strong> Szampony, \u017cele, perfumy, kremy<\/p>\n<ul>\n<li><strong>Oczyszczanie wody i \u015bciek\u00f3w<\/strong><\/li>\n<\/ul>\n<p>Chemikalia do obr\u00f3bki, fluorki, kwasy<\/p>\n<ul>\n<li><strong>Produkcja przemys\u0142owa<\/strong><\/li>\n<\/ul>\n<p><strong>Masa celulozowa i papier:<\/strong> Pow\u0142oki woskowe, barwniki, \u015brodki do obr\u00f3bki powierzchni<br \/>\n<strong>Drukowanie:<\/strong> Atramenty, rozpuszczalniki<br \/>\n<strong>Motoryzacja:<\/strong> P\u0142yny przek\u0142adniowe, glikol etylenowy, czynniki ch\u0142odnicze do klimatyzacji<br \/>\n<strong>Tekstylia:<\/strong> Barwniki, wybielacze, chemikalia przetw\u00f3rcze<br \/>\n<strong>Farba:<\/strong> Farby, rozpuszczalniki, lakiery na bazie lateksu<br \/>\n<strong>Przemys\u0142 stoczniowy:<\/strong> Oleje smarowe, paliwa \u017ceglugowe<br \/>\n<strong>G\u00f3rnictwo:<\/strong> Smary do du\u017cych obci\u0105\u017ce\u0144, oleje hydrauliczne<\/p>\n<ul>\n<li><strong>Aplikacje specjalne<\/strong><\/li>\n<\/ul>\n<p><strong>Kleje:<\/strong> Kleje, \u017cywice epoksydowe<br \/>\n<strong>Pow\u0142oki:<\/strong> Folie ochronne, uszczelniacze<\/p>\n<\/div>\n<\/div>\n<\/div>","protected":false},"excerpt":{"rendered":"<div class=\"short-description-head\">\n<div data-zone-id=\"0\" data-line-index=\"0\" data-line=\"true\">Przep\u0142ywomierz z\u0119baty dzia\u0142a na prostej, ale wysoce skutecznej zasadzie mechanicznej. Posiada dwa precyzyjnie obrobione wirniki ze zintegrowanymi z\u0119bami przek\u0142adni z\u0119batej wzd\u0142u\u017c ich obwod\u00f3w, kt\u00f3re obracaj\u0105 si\u0119 w zsynchronizowanej opozycji w komorze pomiarowej o wysokiej tolerancji. Mo\u017ce mierzy\u0107 p\u0142yny o wysokiej korozyjno\u015bci i lepko\u015bci z dok\u0142adno\u015bci\u0105 do \u00b10,5%.<\/div>\n<\/div>","protected":false},"featured_media":26731,"template":"","meta":[],"product_brand":[],"product_cat":[209,166,165],"product_tag":[],"class_list":{"0":"post-26730","1":"product","2":"type-product","3":"status-publish","4":"has-post-thumbnail","6":"product_cat-positive-displacement-flow-meters","7":"product_cat-liquid-flow-meters","8":"product_cat-oil-flow-meters","10":"first","11":"instock","12":"shipping-taxable","13":"purchasable","14":"product-type-simple"},"_links":{"self":[{"href":"https:\/\/metlaninst.com\/pl\/wp-json\/wp\/v2\/product\/26730","targetHints":{"allow":["GET"]}}],"collection":[{"href":"https:\/\/metlaninst.com\/pl\/wp-json\/wp\/v2\/product"}],"about":[{"href":"https:\/\/metlaninst.com\/pl\/wp-json\/wp\/v2\/types\/product"}],"version-history":[{"count":3,"href":"https:\/\/metlaninst.com\/pl\/wp-json\/wp\/v2\/product\/26730\/revisions"}],"predecessor-version":[{"id":26737,"href":"https:\/\/metlaninst.com\/pl\/wp-json\/wp\/v2\/product\/26730\/revisions\/26737"}],"wp:featuredmedia":[{"embeddable":true,"href":"https:\/\/metlaninst.com\/pl\/wp-json\/wp\/v2\/media\/26731"}],"wp:attachment":[{"href":"https:\/\/metlaninst.com\/pl\/wp-json\/wp\/v2\/media?parent=26730"}],"wp:term":[{"taxonomy":"product_brand","embeddable":true,"href":"https:\/\/metlaninst.com\/pl\/wp-json\/wp\/v2\/product_brand?post=26730"},{"taxonomy":"product_cat","embeddable":true,"href":"https:\/\/metlaninst.com\/pl\/wp-json\/wp\/v2\/product_cat?post=26730"},{"taxonomy":"product_tag","embeddable":true,"href":"https:\/\/metlaninst.com\/pl\/wp-json\/wp\/v2\/product_tag?post=26730"}],"curies":[{"name":"wp","href":"https:\/\/api.w.org\/{rel}","templated":true}]}}