{"id":27060,"date":"2024-12-26T08:31:36","date_gmt":"2024-12-26T08:31:36","guid":{"rendered":"https:\/\/metlaninst.com\/?post_type=product&#038;p=27060"},"modified":"2025-06-24T07:57:15","modified_gmt":"2025-06-24T07:57:15","slug":"mechaniczny-przeplywomierz-wyporowy-serii-m","status":"publish","type":"product","link":"https:\/\/metlaninst.com\/pl\/p\/mechaniczny-przeplywomierz-wyporowy-serii-m\/","title":{"rendered":"Mechaniczny przep\u0142ywomierz wyporowy serii M"},"content":{"rendered":"<div class=\"e-con-inner\">\n<div class=\"elementor-element e-con-full e-flex e-con e-child\">\n<div class=\"elementor-widget-container\">\n<h3 class=\"elementor-heading-title elementor-size-default\">Cechy:<\/h3>\n<\/div>\n<div class=\"elementor-widget-container\">\n<ol>\n<li data-zone-id=\"0\" data-line-index=\"0\" data-line=\"true\">Wysoka dok\u0142adno\u015b\u0107 do \u00b10,2 %, dobra powtarzalno\u015b\u0107 \u22640,05%.<\/li>\n<li data-zone-id=\"0\" data-line-index=\"0\" data-line=\"true\">Doskona\u0142y mechanizm bezstopniowej regulacji umo\u017cliwia mikroregulacj\u0119 miernika.<\/li>\n<li data-zone-id=\"0\" data-line-index=\"0\" data-line=\"true\">Niskie koszty utrzymania, brak kontaktu metal-metal w komorze pomiarowej, d\u0142uga \u017cywotno\u015b\u0107.<\/li>\n<li data-zone-id=\"0\" data-line-index=\"0\" data-line=\"true\">Niska strata ci\u015bnienia, prawdziwy przep\u0142ywomierz grawitacyjny.<\/li>\n<li data-zone-id=\"0\" data-line-index=\"0\" data-line=\"true\">Na dok\u0142adno\u015b\u0107 nie maj\u0105 wp\u0142ywu wahania ci\u015bnienia, zmiany termiczne ani zmiany lepko\u015bci p\u0142ynu.<\/li>\n<\/ol>\n<\/div>\n<\/div>\n<div class=\"elementor-element e-con-full e-flex e-con e-child\">\n<div class=\"elementor-widget-container\">\n<h3 class=\"elementor-heading-title elementor-size-default\">Zastosowania:<\/h3>\n<\/div>\n<div class=\"elementor-widget-container\">\n<ul>\n<li data-zone-id=\"0\" data-line-index=\"0\" data-line=\"true\">Produkty rafinacji ropy naftowej;<\/li>\n<li data-zone-id=\"0\" data-line-index=\"0\" data-line=\"true\">Benzyny lotnicze i paliwa do silnik\u00f3w odrzutowych;<\/li>\n<li data-zone-id=\"0\" data-line-index=\"0\" data-line=\"true\">Szeroka gama produkt\u00f3w, takich jak: cukry p\u0142ynne, syrop kukurydziany, s\u0142odziki kukurydziane, dekstroza, fruktoza, sacharoza, maltoza, laktoza, olej kukurydziany, olej sojowy, olej z nasion bawe\u0142ny, olej kokosowy;<\/li>\n<li data-zone-id=\"0\" data-line-index=\"0\" data-line=\"true\">Wody uzdatnione (dejonizowane, demineralizowane i pitne);<\/li>\n<li data-zone-id=\"0\" data-line-index=\"0\" data-line=\"true\">Chlorowane rozpuszczalniki i og\u00f3lne dozowanie rozpuszczalnik\u00f3w;<\/li>\n<li data-zone-id=\"0\" data-line-index=\"0\" data-line=\"true\">Ciecze o kwa\u015bnym pH;<\/li>\n<li data-zone-id=\"0\" data-line-index=\"0\" data-line=\"true\">Skroplony gaz ropopochodny (LPG);<\/li>\n<li data-zone-id=\"0\" data-line-index=\"0\" data-line=\"true\">Ropa naftowa, tak\u017ce podgrzane i\/lub lepkie ciecze;<\/li>\n<li data-zone-id=\"0\" data-line-index=\"0\" data-line=\"true\">Produkty lateksowe na bazie oleju lub wody, \u017cywice poliestrowe i kleje (neutralne pH), r\u00f3wnie\u017c do dozowania herbicyd\u00f3w i roztwor\u00f3w nawoz\u00f3w azotowych;<\/li>\n<li data-zone-id=\"0\" data-line-index=\"0\" data-line=\"true\">Herbicyd;<\/li>\n<li data-zone-id=\"0\" data-line-index=\"0\" data-line=\"true\">Roztwory wodorotlenku sodu (\u017cr\u0105ce), ropa naftowa o wysokiej zawarto\u015bci siarki (LACT i NOD) oraz inne ciecze o zasadowym pH;<\/li>\n<li data-zone-id=\"0\" data-line-index=\"0\" data-line=\"true\">P\u0142yny \u015bcierne.<\/li>\n<\/ul>\n<\/div>\n<\/div>\n<\/div>","protected":false},"excerpt":{"rendered":"<div class=\"short-description-head\">\n<div data-zone-id=\"0\" data-line-index=\"0\" data-line=\"true\">The\u00a0<strong>Przep\u0142ywomierz wyporowy serii Metlan M<\/strong>\u00a0dostawcy\u00a0<strong>wysoka dok\u0142adno\u015b\u0107 (\u00b10,2%) i dobra powtarzalno\u015b\u0107 (\u22640,05%)<\/strong> w szerokich zakresach lepko\u015bci (30SSU-1,500,000SSU), co czyni go idealnym rozwi\u0105zaniem dla ropy naftowej, LPG i p\u0142yn\u00f3w o wysokiej lepko\u015bci. Bezstopniowy mechanizm mikroregulacji zapewnia precyzyjn\u0105 kontrol\u0119 przep\u0142ywu, a bezdotykowa komora pomiarowa gwarantuje d\u0142ug\u0105 \u017cywotno\u015b\u0107 przy minimalnej konserwacji.<\/div>\n<\/div>","protected":false},"featured_media":27061,"template":"","meta":[],"product_brand":[],"product_cat":[209,166,165],"product_tag":[],"class_list":{"0":"post-27060","1":"product","2":"type-product","3":"status-publish","4":"has-post-thumbnail","6":"product_cat-positive-displacement-flow-meters","7":"product_cat-liquid-flow-meters","8":"product_cat-oil-flow-meters","10":"first","11":"instock","12":"shipping-taxable","13":"purchasable","14":"product-type-simple"},"_links":{"self":[{"href":"https:\/\/metlaninst.com\/pl\/wp-json\/wp\/v2\/product\/27060","targetHints":{"allow":["GET"]}}],"collection":[{"href":"https:\/\/metlaninst.com\/pl\/wp-json\/wp\/v2\/product"}],"about":[{"href":"https:\/\/metlaninst.com\/pl\/wp-json\/wp\/v2\/types\/product"}],"version-history":[{"count":1,"href":"https:\/\/metlaninst.com\/pl\/wp-json\/wp\/v2\/product\/27060\/revisions"}],"predecessor-version":[{"id":27062,"href":"https:\/\/metlaninst.com\/pl\/wp-json\/wp\/v2\/product\/27060\/revisions\/27062"}],"wp:featuredmedia":[{"embeddable":true,"href":"https:\/\/metlaninst.com\/pl\/wp-json\/wp\/v2\/media\/27061"}],"wp:attachment":[{"href":"https:\/\/metlaninst.com\/pl\/wp-json\/wp\/v2\/media?parent=27060"}],"wp:term":[{"taxonomy":"product_brand","embeddable":true,"href":"https:\/\/metlaninst.com\/pl\/wp-json\/wp\/v2\/product_brand?post=27060"},{"taxonomy":"product_cat","embeddable":true,"href":"https:\/\/metlaninst.com\/pl\/wp-json\/wp\/v2\/product_cat?post=27060"},{"taxonomy":"product_tag","embeddable":true,"href":"https:\/\/metlaninst.com\/pl\/wp-json\/wp\/v2\/product_tag?post=27060"}],"curies":[{"name":"wp","href":"https:\/\/api.w.org\/{rel}","templated":true}]}}