{"id":27317,"date":"2024-12-25T06:43:49","date_gmt":"2024-12-25T06:43:49","guid":{"rendered":"https:\/\/metlaninst.com\/?post_type=product&#038;p=27317"},"modified":"2025-07-17T10:11:39","modified_gmt":"2025-07-17T10:11:39","slug":"steam-vortex-flow-meter-anti-vibration-lugbmt-vs","status":"publish","type":"product","link":"https:\/\/metlaninst.com\/pl\/p\/steam-vortex-flow-meter-anti-vibration-lugbmt-vs\/","title":{"rendered":"Steam Vortex Flow Meter Anti-vibration (LUGBMT-VS)"},"content":{"rendered":"<div class=\"e-con-inner\">\n<div class=\"elementor-element e-con-full e-flex e-con e-child\">\n<div class=\"elementor-widget-container\">\n<h3 class=\"elementor-heading-title elementor-size-default\">Cechy:<\/h3>\n<\/div>\n<div class=\"elementor-widget-container\">\n<ol>\n<li data-zone-id=\"0\" data-line-index=\"0\" data-line=\"true\">Suitable for measuring dirty and wet compressed air, oxygen, natural gas and other industrial gases, steam, and etc.<\/li>\n<li data-zone-id=\"0\" data-line-index=\"0\" data-line=\"true\">Wide measuring range, the low measuring limit can reach 1.5m\/s.<\/li>\n<li data-zone-id=\"0\" data-line-index=\"0\" data-line=\"true\">The turndown range ratio is 53:1, which exceeds the traditional vortex flow meters.<\/li>\n<li data-zone-id=\"0\" data-line-index=\"0\" data-line=\"true\">Combining with DSA (digital full spectrum analysis technology), the flowmeter can accurately identify flow, vibration, and electromagnetic disturbance signals, greatly improving the anti-vibration ability of this vortex flow meter.<\/li>\n<li data-zone-id=\"0\" data-line-index=\"0\" data-line=\"true\">Integrates pressure and temperature sensors to monitor online gas pressure and temperature.<\/li>\n<li data-zone-id=\"0\" data-line-index=\"0\" data-line=\"true\">No moving parts, low pressure drop.<\/li>\n<li data-zone-id=\"0\" data-line-index=\"0\" data-line=\"true\">Standard Modbus RTU (RS485) interface, 4 to 20 mA current and pulse output.<\/li>\n<li data-zone-id=\"0\" data-line-index=\"0\" data-line=\"true\">Bluetooth function for wireless flowmeter configuration and data transmission.<\/li>\n<li data-zone-id=\"0\" data-line-index=\"0\" data-line=\"true\">The fully welded structure has better corrosion and high pressure and temperature resistance.<\/li>\n<li data-zone-id=\"0\" data-line-index=\"0\" data-line=\"true\">Explosion-proof class: Ex db IIC T6 Gb \/ Ex tb IIIC T80\u00b0C Db<\/li>\n<li data-zone-id=\"0\" data-line-index=\"0\" data-line=\"true\">Dla wy\u015bwietlacza LCD dost\u0119pne s\u0105 j\u0119zyki angielski, hiszpa\u0144ski, francuski i inne na \u017cyczenie.<\/li>\n<li data-zone-id=\"0\" data-line-index=\"4\" data-line=\"true\">Ka\u017cdy przep\u0142ywomierz jest kalibrowany i przypisywany jest mu unikalny numer seryjny odpowiadaj\u0105cy wszystkim danym kalibracyjnym.<\/li>\n<\/ol>\n<\/div>\n<\/div>\n<div class=\"elementor-element e-con-full e-flex e-con e-child\">\n<div class=\"elementor-widget-container\">\n<h3 class=\"elementor-heading-title elementor-size-default\">Zastosowania:<\/h3>\n<\/div>\n<div class=\"elementor-widget-container\">\n<h5 class=\"first\">Og\u00f3lne<\/h5>\n<div>\n<ul>\n<li data-zone-id=\"0\" data-line-index=\"0\" data-line=\"true\">Zastosowania u\u017cytkowe: Dystrybucja energii w obwodach pomocniczych i zasilaj\u0105cych<\/li>\n<li data-zone-id=\"0\" data-line-index=\"0\" data-line=\"true\">Pomiar (nie)przewodz\u0105cych cieczy, gaz\u00f3w, pary nasyconej i przegrzanej<\/li>\n<li data-zone-id=\"0\" data-line-index=\"0\" data-line=\"true\">Pomiar ciep\u0142a brutto\/netto pary i gor\u0105cej wody<\/li>\n<li data-zone-id=\"0\" data-line-index=\"0\" data-line=\"true\">Pomiar zu\u017cycia gaz\u00f3w przemys\u0142owych (gaz ziemny, azot itp.)<\/li>\n<li data-zone-id=\"0\" data-line-index=\"0\" data-line=\"true\">Pomiar zu\u017cycia w systemach spr\u0119\u017conego powietrza<\/li>\n<\/ul>\n<\/div>\n<h5>Przemys\u0142 chemiczny i inne bran\u017ce przetw\u00f3rcze<\/h5>\n<div>\n<ul>\n<li data-zone-id=\"0\" data-line-index=\"0\" data-line=\"true\">W\u0119glowodory, oleje termalne itp.<\/li>\n<li data-zone-id=\"0\" data-line-index=\"0\" data-line=\"true\">Rozpuszczalniki<\/li>\n<li data-zone-id=\"0\" data-line-index=\"0\" data-line=\"true\">Odsolona woda<\/li>\n<li data-zone-id=\"0\" data-line-index=\"0\" data-line=\"true\">Gazy, gazy spawalnicze, para wodna<\/li>\n<li data-zone-id=\"0\" data-line-index=\"0\" data-line=\"true\">Produkty petrochemiczne (benzen, etylen itp.)<\/li>\n<\/ul>\n<\/div>\n<h5>\u017belazo, stal i przemys\u0142 metalowy<\/h5>\n<div>\n<ul>\n<li data-zone-id=\"0\" data-line-index=\"0\" data-line=\"true\">Obwody ch\u0142odzenia<\/li>\n<li data-zone-id=\"0\" data-line-index=\"0\" data-line=\"true\">Spr\u0119\u017cone powietrze<\/li>\n<li data-zone-id=\"0\" data-line-index=\"0\" data-line=\"true\">Gazy oboj\u0119tne<\/li>\n<li data-zone-id=\"0\" data-line-index=\"0\" data-line=\"true\">Tlen<\/li>\n<li data-zone-id=\"0\" data-line-index=\"0\" data-line=\"true\">Gaz ziemny<\/li>\n<li data-zone-id=\"0\" data-line-index=\"0\" data-line=\"true\">Steam<\/li>\n<\/ul>\n<\/div>\n<h5>Przemys\u0142 spo\u017cywczy i napoj\u00f3w<\/h5>\n<ul>\n<li>Oczyszczona i odsolona woda<\/li>\n<li>CO2<\/li>\n<li>Zu\u017cycie palnika<\/li>\n<li>Steam<\/li>\n<\/ul>\n<h5>Przemys\u0142 celulozowo-papierniczy<\/h5>\n<ul>\n<li>Spr\u0119\u017cone powietrze, para wodna itp.<\/li>\n<\/ul>\n<h5>Przemys\u0142 naftowy i gazowy<\/h5>\n<ul>\n<li>Produkty petrochemiczne (benzen, etylen, para wodna itp.)<\/li>\n<li>Gaz ziemny<\/li>\n<\/ul>\n<\/div>\n<\/div>\n<\/div>","protected":false},"excerpt":{"rendered":"<div class=\"short-description-head\">\n<div data-zone-id=\"0\" data-line-index=\"0\" data-line=\"true\">The LUGBMT-VS vortex flow meter integrated temperature and pressure sensor, automatically calculates the mass flow of the medium through the international standard density compensation algorithm. Due to the built-in ultra-high sensitivity dual vortex sensor, the flow meter can simultaneously detect the flow signal and interference signal, through the algorithm can automatically identify the flow signal and vibration, electromagnetic disturbance signal. In comparison to the traditional vortex flow meter, the newly developed DSA (Digital Spectrum Analysis) technology greatly improves the low limit of measurement, turndown ratio, anti-vibration and anti-disturbance performance of flow meters, providing users with high accuracy and long-term stability.<\/div>\n<\/div>","protected":false},"featured_media":27319,"template":"","meta":[],"product_brand":[],"product_cat":[121,205,164,166,163],"product_tag":[],"class_list":{"0":"post-27317","1":"product","2":"type-product","3":"status-publish","4":"has-post-thumbnail","6":"product_cat-vortex-flow-meters","7":"product_cat-steam-flow-meters","8":"product_cat-air-flow-meters","9":"product_cat-liquid-flow-meters","10":"product_cat-water-flow-meters","12":"first","13":"instock","14":"shipping-taxable","15":"purchasable","16":"product-type-simple"},"_links":{"self":[{"href":"https:\/\/metlaninst.com\/pl\/wp-json\/wp\/v2\/product\/27317","targetHints":{"allow":["GET"]}}],"collection":[{"href":"https:\/\/metlaninst.com\/pl\/wp-json\/wp\/v2\/product"}],"about":[{"href":"https:\/\/metlaninst.com\/pl\/wp-json\/wp\/v2\/types\/product"}],"version-history":[{"count":1,"href":"https:\/\/metlaninst.com\/pl\/wp-json\/wp\/v2\/product\/27317\/revisions"}],"predecessor-version":[{"id":27320,"href":"https:\/\/metlaninst.com\/pl\/wp-json\/wp\/v2\/product\/27317\/revisions\/27320"}],"wp:featuredmedia":[{"embeddable":true,"href":"https:\/\/metlaninst.com\/pl\/wp-json\/wp\/v2\/media\/27319"}],"wp:attachment":[{"href":"https:\/\/metlaninst.com\/pl\/wp-json\/wp\/v2\/media?parent=27317"}],"wp:term":[{"taxonomy":"product_brand","embeddable":true,"href":"https:\/\/metlaninst.com\/pl\/wp-json\/wp\/v2\/product_brand?post=27317"},{"taxonomy":"product_cat","embeddable":true,"href":"https:\/\/metlaninst.com\/pl\/wp-json\/wp\/v2\/product_cat?post=27317"},{"taxonomy":"product_tag","embeddable":true,"href":"https:\/\/metlaninst.com\/pl\/wp-json\/wp\/v2\/product_tag?post=27317"}],"curies":[{"name":"wp","href":"https:\/\/api.w.org\/{rel}","templated":true}]}}