{"id":22729,"date":"2024-12-27T04:26:45","date_gmt":"2024-12-27T04:26:45","guid":{"rendered":"https:\/\/www.metlaninst.com\/?post_type=product&#038;p=22729"},"modified":"2025-02-02T03:53:39","modified_gmt":"2025-02-02T03:53:39","slug":"caudalimetro-magnetico-para-agua-e-aguas-residuais-mtf-w","status":"publish","type":"product","link":"https:\/\/metlaninst.com\/pt\/p\/caudalimetro-magnetico-para-agua-e-aguas-residuais-mtf-w\/","title":{"rendered":"Medidor de caudal magn\u00e9tico para \u00e1gua e \u00e1guas residuais (MTF-W)"},"content":{"rendered":"<div class=\"e-con-inner\">\n<div class=\"elementor-element e-con-full e-flex e-con e-child\">\n<div class=\"elementor-widget-container\">\n<h3 class=\"elementor-heading-title elementor-size-default\">Carater\u00edsticas:<\/h3>\n<\/div>\n<div class=\"elementor-widget-container\">\n<ol class=\"product-description-list\">\n<li>Revestimento em PU, neopreno ou PTFE: excelente resist\u00eancia qu\u00edmica<\/li>\n<li>Vasta gama de materiais de el\u00e9ctrodos<\/li>\n<li>As cores e o aspeto podem ser personalizados a pedido<\/li>\n<li>Tamb\u00e9m dispon\u00edvel em constru\u00e7\u00f5es espec\u00edficas para o cliente<\/li>\n<li>Sem pe\u00e7as m\u00f3veis, sem desgaste, sem perda de press\u00e3o<\/li>\n<li>Medi\u00e7\u00e3o fi\u00e1vel com precis\u00e3o constante<\/li>\n<li>O princ\u00edpio de medi\u00e7\u00e3o \u00e9 praticamente independente da press\u00e3o, densidade, temperatura e viscosidade<\/li>\n<li>Est\u00e3o dispon\u00edveis para o ecr\u00e3 LCD ingl\u00eas, espanhol, franc\u00eas e outras l\u00ednguas, mediante pedido.<\/li>\n<li>Cada medidor de caudal \u00e9 calibrado e \u00e9-lhe atribu\u00eddo um n\u00famero de s\u00e9rie \u00fanico correspondente a todos os dados de calibra\u00e7\u00e3o.<\/li>\n<li>Dispon\u00edvel com a vers\u00e3o compacta ou remota do transmissor.<\/li>\n<\/ol>\n<\/div>\n<\/div>\n<div class=\"elementor-element e-con-full e-flex e-con e-child\">\n<div class=\"elementor-widget-container\">\n<h3 class=\"elementor-heading-title elementor-size-default\">Aplica\u00e7\u00f5es:<\/h3>\n<\/div>\n<div class=\"elementor-widget-container\">\n<h5 class=\"first\">Geral<\/h5>\n<ul class=\"product-description-list\">\n<li style=\"list-style-type: none;\">\n<ul class=\"product-description-list\">\n<li>Todas as aplica\u00e7\u00f5es simples de \u00e1gua e \u00e1guas residuais<\/li>\n<\/ul>\n<\/li>\n<\/ul>\n<h5>Ind\u00fastria da \u00e1gua e das \u00e1guas residuais<\/h5>\n<ul class=\"product-description-list\">\n<li>Capta\u00e7\u00e3o e irriga\u00e7\u00e3o<\/li>\n<li>Monitoriza\u00e7\u00e3o das redes de distribui\u00e7\u00e3o<\/li>\n<li>Sistemas de circula\u00e7\u00e3o e tratamento de \u00e1gua<\/li>\n<li>Purifica\u00e7\u00e3o e dessaliniza\u00e7\u00e3o da \u00e1gua<\/li>\n<\/ul>\n<\/div>\n<\/div>\n<\/div>","protected":false},"excerpt":{"rendered":"<div class=\"short-description-head\">Este medidor de caudal eletromagn\u00e9tico \u00e9 excelente para aplica\u00e7\u00f5es b\u00e1sicas de \u00e1gua e \u00e1guas residuais, com uma vasta gama de di\u00e2metros e materiais de revestimento resistentes ao desgaste. A instala\u00e7\u00e3o em c\u00e2maras de medi\u00e7\u00e3o sujeitas a inunda\u00e7\u00f5es \u00e9 poss\u00edvel com a vers\u00e3o com classifica\u00e7\u00e3o IP68.<\/div>","protected":false},"featured_media":23251,"template":"","meta":[],"product_brand":[],"product_cat":[118,166,163],"product_tag":[],"class_list":{"0":"post-22729","1":"product","2":"type-product","3":"status-publish","4":"has-post-thumbnail","6":"product_cat-magnetic-flow-meters","7":"product_cat-liquid-flow-meters","8":"product_cat-water-flow-meters","10":"first","11":"instock","12":"shipping-taxable","13":"purchasable","14":"product-type-simple"},"_links":{"self":[{"href":"https:\/\/metlaninst.com\/pt\/wp-json\/wp\/v2\/product\/22729","targetHints":{"allow":["GET"]}}],"collection":[{"href":"https:\/\/metlaninst.com\/pt\/wp-json\/wp\/v2\/product"}],"about":[{"href":"https:\/\/metlaninst.com\/pt\/wp-json\/wp\/v2\/types\/product"}],"version-history":[{"count":22,"href":"https:\/\/metlaninst.com\/pt\/wp-json\/wp\/v2\/product\/22729\/revisions"}],"predecessor-version":[{"id":26147,"href":"https:\/\/metlaninst.com\/pt\/wp-json\/wp\/v2\/product\/22729\/revisions\/26147"}],"wp:featuredmedia":[{"embeddable":true,"href":"https:\/\/metlaninst.com\/pt\/wp-json\/wp\/v2\/media\/23251"}],"wp:attachment":[{"href":"https:\/\/metlaninst.com\/pt\/wp-json\/wp\/v2\/media?parent=22729"}],"wp:term":[{"taxonomy":"product_brand","embeddable":true,"href":"https:\/\/metlaninst.com\/pt\/wp-json\/wp\/v2\/product_brand?post=22729"},{"taxonomy":"product_cat","embeddable":true,"href":"https:\/\/metlaninst.com\/pt\/wp-json\/wp\/v2\/product_cat?post=22729"},{"taxonomy":"product_tag","embeddable":true,"href":"https:\/\/metlaninst.com\/pt\/wp-json\/wp\/v2\/product_tag?post=22729"}],"curies":[{"name":"wp","href":"https:\/\/api.w.org\/{rel}","templated":true}]}}