{"id":23215,"date":"2024-12-26T08:16:33","date_gmt":"2024-12-26T08:16:33","guid":{"rendered":"https:\/\/www.metlaninst.com\/?post_type=product&#038;p=23215"},"modified":"2025-02-02T03:54:33","modified_gmt":"2025-02-02T03:54:33","slug":"caudalimetro-eletromagnetico-remoto-mtf-f-200","status":"publish","type":"product","link":"https:\/\/metlaninst.com\/pt\/p\/caudalimetro-eletromagnetico-remoto-mtf-f-200\/","title":{"rendered":"Medidor de caudal eletromagn\u00e9tico remoto (MTF-F-200)"},"content":{"rendered":"<div class=\"e-con-inner\">\n<div class=\"elementor-element e-con-full e-flex e-con e-child\">\n<div class=\"elementor-widget-container\">\n<h3 class=\"elementor-heading-title elementor-size-default\">Carater\u00edsticas:<\/h3>\n<\/div>\n<div class=\"elementor-widget-container\">\n<ol class=\"product-description-list\">\n<li>Vasta gama de revestimentos e materiais de el\u00e9ctrodos<\/li>\n<li>As cores e o aspeto podem ser personalizados a pedido<\/li>\n<li>Tamb\u00e9m dispon\u00edvel em constru\u00e7\u00f5es espec\u00edficas para o cliente<\/li>\n<li>Sem pe\u00e7as m\u00f3veis, sem desgaste, sem perda de press\u00e3o<\/li>\n<li>Medi\u00e7\u00e3o fi\u00e1vel com precis\u00e3o constante<\/li>\n<li>O princ\u00edpio de medi\u00e7\u00e3o \u00e9 praticamente independente da press\u00e3o, densidade, temperatura e viscosidade<\/li>\n<li>Est\u00e3o dispon\u00edveis para o ecr\u00e3 LCD ingl\u00eas, espanhol, franc\u00eas e outras l\u00ednguas, mediante pedido.<\/li>\n<li>Cada medidor de caudal \u00e9 calibrado e \u00e9-lhe atribu\u00eddo um n\u00famero de s\u00e9rie \u00fanico correspondente a todos os dados de calibra\u00e7\u00e3o.<\/li>\n<li>Dispon\u00edvel com a vers\u00e3o compacta ou remota do transmissor.<\/li>\n<\/ol>\n<\/div>\n<\/div>\n<div class=\"elementor-element e-con-full e-flex e-con e-child\">\n<div class=\"elementor-widget-container\">\n<h3 class=\"elementor-heading-title elementor-size-default\">Aplica\u00e7\u00f5es:<\/h3>\n<\/div>\n<div class=\"elementor-widget-container\">\n<h5 class=\"first\">Geral<\/h5>\n<ul class=\"product-description-list\">\n<li style=\"list-style-type: none;\">\n<ul class=\"product-description-list\">\n<li>Aplica\u00e7\u00f5es com l\u00edquidos limpos, agressivos ou abrasivos<\/li>\n<li>Aplica\u00e7\u00f5es higi\u00e9nicas standard<\/li>\n<li>Para instala\u00e7\u00f5es de produ\u00e7\u00e3o em grande escala com di\u00e2metro at\u00e9 DN3000 \/ 120\u2033 (Outros a pedido)<\/li>\n<\/ul>\n<\/li>\n<\/ul>\n<h5>Ind\u00fastrias qu\u00edmicas e outras ind\u00fastrias de transforma\u00e7\u00e3o<\/h5>\n<ul class=\"product-description-list\">\n<li style=\"list-style-type: none;\">\n<ul class=\"product-description-list\">\n<li>Produtos qu\u00edmicos para fluidos condutores<\/li>\n<li>\u00c1gua de processo, \u00e1gua de arrefecimento<\/li>\n<li>Produ\u00e7\u00e3o em massa inorg\u00e2nica e org\u00e2nica<\/li>\n<li>Produtos qu\u00edmicos altamente corrosivos e agressivos (\u00e1cidos, meios alcalinos)<\/li>\n<li>Processamento de produtos qu\u00edmicos corrosivos e agressivos (\u00e1cidos, meios alcalinos)<\/li>\n<\/ul>\n<\/li>\n<\/ul>\n<h5>Minerais e ind\u00fastria mineira<\/h5>\n<ul class=\"product-description-list\">\n<li style=\"list-style-type: none;\">\n<ul class=\"product-description-list\">\n<li>Lamas n\u00e3o homog\u00e9neas e abrasivas com part\u00edculas finas (teor de s\u00f3lidos)<\/li>\n<li>Linhas de alimenta\u00e7\u00e3o de hidrociclones<\/li>\n<\/ul>\n<\/li>\n<\/ul>\n<h5>Ind\u00fastria de \u00e1guas residuais<\/h5>\n<ul class=\"product-description-list\">\n<li style=\"list-style-type: none;\">\n<ul class=\"product-description-list\">\n<li>Lamas de sedimentos e lamas<\/li>\n<li>Dosagem de coagulantes e floculantes<\/li>\n<li>Capta\u00e7\u00e3o e irriga\u00e7\u00e3o<\/li>\n<li>Monitoriza\u00e7\u00e3o das redes de distribui\u00e7\u00e3o<\/li>\n<li>Sistemas de circula\u00e7\u00e3o e tratamento de \u00e1gua<\/li>\n<li>Purifica\u00e7\u00e3o e dessaliniza\u00e7\u00e3o da \u00e1gua<\/li>\n<\/ul>\n<\/li>\n<\/ul>\n<h5>Ind\u00fastria da pasta e do papel<\/h5>\n<ul class=\"product-description-list\">\n<li style=\"list-style-type: none;\">\n<ul class=\"product-description-list\">\n<li>Produtos fibrosos quimicamente agressivos<\/li>\n<\/ul>\n<\/li>\n<\/ul>\n<h5>Ind\u00fastria do petr\u00f3leo e do g\u00e1s<\/h5>\n<ul class=\"product-description-list\">\n<li>Inje\u00e7\u00e3o de \u00e1gua (alta press\u00e3o)<\/li>\n<li>Lama de perfura\u00e7\u00e3o<\/li>\n<li>\u00c1gua produzida<\/li>\n<\/ul>\n<\/div>\n<\/div>\n<\/div>","protected":false},"excerpt":{"rendered":"<div class=\"short-description-head\">O MTF-F-200 \u00e9 a vers\u00e3o remota do medidor de caudal eletromagn\u00e9tico MTF-F-100 que oferece uma vasta gama de materiais molhados e gamas de temperaturas m\u00e9dias at\u00e9 180 \u00b0C\/356 \u00b0F, para maximizar a flexibilidade de instala\u00e7\u00e3o e a seguran\u00e7a operacional em ambientes exigentes.<\/div>","protected":false},"featured_media":23247,"template":"","meta":[],"product_brand":[],"product_cat":[118,166,163],"product_tag":[],"class_list":{"0":"post-23215","1":"product","2":"type-product","3":"status-publish","4":"has-post-thumbnail","6":"product_cat-magnetic-flow-meters","7":"product_cat-liquid-flow-meters","8":"product_cat-water-flow-meters","10":"first","11":"instock","12":"shipping-taxable","13":"purchasable","14":"product-type-simple"},"_links":{"self":[{"href":"https:\/\/metlaninst.com\/pt\/wp-json\/wp\/v2\/product\/23215","targetHints":{"allow":["GET"]}}],"collection":[{"href":"https:\/\/metlaninst.com\/pt\/wp-json\/wp\/v2\/product"}],"about":[{"href":"https:\/\/metlaninst.com\/pt\/wp-json\/wp\/v2\/types\/product"}],"version-history":[{"count":2,"href":"https:\/\/metlaninst.com\/pt\/wp-json\/wp\/v2\/product\/23215\/revisions"}],"predecessor-version":[{"id":26148,"href":"https:\/\/metlaninst.com\/pt\/wp-json\/wp\/v2\/product\/23215\/revisions\/26148"}],"wp:featuredmedia":[{"embeddable":true,"href":"https:\/\/metlaninst.com\/pt\/wp-json\/wp\/v2\/media\/23247"}],"wp:attachment":[{"href":"https:\/\/metlaninst.com\/pt\/wp-json\/wp\/v2\/media?parent=23215"}],"wp:term":[{"taxonomy":"product_brand","embeddable":true,"href":"https:\/\/metlaninst.com\/pt\/wp-json\/wp\/v2\/product_brand?post=23215"},{"taxonomy":"product_cat","embeddable":true,"href":"https:\/\/metlaninst.com\/pt\/wp-json\/wp\/v2\/product_cat?post=23215"},{"taxonomy":"product_tag","embeddable":true,"href":"https:\/\/metlaninst.com\/pt\/wp-json\/wp\/v2\/product_tag?post=23215"}],"curies":[{"name":"wp","href":"https:\/\/api.w.org\/{rel}","templated":true}]}}