{"id":23226,"date":"2024-10-13T08:36:16","date_gmt":"2024-10-13T08:36:16","guid":{"rendered":"https:\/\/www.metlaninst.com\/?post_type=product&#038;p=23226"},"modified":"2025-02-02T04:06:29","modified_gmt":"2025-02-02T04:06:29","slug":"caudalimetro-magnetico-alimentado-por-bateria-mtf-b","status":"publish","type":"product","link":"https:\/\/metlaninst.com\/pt\/p\/caudalimetro-magnetico-alimentado-por-bateria-mtf-b\/","title":{"rendered":"Medidor de caudal magn\u00e9tico alimentado por bateria (MTF-B)"},"content":{"rendered":"<div class=\"e-con-inner\">\n<div class=\"elementor-element e-con-full e-flex e-con e-child\">\n<div class=\"elementor-widget-container\">\n<h3 class=\"elementor-heading-title elementor-size-default\">Carater\u00edsticas:<\/h3>\n<\/div>\n<div class=\"elementor-widget-container\">\n<ol class=\"product-description-list\">\n<li>Vasta gama de revestimentos e materiais de el\u00e9ctrodos<\/li>\n<li>As cores e o aspeto podem ser personalizados a pedido<\/li>\n<li>Tamb\u00e9m dispon\u00edvel em constru\u00e7\u00f5es espec\u00edficas para o cliente<\/li>\n<li>Sem pe\u00e7as m\u00f3veis, sem desgaste, sem perda de press\u00e3o<\/li>\n<li>Medi\u00e7\u00e3o fi\u00e1vel com precis\u00e3o constante<\/li>\n<li>O princ\u00edpio de medi\u00e7\u00e3o \u00e9 praticamente independente da press\u00e3o, densidade, temperatura e viscosidade<\/li>\n<li>Est\u00e3o dispon\u00edveis para o ecr\u00e3 LCD ingl\u00eas, espanhol, franc\u00eas e outras l\u00ednguas, mediante pedido.<\/li>\n<li>Cada medidor de caudal \u00e9 calibrado e \u00e9-lhe atribu\u00eddo um n\u00famero de s\u00e9rie \u00fanico correspondente a todos os dados de calibra\u00e7\u00e3o.<\/li>\n<\/ol>\n<\/div>\n<\/div>\n<div class=\"elementor-element e-con-full e-flex e-con e-child\">\n<div class=\"elementor-widget-container\">\n<h3 class=\"elementor-heading-title elementor-size-default\">Aplica\u00e7\u00f5es:<\/h3>\n<\/div>\n<div class=\"elementor-widget-container\">\n<h5 class=\"first\">Ind\u00fastria da \u00e1gua<\/h5>\n<ul class=\"product-description-list\">\n<li>Monitoriza\u00e7\u00e3o remota das redes de abastecimento e distribui\u00e7\u00e3o de \u00e1gua<\/li>\n<li>Medi\u00e7\u00e3o fiscal e de consumo de \u00e1gua (transfer\u00eancia de cust\u00f3dia)<\/li>\n<li>Irriga\u00e7\u00e3o e capta\u00e7\u00e3o<\/li>\n<li>Tratamento da \u00e1gua<\/li>\n<li>Substitui\u00e7\u00e3o dos contadores mec\u00e2nicos de turbinas<\/li>\n<li>Dete\u00e7\u00e3o de fugas<\/li>\n<li>Controlo das bombas e dos po\u00e7os de \u00e1gua<\/li>\n<li>Medi\u00e7\u00e3o do caudal de transfer\u00eancia de cust\u00f3dia em redes de aquecimento urbano<\/li>\n<\/ul>\n<\/div>\n<\/div>\n<\/div>","protected":false},"excerpt":{"rendered":"<div class=\"short-description-head\">O MTF-B \u00e9 um contador de \u00e1gua eletromagn\u00e9tico alimentado por bateria para utiliza\u00e7\u00e3o em po\u00e7os de capta\u00e7\u00e3o de \u00e1gua e \u00e1reas de medi\u00e7\u00e3o distritais (DMA). Com sensores opcionais de press\u00e3o e temperatura, o contador tamb\u00e9m pode ser utilizado para dete\u00e7\u00e3o de fugas, controlo de qualidade e sistemas de gest\u00e3o de press\u00e3o.<\/div>","protected":false},"featured_media":23245,"template":"","meta":[],"product_brand":[],"product_cat":[118,166,163],"product_tag":[],"class_list":{"0":"post-23226","1":"product","2":"type-product","3":"status-publish","4":"has-post-thumbnail","6":"product_cat-magnetic-flow-meters","7":"product_cat-liquid-flow-meters","8":"product_cat-water-flow-meters","10":"first","11":"instock","12":"shipping-taxable","13":"purchasable","14":"product-type-simple"},"_links":{"self":[{"href":"https:\/\/metlaninst.com\/pt\/wp-json\/wp\/v2\/product\/23226","targetHints":{"allow":["GET"]}}],"collection":[{"href":"https:\/\/metlaninst.com\/pt\/wp-json\/wp\/v2\/product"}],"about":[{"href":"https:\/\/metlaninst.com\/pt\/wp-json\/wp\/v2\/types\/product"}],"version-history":[{"count":2,"href":"https:\/\/metlaninst.com\/pt\/wp-json\/wp\/v2\/product\/23226\/revisions"}],"predecessor-version":[{"id":26160,"href":"https:\/\/metlaninst.com\/pt\/wp-json\/wp\/v2\/product\/23226\/revisions\/26160"}],"wp:featuredmedia":[{"embeddable":true,"href":"https:\/\/metlaninst.com\/pt\/wp-json\/wp\/v2\/media\/23245"}],"wp:attachment":[{"href":"https:\/\/metlaninst.com\/pt\/wp-json\/wp\/v2\/media?parent=23226"}],"wp:term":[{"taxonomy":"product_brand","embeddable":true,"href":"https:\/\/metlaninst.com\/pt\/wp-json\/wp\/v2\/product_brand?post=23226"},{"taxonomy":"product_cat","embeddable":true,"href":"https:\/\/metlaninst.com\/pt\/wp-json\/wp\/v2\/product_cat?post=23226"},{"taxonomy":"product_tag","embeddable":true,"href":"https:\/\/metlaninst.com\/pt\/wp-json\/wp\/v2\/product_tag?post=23226"}],"curies":[{"name":"wp","href":"https:\/\/api.w.org\/{rel}","templated":true}]}}