{"id":23230,"date":"2024-12-26T06:47:23","date_gmt":"2024-12-26T06:47:23","guid":{"rendered":"https:\/\/www.metlaninst.com\/?post_type=product&#038;p=23230"},"modified":"2025-02-02T03:55:25","modified_gmt":"2025-02-02T03:55:25","slug":"caudalimetros-magneticos-de-insercao-mtf-i","status":"publish","type":"product","link":"https:\/\/metlaninst.com\/pt\/p\/caudalimetros-magneticos-de-insercao-mtf-i\/","title":{"rendered":"Medidores de caudal magn\u00e9ticos de inser\u00e7\u00e3o (MTF-I)"},"content":{"rendered":"<div class=\"e-con-inner\">\n<div class=\"elementor-element e-con-full e-flex e-con e-child\">\n<div class=\"elementor-widget-container\">\n<h3 class=\"elementor-heading-title elementor-size-default\">Carater\u00edsticas:<\/h3>\n<\/div>\n<div class=\"elementor-widget-container\">\n<ol class=\"product-description-list\">\n<li>Constru\u00e7\u00e3o robusta: sem pe\u00e7as m\u00f3veis, sem manuten\u00e7\u00e3o e com partes molhadas em a\u00e7o inoxid\u00e1vel<\/li>\n<li>As cores e o aspeto podem ser personalizados a pedido<\/li>\n<li>Tamb\u00e9m dispon\u00edvel em constru\u00e7\u00f5es espec\u00edficas para o cliente<\/li>\n<li>Sem pe\u00e7as m\u00f3veis, sem desgaste, sem perda de press\u00e3o<\/li>\n<li>Medi\u00e7\u00e3o fi\u00e1vel com precis\u00e3o constante<\/li>\n<li>O princ\u00edpio de medi\u00e7\u00e3o \u00e9 praticamente independente da press\u00e3o, densidade, temperatura e viscosidade<\/li>\n<li>Est\u00e3o dispon\u00edveis para o ecr\u00e3 LCD ingl\u00eas, espanhol, franc\u00eas e outras l\u00ednguas, mediante pedido.<\/li>\n<li>Cada medidor de caudal \u00e9 calibrado e \u00e9-lhe atribu\u00eddo um n\u00famero de s\u00e9rie \u00fanico correspondente a todos os dados de calibra\u00e7\u00e3o.<\/li>\n<li>Dispon\u00edvel com a vers\u00e3o compacta ou remota do transmissor.<\/li>\n<\/ol>\n<\/div>\n<\/div>\n<div class=\"elementor-element e-con-full e-flex e-con e-child\">\n<div class=\"elementor-widget-container\">\n<h3 class=\"elementor-heading-title elementor-size-default\">Aplica\u00e7\u00f5es:<\/h3>\n<\/div>\n<div class=\"elementor-widget-container\">\n<h5 class=\"first\">Geral<\/h5>\n<ul class=\"product-description-list\">\n<li>Monitoriza\u00e7\u00e3o econ\u00f3mica do caudal<\/li>\n<li>Sistemas de arrefecimento<\/li>\n<li>Prote\u00e7\u00e3o da bomba<\/li>\n<li>\u00c1gua<\/li>\n<\/ul>\n<\/div>\n<\/div>\n<\/div>","protected":false},"excerpt":{"rendered":"<div class=\"short-description-head\">O MTF-I \u00e9 um medidor de caudal eletromagn\u00e9tico do tipo inser\u00e7\u00e3o para monitorizar o caudal de l\u00edquidos condutores, pastas e lamas. \u00c9 geralmente utilizado em aplica\u00e7\u00f5es onde as instala\u00e7\u00f5es de inser\u00e7\u00e3o s\u00e3o preferidas. Mede, por exemplo, a velocidade do fluxo de l\u00edquidos condutores em tubos de grande di\u00e2metro.<\/div>","protected":false},"featured_media":23249,"template":"","meta":[],"product_brand":[],"product_cat":[118,166,163],"product_tag":[],"class_list":{"0":"post-23230","1":"product","2":"type-product","3":"status-publish","4":"has-post-thumbnail","6":"product_cat-magnetic-flow-meters","7":"product_cat-liquid-flow-meters","8":"product_cat-water-flow-meters","10":"first","11":"instock","12":"shipping-taxable","13":"purchasable","14":"product-type-simple"},"_links":{"self":[{"href":"https:\/\/metlaninst.com\/pt\/wp-json\/wp\/v2\/product\/23230","targetHints":{"allow":["GET"]}}],"collection":[{"href":"https:\/\/metlaninst.com\/pt\/wp-json\/wp\/v2\/product"}],"about":[{"href":"https:\/\/metlaninst.com\/pt\/wp-json\/wp\/v2\/types\/product"}],"version-history":[{"count":2,"href":"https:\/\/metlaninst.com\/pt\/wp-json\/wp\/v2\/product\/23230\/revisions"}],"predecessor-version":[{"id":26150,"href":"https:\/\/metlaninst.com\/pt\/wp-json\/wp\/v2\/product\/23230\/revisions\/26150"}],"wp:featuredmedia":[{"embeddable":true,"href":"https:\/\/metlaninst.com\/pt\/wp-json\/wp\/v2\/media\/23249"}],"wp:attachment":[{"href":"https:\/\/metlaninst.com\/pt\/wp-json\/wp\/v2\/media?parent=23230"}],"wp:term":[{"taxonomy":"product_brand","embeddable":true,"href":"https:\/\/metlaninst.com\/pt\/wp-json\/wp\/v2\/product_brand?post=23230"},{"taxonomy":"product_cat","embeddable":true,"href":"https:\/\/metlaninst.com\/pt\/wp-json\/wp\/v2\/product_cat?post=23230"},{"taxonomy":"product_tag","embeddable":true,"href":"https:\/\/metlaninst.com\/pt\/wp-json\/wp\/v2\/product_tag?post=23230"}],"curies":[{"name":"wp","href":"https:\/\/api.w.org\/{rel}","templated":true}]}}