{"id":23234,"date":"2024-10-19T08:53:01","date_gmt":"2024-10-19T08:53:01","guid":{"rendered":"https:\/\/www.metlaninst.com\/?post_type=product&#038;p=23234"},"modified":"2025-02-02T04:02:56","modified_gmt":"2025-02-02T04:02:56","slug":"medidor-de-caudal-eletromagnetico-para-liquidos-de-baixa-condutividade-mtf-c","status":"publish","type":"product","link":"https:\/\/metlaninst.com\/pt\/p\/medidor-de-caudal-eletromagnetico-para-liquidos-de-baixa-condutividade-mtf-c\/","title":{"rendered":"Medidor de Caudal Eletromagn\u00e9tico para L\u00edquidos de Baixa Condutividade (MTF-C)"},"content":{"rendered":"<div class=\"e-con-inner\">\n<div class=\"elementor-element e-con-full e-flex e-con e-child\">\n<div class=\"elementor-widget-container\">\n<h3 class=\"elementor-heading-title elementor-size-default\">Carater\u00edsticas:<\/h3>\n<\/div>\n<div class=\"elementor-widget-container\">\n<ol class=\"product-description-list\">\n<li>Dispon\u00edvel para l\u00edquidos de baixa condutividade \u22653 \u03bcS\/cm<\/li>\n<li>Vasta gama de revestimentos e materiais de el\u00e9ctrodos<\/li>\n<li>As cores e o aspeto podem ser personalizados a pedido<\/li>\n<li>Tamb\u00e9m dispon\u00edvel em constru\u00e7\u00f5es espec\u00edficas para o cliente<\/li>\n<li>Sem pe\u00e7as m\u00f3veis, sem desgaste, sem perda de press\u00e3o<\/li>\n<li>Medi\u00e7\u00e3o fi\u00e1vel com precis\u00e3o constante<\/li>\n<li>O princ\u00edpio de medi\u00e7\u00e3o \u00e9 praticamente independente da press\u00e3o, densidade, temperatura e viscosidade<\/li>\n<li>Est\u00e3o dispon\u00edveis para o ecr\u00e3 LCD ingl\u00eas, espanhol, franc\u00eas e outras l\u00ednguas, mediante pedido.<\/li>\n<li>Cada medidor de caudal \u00e9 calibrado e \u00e9-lhe atribu\u00eddo um n\u00famero de s\u00e9rie \u00fanico correspondente a todos os dados de calibra\u00e7\u00e3o.<\/li>\n<\/ol>\n<\/div>\n<\/div>\n<div class=\"elementor-element e-con-full e-flex e-con e-child\">\n<div class=\"elementor-widget-container\">\n<h3 class=\"elementor-heading-title elementor-size-default\">Aplica\u00e7\u00f5es:<\/h3>\n<\/div>\n<div class=\"elementor-widget-container\">\n<h5 class=\"first\">Geral<\/h5>\n<ul class=\"product-description-list\">\n<li style=\"list-style-type: none;\">\n<ul class=\"product-description-list\">\n<li>Aplica\u00e7\u00f5es avan\u00e7adas com meios de baixa condutividade (\u22653 \u03bcS\/cm)<\/li>\n<li>Meios agressivos e abrasivos<\/li>\n<\/ul>\n<\/li>\n<\/ul>\n<h5>Ind\u00fastrias qu\u00edmicas e outras ind\u00fastrias de transforma\u00e7\u00e3o<\/h5>\n<ul class=\"product-description-list\">\n<li style=\"list-style-type: none;\">\n<ul class=\"product-description-list\">\n<li>Dosagem volum\u00e9trica exacta de aditivos<\/li>\n<li>L\u00edquidos corrosivos, abrasivos e lamas<\/li>\n<li>Dosagem de adesivos e produtos fibrosos<\/li>\n<li>Emuls\u00f5es, incluindo l\u00e1tex, tintas de emuls\u00e3o, etc.<\/li>\n<li>(Bio-)\u00e1lcoois, bebidas espirituosas, glic\u00f3is, glicerina<\/li>\n<li>Produ\u00e7\u00e3o org\u00e2nica em massa<\/li>\n<li>Produtos \u00e0 base de \u00f3leo<\/li>\n<\/ul>\n<\/li>\n<\/ul>\n<h5>Ind\u00fastria alimentar e de bebidas<\/h5>\n<ul class=\"product-description-list\">\n<li style=\"list-style-type: none;\">\n<ul class=\"product-description-list\">\n<li>Mistura, dosagem e dosagem higi\u00e9nica<\/li>\n<li>Produtos gordos e oleosos (por exemplo, \u00f3leos vegetais)<\/li>\n<li>Produtos cremosos e l\u00e1cteos (por exemplo, gordura, natas, leite, queijo, iogurte com part\u00edculas de fruta)<\/li>\n<\/ul>\n<\/li>\n<\/ul>\n<h5>Minerais e ind\u00fastria mineira<\/h5>\n<ul class=\"product-description-list\">\n<li style=\"list-style-type: none;\">\n<ul class=\"product-description-list\">\n<li>Fluidos n\u00e3o homog\u00e9neos e abrasivos<\/li>\n<li>Cimento e aplica\u00e7\u00f5es similares<\/li>\n<\/ul>\n<\/li>\n<\/ul>\n<h5>Ind\u00fastria da \u00e1gua e das \u00e1guas residuais<\/h5>\n<ul class=\"product-description-list\">\n<li style=\"list-style-type: none;\">\n<ul class=\"product-description-list\">\n<li>Lamas e \u00e1guas residuais<\/li>\n<li>\u00c1gua misturada com gordura, \u00f3leo e massa lubrificante (por exemplo, na co-digest\u00e3o anaer\u00f3bia)<\/li>\n<li>Irriga\u00e7\u00e3o<\/li>\n<\/ul>\n<\/li>\n<\/ul>\n<h5>Ind\u00fastria da pasta e do papel<\/h5>\n<ul class=\"product-description-list\">\n<li>Produtos fibrosos quimicamente agressivos<\/li>\n<li>Produtos que formam uma pel\u00edcula que isola os el\u00e9ctrodos (vidro de \u00e1gua)<\/li>\n<\/ul>\n<\/div>\n<\/div>\n<\/div>","protected":false},"excerpt":{"rendered":"<div class=\"short-description-head\">O MTF-C \u00e9 um medidor de caudal eletromagn\u00e9tico para medir l\u00edquidos de muito baixa condutividade (\u22653 \u03bcS\/cm). Este medidor de caudal \u00e9 particularmente adequado para aplica\u00e7\u00f5es com meios adesivos e gordurosos que tendem a formar uma pel\u00edcula isolante.<\/div>","protected":false},"featured_media":23313,"template":"","meta":[],"product_brand":[],"product_cat":[118,166],"product_tag":[],"class_list":{"0":"post-23234","1":"product","2":"type-product","3":"status-publish","4":"has-post-thumbnail","6":"product_cat-magnetic-flow-meters","7":"product_cat-liquid-flow-meters","9":"first","10":"instock","11":"shipping-taxable","12":"purchasable","13":"product-type-simple"},"_links":{"self":[{"href":"https:\/\/metlaninst.com\/pt\/wp-json\/wp\/v2\/product\/23234","targetHints":{"allow":["GET"]}}],"collection":[{"href":"https:\/\/metlaninst.com\/pt\/wp-json\/wp\/v2\/product"}],"about":[{"href":"https:\/\/metlaninst.com\/pt\/wp-json\/wp\/v2\/types\/product"}],"version-history":[{"count":3,"href":"https:\/\/metlaninst.com\/pt\/wp-json\/wp\/v2\/product\/23234\/revisions"}],"predecessor-version":[{"id":26156,"href":"https:\/\/metlaninst.com\/pt\/wp-json\/wp\/v2\/product\/23234\/revisions\/26156"}],"wp:featuredmedia":[{"embeddable":true,"href":"https:\/\/metlaninst.com\/pt\/wp-json\/wp\/v2\/media\/23313"}],"wp:attachment":[{"href":"https:\/\/metlaninst.com\/pt\/wp-json\/wp\/v2\/media?parent=23234"}],"wp:term":[{"taxonomy":"product_brand","embeddable":true,"href":"https:\/\/metlaninst.com\/pt\/wp-json\/wp\/v2\/product_brand?post=23234"},{"taxonomy":"product_cat","embeddable":true,"href":"https:\/\/metlaninst.com\/pt\/wp-json\/wp\/v2\/product_cat?post=23234"},{"taxonomy":"product_tag","embeddable":true,"href":"https:\/\/metlaninst.com\/pt\/wp-json\/wp\/v2\/product_tag?post=23234"}],"curies":[{"name":"wp","href":"https:\/\/api.w.org\/{rel}","templated":true}]}}