{"id":23332,"date":"2024-11-10T06:07:02","date_gmt":"2024-11-10T06:07:02","guid":{"rendered":"https:\/\/www.metlaninst.com\/?post_type=product&#038;p=23332"},"modified":"2025-04-25T09:25:05","modified_gmt":"2025-04-25T09:25:05","slug":"medidores-de-caudal-massico-coriolis-para-aplicacoes-avancadas-de-processo-medidores-de-caudal-massico","status":"publish","type":"product","link":"https:\/\/metlaninst.com\/pt\/p\/medidores-de-caudal-massico-coriolis-para-aplicacoes-avancadas-de-processo-medidores-de-caudal-massico\/","title":{"rendered":"Medidores de caudal m\u00e1ssico Coriolis para aplica\u00e7\u00f5es de processos avan\u00e7ados (MASS-A)"},"content":{"rendered":"<div class=\"e-con-inner\">\n<div class=\"elementor-element e-con-full e-flex e-con e-child\">\n<div class=\"elementor-widget-container\">\n<h3 class=\"elementor-heading-title elementor-size-default\">Carater\u00edsticas:<\/h3>\n<\/div>\n<div class=\"elementor-widget-container\">\n<ol class=\"product-description-list\">\n<li>Certificado para utiliza\u00e7\u00e3o higi\u00e9nica<\/li>\n<li>Apoio aos procedimentos de limpeza CIP ou SIP<\/li>\n<li>Medi\u00e7\u00e3o de caudal de massa, densidade e volume de elevada precis\u00e3o<\/li>\n<li>Tamb\u00e9m dispon\u00edvel em constru\u00e7\u00f5es espec\u00edficas para o cliente<\/li>\n<li>Est\u00e3o dispon\u00edveis para o ecr\u00e3 LCD ingl\u00eas, espanhol, franc\u00eas e outras l\u00ednguas, mediante pedido.<\/li>\n<li>Cada medidor de caudal \u00e9 calibrado e \u00e9-lhe atribu\u00eddo um n\u00famero de s\u00e9rie \u00fanico correspondente a todos os dados de calibra\u00e7\u00e3o.<\/li>\n<\/ol>\n<\/div>\n<\/div>\n<div class=\"elementor-element e-con-full e-flex e-con e-child\">\n<div class=\"elementor-widget-container\">\n<h3 class=\"elementor-heading-title elementor-size-default\">Aplica\u00e7\u00f5es:<\/h3>\n<\/div>\n<div class=\"elementor-widget-container\">\n<h5 class=\"first\">Geral<\/h5>\n<ul class=\"product-description-list\">\n<li style=\"list-style-type: none;\">\n<ul class=\"product-description-list\">\n<li>Medi\u00e7\u00e3o de l\u00edquidos, gases e l\u00edquidos arrastados por gases<\/li>\n<li>Meios muito agressivos, altamente corrosivos ou sens\u00edveis ao cisalhamento<\/li>\n<li>Produtos que requerem uma velocidade de fluxo baixa<\/li>\n<li>Misturas n\u00e3o homog\u00e9neas<\/li>\n<li>Polpas ou produtos com s\u00f3lidos arrastados<\/li>\n<li>Transfer\u00eancia de cust\u00f3dia (contagem fiscal)<\/li>\n<\/ul>\n<\/li>\n<\/ul>\n<h5>Ind\u00fastrias qu\u00edmicas e outras ind\u00fastrias de transforma\u00e7\u00e3o<\/h5>\n<ul class=\"product-description-list\">\n<li style=\"list-style-type: none;\">\n<ul class=\"product-description-list\">\n<li>Medi\u00e7\u00e3o da concentra\u00e7\u00e3o, densidade<\/li>\n<li>Carregamento a granel<\/li>\n<li>Dosagem para reactores<\/li>\n<li>\u00c1cidos, bases, fosg\u00e9nio e outras subst\u00e2ncias cloradas, subst\u00e2ncias sulf\u00faricas<\/li>\n<\/ul>\n<\/li>\n<\/ul>\n<h5>Ind\u00fastria alimentar e de bebidas<\/h5>\n<ul class=\"product-description-list\">\n<li style=\"list-style-type: none;\">\n<ul class=\"product-description-list\">\n<li>Dosagem, enchimento, dosagem<\/li>\n<li>Medi\u00e7\u00e3o de caudal, densidade, gravidade espec\u00edfica em processos de fabrico de cerveja<\/li>\n<li>Dosagem do extrato de l\u00fapulo<\/li>\n<li>Processos de rece\u00e7\u00e3o, dosagem e separa\u00e7\u00e3o do leite nas centrais leiteiras<\/li>\n<li>Medi\u00e7\u00e3o do Brix, da densidade e do fluxo em sumos de fruta<\/li>\n<li>Produtos oleosos e gordurosos (por exemplo, misturas cremosas de espinafres, etc.)<\/li>\n<li>Chocolate l\u00edquido, mel, marmelada, xarope, gelado, etc.<\/li>\n<li>Inje\u00e7\u00e3o de CO2<\/li>\n<li>Bebidas alco\u00f3licas (whisky, vinho, vodka, etc.)<\/li>\n<\/ul>\n<\/li>\n<\/ul>\n<h5>Ind\u00fastria farmac\u00eautica<\/h5>\n<ul class=\"product-description-list\">\n<li style=\"list-style-type: none;\">\n<ul class=\"product-description-list\">\n<li>Dosagem, enchimento, dosagem<\/li>\n<li>Extra\u00e7\u00e3o por solventes<\/li>\n<\/ul>\n<\/li>\n<\/ul>\n<h5>Ind\u00fastria do petr\u00f3leo e do g\u00e1s<\/h5>\n<ul class=\"product-description-list\">\n<li style=\"list-style-type: none;\">\n<ul class=\"product-description-list\">\n<li>Skids de medi\u00e7\u00e3o, carregamento a granel e de cami\u00f5es-cisterna, transfer\u00eancia de tubagens, medi\u00e7\u00e3o de densidade em linha<\/li>\n<li>Hidrocarbonetos l\u00edquidos, gases liquefeitos (propano, etc.)<\/li>\n<\/ul>\n<\/li>\n<\/ul>\n<h5>Ind\u00fastria da pasta e do papel<\/h5>\n<ul class=\"product-description-list\">\n<li style=\"list-style-type: none;\">\n<ul class=\"product-description-list\">\n<li>Pasta de papel, pasta de papel<\/li>\n<li>Cozinhas de revestimento<\/li>\n<\/ul>\n<\/li>\n<\/ul>\n<h5>Ind\u00fastria da \u00e1gua e das \u00e1guas residuais<\/h5>\n<ul class=\"product-description-list\">\n<li>Dosagem de floculante<\/li>\n<li>Medi\u00e7\u00e3o do caudal e da densidade das lamas<\/li>\n<\/ul>\n<\/div>\n<\/div>\n<\/div>","protected":false},"excerpt":{"rendered":"<div class=\"short-description-head\">O MASS-A \u00e9 um medidor de caudal m\u00e1ssico Coriolis topo de gama para aplica\u00e7\u00f5es exigentes de processo e transfer\u00eancia de cust\u00f3dia (CT). \u00c9 a solu\u00e7\u00e3o ideal quando se trata de medi\u00e7\u00e3o de alta precis\u00e3o de gases e l\u00edquidos viscosos ou sens\u00edveis ao cisalhamento, lamas, meios muito agressivos ou meios com baixa velocidade de fluxo.<\/div>","protected":false},"featured_media":23344,"template":"","meta":[],"product_brand":[],"product_cat":[171,15],"product_tag":[],"class_list":{"0":"post-23332","1":"product","2":"type-product","3":"status-publish","4":"has-post-thumbnail","6":"product_cat-coriolis-flow-meters","7":"product_cat-uncategorized","9":"first","10":"instock","11":"shipping-taxable","12":"purchasable","13":"product-type-simple"},"_links":{"self":[{"href":"https:\/\/metlaninst.com\/pt\/wp-json\/wp\/v2\/product\/23332","targetHints":{"allow":["GET"]}}],"collection":[{"href":"https:\/\/metlaninst.com\/pt\/wp-json\/wp\/v2\/product"}],"about":[{"href":"https:\/\/metlaninst.com\/pt\/wp-json\/wp\/v2\/types\/product"}],"version-history":[{"count":3,"href":"https:\/\/metlaninst.com\/pt\/wp-json\/wp\/v2\/product\/23332\/revisions"}],"predecessor-version":[{"id":26152,"href":"https:\/\/metlaninst.com\/pt\/wp-json\/wp\/v2\/product\/23332\/revisions\/26152"}],"wp:featuredmedia":[{"embeddable":true,"href":"https:\/\/metlaninst.com\/pt\/wp-json\/wp\/v2\/media\/23344"}],"wp:attachment":[{"href":"https:\/\/metlaninst.com\/pt\/wp-json\/wp\/v2\/media?parent=23332"}],"wp:term":[{"taxonomy":"product_brand","embeddable":true,"href":"https:\/\/metlaninst.com\/pt\/wp-json\/wp\/v2\/product_brand?post=23332"},{"taxonomy":"product_cat","embeddable":true,"href":"https:\/\/metlaninst.com\/pt\/wp-json\/wp\/v2\/product_cat?post=23332"},{"taxonomy":"product_tag","embeddable":true,"href":"https:\/\/metlaninst.com\/pt\/wp-json\/wp\/v2\/product_tag?post=23332"}],"curies":[{"name":"wp","href":"https:\/\/api.w.org\/{rel}","templated":true}]}}