{"id":23336,"date":"2024-11-09T06:37:56","date_gmt":"2024-11-09T06:37:56","guid":{"rendered":"https:\/\/www.metlaninst.com\/?post_type=product&#038;p=23336"},"modified":"2025-04-25T09:25:23","modified_gmt":"2025-04-25T09:25:23","slug":"caudalimetros-massicos-coriolis-para-aplicacoes-de-baixo-caudal-e-de-dosagem-massa-l","status":"publish","type":"product","link":"https:\/\/metlaninst.com\/pt\/p\/caudalimetros-massicos-coriolis-para-aplicacoes-de-baixo-caudal-e-de-dosagem-massa-l\/","title":{"rendered":"Medidores de caudal m\u00e1ssico Coriolis para aplica\u00e7\u00f5es de baixo caudal e de dosagem (MASS-L)"},"content":{"rendered":"<div class=\"e-con-inner\">\n<div class=\"elementor-element e-con-full e-flex e-con e-child\">\n<div class=\"elementor-widget-container\">\n<h3 class=\"elementor-heading-title elementor-size-default\">Carater\u00edsticas:<\/h3>\n<\/div>\n<div class=\"elementor-widget-container\">\n<ol class=\"product-description-list\">\n<li>Certificado para utiliza\u00e7\u00e3o higi\u00e9nica<\/li>\n<li>Apoio aos procedimentos de limpeza CIP ou SIP<\/li>\n<li>Perfeito para aplica\u00e7\u00f5es de baixo caudal<\/li>\n<li>Medi\u00e7\u00e3o de caudal de massa, densidade e volume de elevada precis\u00e3o<\/li>\n<li>Tamb\u00e9m dispon\u00edvel em constru\u00e7\u00f5es espec\u00edficas para o cliente<\/li>\n<li>Est\u00e3o dispon\u00edveis para o ecr\u00e3 LCD ingl\u00eas, espanhol, franc\u00eas e outras l\u00ednguas, mediante pedido.<\/li>\n<li>Cada medidor de caudal \u00e9 calibrado e \u00e9-lhe atribu\u00eddo um n\u00famero de s\u00e9rie \u00fanico correspondente a todos os dados de calibra\u00e7\u00e3o.<\/li>\n<\/ol>\n<\/div>\n<\/div>\n<div class=\"elementor-element e-con-full e-flex e-con e-child\">\n<div class=\"elementor-widget-container\">\n<h3 class=\"elementor-heading-title elementor-size-default\">Aplica\u00e7\u00f5es:<\/h3>\n<\/div>\n<div class=\"elementor-widget-container\">\n<h5 class=\"first\">Geral<\/h5>\n<ul class=\"product-description-list\">\n<li style=\"list-style-type: none;\">\n<ul class=\"product-description-list\">\n<li>Aplica\u00e7\u00f5es de dosagem e enchimento com caudais muito baixos<\/li>\n<li>Medi\u00e7\u00e3o de l\u00edquidos, gases e l\u00edquidos arrastados por gases<\/li>\n<\/ul>\n<\/li>\n<\/ul>\n<h5>Ind\u00fastria do petr\u00f3leo e do g\u00e1s<\/h5>\n<ul class=\"product-description-list\">\n<li style=\"list-style-type: none;\">\n<ul class=\"product-description-list\">\n<li>Odoriza\u00e7\u00e3o de g\u00e1s natural e propano<\/li>\n<li>Inje\u00e7\u00e3o qu\u00edmica<\/li>\n<\/ul>\n<\/li>\n<\/ul>\n<h5>Ind\u00fastrias qu\u00edmicas e outras ind\u00fastrias de transforma\u00e7\u00e3o<\/h5>\n<ul class=\"product-description-list\">\n<li style=\"list-style-type: none;\">\n<ul class=\"product-description-list\">\n<li>Medi\u00e7\u00e3o da concentra\u00e7\u00e3o e da densidade de volumes reduzidos<\/li>\n<li>Dosagem para reactores<\/li>\n<\/ul>\n<\/li>\n<\/ul>\n<h5>Ind\u00fastria farmac\u00eautica<\/h5>\n<ul class=\"product-description-list\">\n<li style=\"list-style-type: none;\">\n<ul class=\"product-description-list\">\n<li>Dosagem de fragr\u00e2ncias e revestimentos de alta precis\u00e3o<\/li>\n<li>Dosagem dos ingredientes<\/li>\n<\/ul>\n<\/li>\n<\/ul>\n<h5>Ind\u00fastria alimentar e de bebidas<\/h5>\n<ul class=\"product-description-list\">\n<li style=\"list-style-type: none;\">\n<ul class=\"product-description-list\">\n<li>Inje\u00e7\u00e3o e dosagem de CO2<\/li>\n<\/ul>\n<\/li>\n<\/ul>\n<h5>M\u00e1quinas e aparelhos (ind\u00fastria OEM)<\/h5>\n<ul class=\"product-description-list\">\n<li style=\"list-style-type: none;\">\n<ul class=\"product-description-list\">\n<li>Bancos de ensaio de motores (por exemplo, na ind\u00fastria autom\u00f3vel)<\/li>\n<\/ul>\n<\/li>\n<\/ul>\n<h5>Ind\u00fastria da pasta e do papel<\/h5>\n<ul class=\"product-description-list\">\n<li>Aditivos, branqueadores e corantes<\/li>\n<\/ul>\n<\/div>\n<\/div>\n<\/div>","protected":false},"excerpt":{"rendered":"<div class=\"short-description-head\">O MASS-L \u00e9 um medidor de caudal m\u00e1ssico Coriolis econ\u00f3mico para a medi\u00e7\u00e3o precisa do caudal de l\u00edquidos e gases numa variedade de aplica\u00e7\u00f5es exigentes de baixo caudal e de dosagem. Este medidor de caudal est\u00e1 tamb\u00e9m certificado para utiliza\u00e7\u00e3o higi\u00e9nica, suportando procedimentos de limpeza CIP\/SIP.<\/div>","protected":false},"featured_media":23346,"template":"","meta":[],"product_brand":[],"product_cat":[171,15],"product_tag":[],"class_list":{"0":"post-23336","1":"product","2":"type-product","3":"status-publish","4":"has-post-thumbnail","6":"product_cat-coriolis-flow-meters","7":"product_cat-uncategorized","9":"first","10":"instock","11":"shipping-taxable","12":"purchasable","13":"product-type-simple"},"_links":{"self":[{"href":"https:\/\/metlaninst.com\/pt\/wp-json\/wp\/v2\/product\/23336","targetHints":{"allow":["GET"]}}],"collection":[{"href":"https:\/\/metlaninst.com\/pt\/wp-json\/wp\/v2\/product"}],"about":[{"href":"https:\/\/metlaninst.com\/pt\/wp-json\/wp\/v2\/types\/product"}],"version-history":[{"count":2,"href":"https:\/\/metlaninst.com\/pt\/wp-json\/wp\/v2\/product\/23336\/revisions"}],"predecessor-version":[{"id":26154,"href":"https:\/\/metlaninst.com\/pt\/wp-json\/wp\/v2\/product\/23336\/revisions\/26154"}],"wp:featuredmedia":[{"embeddable":true,"href":"https:\/\/metlaninst.com\/pt\/wp-json\/wp\/v2\/media\/23346"}],"wp:attachment":[{"href":"https:\/\/metlaninst.com\/pt\/wp-json\/wp\/v2\/media?parent=23336"}],"wp:term":[{"taxonomy":"product_brand","embeddable":true,"href":"https:\/\/metlaninst.com\/pt\/wp-json\/wp\/v2\/product_brand?post=23336"},{"taxonomy":"product_cat","embeddable":true,"href":"https:\/\/metlaninst.com\/pt\/wp-json\/wp\/v2\/product_cat?post=23336"},{"taxonomy":"product_tag","embeddable":true,"href":"https:\/\/metlaninst.com\/pt\/wp-json\/wp\/v2\/product_tag?post=23336"}],"curies":[{"name":"wp","href":"https:\/\/api.w.org\/{rel}","templated":true}]}}