{"id":23340,"date":"2024-11-08T06:45:44","date_gmt":"2024-11-08T06:45:44","guid":{"rendered":"https:\/\/www.metlaninst.com\/?post_type=product&#038;p=23340"},"modified":"2025-04-25T09:25:36","modified_gmt":"2025-04-25T09:25:36","slug":"caudalimetros-massicos-coriolis-para-aplicacoes-criogenicas-massa-c","status":"publish","type":"product","link":"https:\/\/metlaninst.com\/pt\/p\/caudalimetros-massicos-coriolis-para-aplicacoes-criogenicas-massa-c\/","title":{"rendered":"Medidores de caudal m\u00e1ssico Coriolis para aplica\u00e7\u00f5es criog\u00e9nicas (MASS-C)"},"content":{"rendered":"<div class=\"e-con-inner\">\n<div class=\"elementor-element e-con-full e-flex e-con e-child\">\n<div class=\"elementor-widget-container\">\n<h3 class=\"elementor-heading-title elementor-size-default\">Carater\u00edsticas:<\/h3>\n<\/div>\n<div class=\"elementor-widget-container\">\n<ol class=\"product-description-list\">\n<li>Concebida para meliantes criog\u00e9nicos como o GNL com temperaturas at\u00e9 -200\u00b0C \/ -328\u00b0F<\/li>\n<li>Adequado para utiliza\u00e7\u00e3o em sistemas instrumentados de seguran\u00e7a<\/li>\n<li>Medi\u00e7\u00e3o de caudal de massa, densidade e volume de elevada precis\u00e3o<\/li>\n<li>Tamb\u00e9m dispon\u00edvel em constru\u00e7\u00f5es espec\u00edficas para o cliente<\/li>\n<li>Est\u00e3o dispon\u00edveis para o ecr\u00e3 LCD ingl\u00eas, espanhol, franc\u00eas e outras l\u00ednguas, mediante pedido.<\/li>\n<li>Cada medidor de caudal \u00e9 calibrado e \u00e9-lhe atribu\u00eddo um n\u00famero de s\u00e9rie \u00fanico correspondente a todos os dados de calibra\u00e7\u00e3o.<\/li>\n<\/ol>\n<\/div>\n<\/div>\n<div class=\"elementor-element e-con-full e-flex e-con e-child\">\n<div class=\"elementor-widget-container\">\n<h3 class=\"elementor-heading-title elementor-size-default\">Aplica\u00e7\u00f5es:<\/h3>\n<\/div>\n<div class=\"elementor-widget-container\">\n<h5 class=\"first\">Geral<\/h5>\n<ul class=\"product-description-list\">\n<li style=\"list-style-type: none;\">\n<ul class=\"product-description-list\">\n<li>Temperaturas criog\u00e9nicas at\u00e9 -200\u00b0C \/ -328\u00b0F<\/li>\n<li>Gases super cr\u00edticos<\/li>\n<li>Transfer\u00eancia de cust\u00f3dia (CT)<\/li>\n<li>Sistemas Instrumentados de Seguran\u00e7a<\/li>\n<\/ul>\n<\/li>\n<\/ul>\n<h5>Ind\u00fastrias qu\u00edmicas e outras ind\u00fastrias de transforma\u00e7\u00e3o<\/h5>\n<ul class=\"product-description-list\">\n<li style=\"list-style-type: none;\">\n<ul class=\"product-description-list\">\n<li>Medi\u00e7\u00e3o da concentra\u00e7\u00e3o e da densidade<\/li>\n<li>Carregamento a granel<\/li>\n<li>Dosagem e mistura para reactores<\/li>\n<li>Fracionamento de hidrocarbonetos<\/li>\n<\/ul>\n<\/li>\n<\/ul>\n<h5>Ind\u00fastria do petr\u00f3leo e do g\u00e1s<\/h5>\n<ul class=\"product-description-list\">\n<li style=\"list-style-type: none;\">\n<ul class=\"product-description-list\">\n<li>Skids de medi\u00e7\u00e3o, carregamento a granel, transfer\u00eancia de tubagens<\/li>\n<li>G\u00e1s Natural Liquefeito (GNL)<\/li>\n<li>Carregamento a granel<\/li>\n<li>Medi\u00e7\u00e3o multif\u00e1sica em aplica\u00e7\u00f5es a montante<\/li>\n<\/ul>\n<\/li>\n<\/ul>\n<h5>Ind\u00fastria alimentar e de bebidas<\/h5>\n<ul class=\"product-description-list\">\n<li style=\"list-style-type: none;\">\n<ul class=\"product-description-list\">\n<li>Dosagem, enchimento, dosagem<\/li>\n<li>Medi\u00e7\u00e3o do caudal m\u00e1ssico de gelado e leite<\/li>\n<li>Medi\u00e7\u00e3o de caudal, densidade, gravidade espec\u00edfica em processos de fabrico de cerveja<\/li>\n<li>Dosagem do extrato de l\u00fapulo<\/li>\n<li>Medi\u00e7\u00e3o do Brix, da densidade e do fluxo em sumos de fruta<\/li>\n<li>Dosagem de \u00f3leos naturais, gorduras, legumes (por exemplo, espinafres), etc.<\/li>\n<li>Inje\u00e7\u00e3o de CO2 na produ\u00e7\u00e3o de refrigerantes<\/li>\n<\/ul>\n<\/li>\n<\/ul>\n<h5>Ind\u00fastria farmac\u00eautica<\/h5>\n<ul class=\"product-description-list\">\n<li style=\"list-style-type: none;\">\n<ul class=\"product-description-list\">\n<li>Dosagem, enchimento, dosagem<\/li>\n<li>Extra\u00e7\u00e3o por solventes<\/li>\n<\/ul>\n<\/li>\n<\/ul>\n<h5>Ind\u00fastria naval<\/h5>\n<ul class=\"product-description-list\">\n<li style=\"list-style-type: none;\">\n<ul class=\"product-description-list\">\n<li>Abastecimento e medi\u00e7\u00e3o do consumo de combust\u00edvel<\/li>\n<\/ul>\n<\/li>\n<\/ul>\n<h5>Ind\u00fastria da pasta e do papel<\/h5>\n<ul class=\"product-description-list\">\n<li>Aditivos, branqueadores e corantes<\/li>\n<li>Produtos de cristaliza\u00e7\u00e3o, de solidifica\u00e7\u00e3o e criog\u00e9nicos<\/li>\n<\/ul>\n<\/div>\n<\/div>\n<\/div>","protected":false},"excerpt":{"rendered":"<div class=\"short-description-head\">O MASS-C \u00e9 o medidor de caudal m\u00e1ssico Coriolis padr\u00e3o de elevado desempenho para a ind\u00fastria de processos, que \u00e9 o dispositivo ideal para meios criog\u00e9nicos como o G\u00e1s Natural Liquefeito (GNL) com temperaturas at\u00e9 -200\u00b0C \/ -328\u00b0F.<\/div>","protected":false},"featured_media":23345,"template":"","meta":[],"product_brand":[],"product_cat":[171,15],"product_tag":[],"class_list":{"0":"post-23340","1":"product","2":"type-product","3":"status-publish","4":"has-post-thumbnail","6":"product_cat-coriolis-flow-meters","7":"product_cat-uncategorized","9":"first","10":"instock","11":"shipping-taxable","12":"purchasable","13":"product-type-simple"},"_links":{"self":[{"href":"https:\/\/metlaninst.com\/pt\/wp-json\/wp\/v2\/product\/23340","targetHints":{"allow":["GET"]}}],"collection":[{"href":"https:\/\/metlaninst.com\/pt\/wp-json\/wp\/v2\/product"}],"about":[{"href":"https:\/\/metlaninst.com\/pt\/wp-json\/wp\/v2\/types\/product"}],"version-history":[{"count":2,"href":"https:\/\/metlaninst.com\/pt\/wp-json\/wp\/v2\/product\/23340\/revisions"}],"predecessor-version":[{"id":26155,"href":"https:\/\/metlaninst.com\/pt\/wp-json\/wp\/v2\/product\/23340\/revisions\/26155"}],"wp:featuredmedia":[{"embeddable":true,"href":"https:\/\/metlaninst.com\/pt\/wp-json\/wp\/v2\/media\/23345"}],"wp:attachment":[{"href":"https:\/\/metlaninst.com\/pt\/wp-json\/wp\/v2\/media?parent=23340"}],"wp:term":[{"taxonomy":"product_brand","embeddable":true,"href":"https:\/\/metlaninst.com\/pt\/wp-json\/wp\/v2\/product_brand?post=23340"},{"taxonomy":"product_cat","embeddable":true,"href":"https:\/\/metlaninst.com\/pt\/wp-json\/wp\/v2\/product_cat?post=23340"},{"taxonomy":"product_tag","embeddable":true,"href":"https:\/\/metlaninst.com\/pt\/wp-json\/wp\/v2\/product_tag?post=23340"}],"curies":[{"name":"wp","href":"https:\/\/api.w.org\/{rel}","templated":true}]}}