{"id":25440,"date":"2024-12-15T04:47:16","date_gmt":"2024-12-15T04:47:16","guid":{"rendered":"https:\/\/www.metlaninst.com\/?post_type=product&#038;p=25440"},"modified":"2025-02-02T03:52:38","modified_gmt":"2025-02-02T03:52:38","slug":"medidor-de-caudal-de-vortice-para-meios-de-alta-temperatura-lugbmt-h","status":"publish","type":"product","link":"https:\/\/metlaninst.com\/pt\/p\/medidor-de-caudal-de-vortice-para-meios-de-alta-temperatura-lugbmt-h\/","title":{"rendered":"Medidor de caudal de v\u00f3rtice para meios de alta temperatura (LUGBMT-H)"},"content":{"rendered":"<div class=\"e-con-inner\">\n<div class=\"elementor-element e-con-full e-flex e-con e-child\">\n<div class=\"elementor-widget-container\">\n<h3 class=\"elementor-heading-title elementor-size-default\">Carater\u00edsticas:<\/h3>\n<\/div>\n<div class=\"elementor-widget-container\">\n<div>\n<ol>\n<li data-zone-id=\"0\" data-line-index=\"0\" data-line=\"true\">Para aplica\u00e7\u00f5es a altas temperaturas at\u00e9 +400\u00b0C \/ +750\u00b0F<\/li>\n<li data-zone-id=\"0\" data-line-index=\"1\" data-line=\"true\">As cores e o aspeto podem ser personalizados a pedido<b><\/b><\/li>\n<li data-zone-id=\"0\" data-line-index=\"2\" data-line=\"true\">Tamb\u00e9m dispon\u00edvel em constru\u00e7\u00f5es espec\u00edficas para o cliente<\/li>\n<li data-zone-id=\"0\" data-line-index=\"3\" data-line=\"true\">Est\u00e3o dispon\u00edveis para o ecr\u00e3 LCD ingl\u00eas, espanhol, franc\u00eas e outras l\u00ednguas, mediante pedido.<\/li>\n<li data-zone-id=\"0\" data-line-index=\"4\" data-line=\"true\">Cada medidor de caudal \u00e9 calibrado e \u00e9-lhe atribu\u00eddo um n\u00famero de s\u00e9rie \u00fanico correspondente a todos os dados de calibra\u00e7\u00e3o.<\/li>\n<\/ol>\n<\/div>\n<\/div>\n<\/div>\n<div class=\"elementor-element e-con-full e-flex e-con e-child\">\n<div class=\"elementor-widget-container\">\n<h3 class=\"elementor-heading-title elementor-size-default\">Aplica\u00e7\u00f5es:<\/h3>\n<\/div>\n<div class=\"elementor-widget-container\">\n<h5 class=\"first\">Geral<\/h5>\n<div>\n<ul>\n<li data-zone-id=\"0\" data-line-index=\"0\" data-line=\"true\">Medi\u00e7\u00e3o de meios (n\u00e3o) condutores acima de +250\u00b0C \/ +482\u00b0F<\/li>\n<li data-zone-id=\"0\" data-line-index=\"0\" data-line=\"true\">Monitoriza\u00e7\u00e3o dos circuitos de \u00e1gua quente<\/li>\n<li data-zone-id=\"0\" data-line-index=\"2\" data-line=\"true\">Medi\u00e7\u00e3o do consumo de gases industriais a alta temperatura<\/li>\n<\/ul>\n<\/div>\n<h5>Ind\u00fastrias qu\u00edmicas e petroqu\u00edmicas<\/h5>\n<div>\n<ul>\n<li data-zone-id=\"0\" data-line-index=\"0\" data-line=\"true\">Monitoriza\u00e7\u00e3o dos crackers a vapor<\/li>\n<li data-zone-id=\"0\" data-line-index=\"0\" data-line=\"true\">Medi\u00e7\u00e3o de azoto quente acima de +250\u00b0C \/ +482\u00b0F<\/li>\n<li data-zone-id=\"0\" data-line-index=\"2\" data-line=\"true\">Remo\u00e7\u00e3o da humidade dos sistemas de processo<\/li>\n<\/ul>\n<\/div>\n<h5>Ind\u00fastria de energia convencional e renov\u00e1vel<\/h5>\n<div>\n<ul>\n<li data-zone-id=\"0\" data-line-index=\"0\" data-line=\"true\">Monitoriza\u00e7\u00e3o do vapor e do condensado<\/li>\n<\/ul>\n<\/div>\n<h5>Ind\u00fastria do ferro, do a\u00e7o e dos metais<\/h5>\n<ul>\n<li>Monitoriza\u00e7\u00e3o da \u00e1gua de arrefecimento num alto-forno<\/li>\n<\/ul>\n<h5>Ind\u00fastria alimentar e de bebidas<\/h5>\n<ul>\n<li>Monitoriza\u00e7\u00e3o de caldeiras de vapor<\/li>\n<\/ul>\n<\/div>\n<\/div>\n<\/div>","protected":false},"excerpt":{"rendered":"<div class=\"short-description-head\">\n<div>\n<div data-zone-id=\"0\" data-line-index=\"0\" data-line=\"true\">O LUGBMT-H \u00e9 um caudal\u00edmetro Vortex para aplica\u00e7\u00f5es a altas temperaturas at\u00e9 +400\u00b0C \/ +750\u00b0F. Este caudal\u00edmetro foi especialmente concebido para a medi\u00e7\u00e3o de vapor saturado e sobreaquecido acima de +240\u00b0C \/ +464\u00b0F. Outras aplica\u00e7\u00f5es envolvem meios de alta temperatura, como \u00f3leo t\u00e9rmico ou outros l\u00edquidos de transfer\u00eancia de calor, bem como gases auxiliares e de processo de alta temperatura.<\/div>\n<\/div>\n<\/div>","protected":false},"featured_media":25444,"template":"","meta":[],"product_brand":[],"product_cat":[121,208,205,164,166],"product_tag":[],"class_list":{"0":"post-25440","1":"product","2":"type-product","3":"status-publish","4":"has-post-thumbnail","6":"product_cat-vortex-flow-meters","7":"product_cat-gas-flow-meters","8":"product_cat-steam-flow-meters","9":"product_cat-air-flow-meters","10":"product_cat-liquid-flow-meters","12":"first","13":"instock","14":"shipping-taxable","15":"purchasable","16":"product-type-simple"},"_links":{"self":[{"href":"https:\/\/metlaninst.com\/pt\/wp-json\/wp\/v2\/product\/25440","targetHints":{"allow":["GET"]}}],"collection":[{"href":"https:\/\/metlaninst.com\/pt\/wp-json\/wp\/v2\/product"}],"about":[{"href":"https:\/\/metlaninst.com\/pt\/wp-json\/wp\/v2\/types\/product"}],"version-history":[{"count":3,"href":"https:\/\/metlaninst.com\/pt\/wp-json\/wp\/v2\/product\/25440\/revisions"}],"predecessor-version":[{"id":25446,"href":"https:\/\/metlaninst.com\/pt\/wp-json\/wp\/v2\/product\/25440\/revisions\/25446"}],"wp:featuredmedia":[{"embeddable":true,"href":"https:\/\/metlaninst.com\/pt\/wp-json\/wp\/v2\/media\/25444"}],"wp:attachment":[{"href":"https:\/\/metlaninst.com\/pt\/wp-json\/wp\/v2\/media?parent=25440"}],"wp:term":[{"taxonomy":"product_brand","embeddable":true,"href":"https:\/\/metlaninst.com\/pt\/wp-json\/wp\/v2\/product_brand?post=25440"},{"taxonomy":"product_cat","embeddable":true,"href":"https:\/\/metlaninst.com\/pt\/wp-json\/wp\/v2\/product_cat?post=25440"},{"taxonomy":"product_tag","embeddable":true,"href":"https:\/\/metlaninst.com\/pt\/wp-json\/wp\/v2\/product_tag?post=25440"}],"curies":[{"name":"wp","href":"https:\/\/api.w.org\/{rel}","templated":true}]}}