{"id":25458,"date":"2024-12-25T04:22:33","date_gmt":"2024-12-25T04:22:33","guid":{"rendered":"https:\/\/www.metlaninst.com\/?post_type=product&#038;p=25458"},"modified":"2025-02-02T03:47:44","modified_gmt":"2025-02-02T03:47:44","slug":"medidores-de-caudal-de-vortice-com-compensacao-de-temperatura-e-pressao-lugbmt-c","status":"publish","type":"product","link":"https:\/\/metlaninst.com\/pt\/p\/medidores-de-caudal-de-vortice-com-compensacao-de-temperatura-e-pressao-lugbmt-c\/","title":{"rendered":"Medidores de caudal de v\u00f3rtice com compensa\u00e7\u00e3o de temperatura e press\u00e3o (LUGBMT-C)"},"content":{"rendered":"<div class=\"e-con-inner\">\n<div class=\"elementor-element e-con-full e-flex e-con e-child\">\n<div class=\"elementor-widget-container\">\n<h3 class=\"elementor-heading-title elementor-size-default\">Carater\u00edsticas:<\/h3>\n<\/div>\n<div class=\"elementor-widget-container\">\n<ol>\n<li data-zone-id=\"0\" data-line-index=\"0\" data-line=\"true\">Dispositivo compacto tudo-em-um integrado com sensor de temperatura e press\u00e3o<\/li>\n<li data-zone-id=\"0\" data-line-index=\"1\" data-line=\"true\">As cores e o aspeto podem ser personalizados a pedido<b><\/b><\/li>\n<li data-zone-id=\"0\" data-line-index=\"2\" data-line=\"true\">Tamb\u00e9m dispon\u00edvel em constru\u00e7\u00f5es espec\u00edficas para o cliente<\/li>\n<li data-zone-id=\"0\" data-line-index=\"3\" data-line=\"true\">Est\u00e3o dispon\u00edveis para o ecr\u00e3 LCD ingl\u00eas, espanhol, franc\u00eas e outras l\u00ednguas, mediante pedido.<\/li>\n<li data-zone-id=\"0\" data-line-index=\"4\" data-line=\"true\">Cada medidor de caudal \u00e9 calibrado e \u00e9-lhe atribu\u00eddo um n\u00famero de s\u00e9rie \u00fanico correspondente a todos os dados de calibra\u00e7\u00e3o.<\/li>\n<\/ol>\n<\/div>\n<\/div>\n<div class=\"elementor-element e-con-full e-flex e-con e-child\">\n<div class=\"elementor-widget-container\">\n<h3 class=\"elementor-heading-title elementor-size-default\">Aplica\u00e7\u00f5es:<\/h3>\n<\/div>\n<div class=\"elementor-widget-container\">\n<h5 class=\"first\">Geral<\/h5>\n<div>\n<ul>\n<li data-zone-id=\"0\" data-line-index=\"0\" data-line=\"true\">Aplica\u00e7\u00f5es de utilidade p\u00fablica: Distribui\u00e7\u00e3o de energia em circuitos auxiliares e de alimenta\u00e7\u00e3o<\/li>\n<li data-zone-id=\"0\" data-line-index=\"0\" data-line=\"true\">Medi\u00e7\u00e3o de l\u00edquidos (n\u00e3o) condutores, gases, vapor saturado e sobreaquecido<\/li>\n<li data-zone-id=\"0\" data-line-index=\"0\" data-line=\"true\">Medi\u00e7\u00e3o do calor bruto\/l\u00edquido do vapor e da \u00e1gua quente<\/li>\n<li data-zone-id=\"0\" data-line-index=\"0\" data-line=\"true\">Medi\u00e7\u00e3o do consumo de gases industriais (g\u00e1s natural, azoto, etc.)<\/li>\n<li data-zone-id=\"0\" data-line-index=\"0\" data-line=\"true\">Medi\u00e7\u00e3o do consumo em sistemas de ar comprimido<\/li>\n<\/ul>\n<\/div>\n<h5>Ind\u00fastrias qu\u00edmicas e outras ind\u00fastrias de transforma\u00e7\u00e3o<\/h5>\n<div>\n<ul>\n<li data-zone-id=\"0\" data-line-index=\"0\" data-line=\"true\">Hidrocarbonetos, \u00f3leos t\u00e9rmicos, etc.<\/li>\n<li data-zone-id=\"0\" data-line-index=\"0\" data-line=\"true\">Solventes<\/li>\n<li data-zone-id=\"0\" data-line-index=\"0\" data-line=\"true\">\u00c1gua dessalinizada<\/li>\n<li data-zone-id=\"0\" data-line-index=\"0\" data-line=\"true\">Gases, gases de soldadura, vapor<\/li>\n<li data-zone-id=\"0\" data-line-index=\"0\" data-line=\"true\">Produtos petroqu\u00edmicos (benzeno, etileno, etc.)<\/li>\n<\/ul>\n<\/div>\n<h5>Ind\u00fastria do ferro, do a\u00e7o e dos metais<\/h5>\n<div>\n<ul>\n<li data-zone-id=\"0\" data-line-index=\"0\" data-line=\"true\">Circuitos de arrefecimento<\/li>\n<li data-zone-id=\"0\" data-line-index=\"0\" data-line=\"true\">Ar comprimido<\/li>\n<li data-zone-id=\"0\" data-line-index=\"0\" data-line=\"true\">Gases inertes<\/li>\n<li data-zone-id=\"0\" data-line-index=\"0\" data-line=\"true\">Oxig\u00e9nio<\/li>\n<li data-zone-id=\"0\" data-line-index=\"0\" data-line=\"true\">G\u00e1s natural<\/li>\n<li data-zone-id=\"0\" data-line-index=\"0\" data-line=\"true\">Vapor<\/li>\n<\/ul>\n<\/div>\n<h5>Ind\u00fastria alimentar e de bebidas<\/h5>\n<ul>\n<li>\u00c1gua purificada e dessalinizada<\/li>\n<li>CO2<\/li>\n<li>Consumo do queimador<\/li>\n<li>Vapor<\/li>\n<\/ul>\n<h5>Ind\u00fastria da pasta e do papel<\/h5>\n<ul>\n<li>Ar comprimido, vapor, etc.<\/li>\n<\/ul>\n<h5>Ind\u00fastria do petr\u00f3leo e do g\u00e1s<\/h5>\n<ul>\n<li>Produtos petroqu\u00edmicos (benzeno, etileno, vapor, etc.)<\/li>\n<li>G\u00e1s natural<\/li>\n<\/ul>\n<\/div>\n<\/div>\n<\/div>","protected":false},"excerpt":{"rendered":"<div class=\"short-description-head\">\n<div data-zone-id=\"0\" data-line-index=\"0\" data-line=\"true\">Ao contr\u00e1rio dos medidores de caudal Vortex tradicionais, este LUGBMT-C est\u00e1 integrado com um sensor de temperatura e press\u00e3o, o que significa que pode combinar a medi\u00e7\u00e3o do caudal, da temperatura e da press\u00e3o, bem como o c\u00e1lculo do caudal, num \u00fanico dispositivo.<\/div>\n<\/div>","protected":false},"featured_media":25454,"template":"","meta":[],"product_brand":[],"product_cat":[121,208,205,164,166,163],"product_tag":[],"class_list":{"0":"post-25458","1":"product","2":"type-product","3":"status-publish","4":"has-post-thumbnail","6":"product_cat-vortex-flow-meters","7":"product_cat-gas-flow-meters","8":"product_cat-steam-flow-meters","9":"product_cat-air-flow-meters","10":"product_cat-liquid-flow-meters","11":"product_cat-water-flow-meters","13":"first","14":"instock","15":"shipping-taxable","16":"purchasable","17":"product-type-simple"},"_links":{"self":[{"href":"https:\/\/metlaninst.com\/pt\/wp-json\/wp\/v2\/product\/25458","targetHints":{"allow":["GET"]}}],"collection":[{"href":"https:\/\/metlaninst.com\/pt\/wp-json\/wp\/v2\/product"}],"about":[{"href":"https:\/\/metlaninst.com\/pt\/wp-json\/wp\/v2\/types\/product"}],"version-history":[{"count":2,"href":"https:\/\/metlaninst.com\/pt\/wp-json\/wp\/v2\/product\/25458\/revisions"}],"predecessor-version":[{"id":26151,"href":"https:\/\/metlaninst.com\/pt\/wp-json\/wp\/v2\/product\/25458\/revisions\/26151"}],"wp:featuredmedia":[{"embeddable":true,"href":"https:\/\/metlaninst.com\/pt\/wp-json\/wp\/v2\/media\/25454"}],"wp:attachment":[{"href":"https:\/\/metlaninst.com\/pt\/wp-json\/wp\/v2\/media?parent=25458"}],"wp:term":[{"taxonomy":"product_brand","embeddable":true,"href":"https:\/\/metlaninst.com\/pt\/wp-json\/wp\/v2\/product_brand?post=25458"},{"taxonomy":"product_cat","embeddable":true,"href":"https:\/\/metlaninst.com\/pt\/wp-json\/wp\/v2\/product_cat?post=25458"},{"taxonomy":"product_tag","embeddable":true,"href":"https:\/\/metlaninst.com\/pt\/wp-json\/wp\/v2\/product_tag?post=25458"}],"curies":[{"name":"wp","href":"https:\/\/api.w.org\/{rel}","templated":true}]}}