{"id":25474,"date":"2024-12-15T06:26:16","date_gmt":"2024-12-15T06:26:16","guid":{"rendered":"https:\/\/www.metlaninst.com\/?post_type=product&#038;p=25474"},"modified":"2025-02-02T03:51:40","modified_gmt":"2025-02-02T03:51:40","slug":"caudalimetro-de-turbina-para-liquidos-a-alta-pressao-lwgymt-p","status":"publish","type":"product","link":"https:\/\/metlaninst.com\/pt\/p\/caudalimetro-de-turbina-para-liquidos-a-alta-pressao-lwgymt-p\/","title":{"rendered":"Medidor de caudal de turbina para l\u00edquidos de alta press\u00e3o (LWGYMT-P)"},"content":{"rendered":"<div class=\"e-con-inner\">\n<div class=\"elementor-element e-con-full e-flex e-con e-child\">\n<div class=\"elementor-widget-container\">\n<h3 class=\"elementor-heading-title elementor-size-default\">Carater\u00edsticas:<\/h3>\n<\/div>\n<div class=\"elementor-widget-container\">\n<ol>\n<li data-zone-id=\"0\" data-line-index=\"0\" data-line=\"true\">Para aplica\u00e7\u00f5es de alta press\u00e3o at\u00e9 250 bar (3625,95 psi)<\/li>\n<li data-zone-id=\"0\" data-line-index=\"1\" data-line=\"true\">As cores e o aspeto podem ser personalizados a pedido<b><\/b><\/li>\n<li data-zone-id=\"0\" data-line-index=\"2\" data-line=\"true\">Tamb\u00e9m dispon\u00edvel em constru\u00e7\u00f5es espec\u00edficas para o cliente<\/li>\n<li data-zone-id=\"0\" data-line-index=\"3\" data-line=\"true\">Est\u00e3o dispon\u00edveis para o ecr\u00e3 LCD ingl\u00eas, espanhol, franc\u00eas e outras l\u00ednguas, mediante pedido.<\/li>\n<li data-zone-id=\"0\" data-line-index=\"4\" data-line=\"true\">Cada medidor de caudal \u00e9 calibrado e \u00e9-lhe atribu\u00eddo um n\u00famero de s\u00e9rie \u00fanico correspondente a todos os dados de calibra\u00e7\u00e3o.<\/li>\n<\/ol>\n<\/div>\n<\/div>\n<div class=\"elementor-element e-con-full e-flex e-con e-child\">\n<div class=\"elementor-widget-container\">\n<h3 class=\"elementor-heading-title elementor-size-default\">Aplica\u00e7\u00f5es:<\/h3>\n<\/div>\n<div class=\"elementor-widget-container\">\n<h5 class=\"first\">Geral<\/h5>\n<div>\n<ul>\n<li data-zone-id=\"0\" data-line-index=\"0\" data-line=\"true\">Medi\u00e7\u00e3o do caudal de l\u00edquidos a alta press\u00e3o at\u00e9 PN250<\/li>\n<li data-zone-id=\"0\" data-line-index=\"0\" data-line=\"true\">Adequado para temperaturas que variam de -4\u00b0F a +248\u00b0F<\/li>\n<li data-zone-id=\"0\" data-line-index=\"0\" data-line=\"true\">Medi\u00e7\u00e3o precisa para aplica\u00e7\u00f5es cr\u00edticas de controlo de caudal<\/li>\n<\/ul>\n<\/div>\n<h5>Ind\u00fastria do petr\u00f3leo e do g\u00e1s<\/h5>\n<div>\n<ul>\n<li data-zone-id=\"0\" data-line-index=\"0\" data-line=\"true\">Monitoriza\u00e7\u00e3o de fluidos a alta press\u00e3o durante a perfura\u00e7\u00e3o e extra\u00e7\u00e3o de po\u00e7os<\/li>\n<li data-zone-id=\"0\" data-line-index=\"0\" data-line=\"true\">Medi\u00e7\u00e3o de fluidos de inje\u00e7\u00e3o a alta press\u00e3o em campos petrol\u00edferos<\/li>\n<\/ul>\n<\/div>\n<h5>Fabrico industrial<\/h5>\n<div>\n<ul>\n<li data-zone-id=\"0\" data-line-index=\"0\" data-line=\"true\">Controlo do fluxo de refrigerante e lubrificante a alta press\u00e3o<\/li>\n<li data-zone-id=\"0\" data-line-index=\"0\" data-line=\"true\">Monitoriza\u00e7\u00e3o de processos em ambientes de fabrico de alta tens\u00e3o<\/li>\n<\/ul>\n<\/div>\n<h5>Produ\u00e7\u00e3o de energia<\/h5>\n<ul>\n<li>Monitoriza\u00e7\u00e3o de \u00e1gua e l\u00edquidos a alta press\u00e3o em centrais el\u00e9ctricas<\/li>\n<\/ul>\n<\/div>\n<\/div>\n<\/div>","protected":false},"excerpt":{"rendered":"<div class=\"short-description-head\">\n<div data-zone-id=\"0\" data-line-index=\"0\" data-line=\"true\">O medidor de caudal de turbina LWGYMT-P foi especificamente concebido para funcionar em seguran\u00e7a em aplica\u00e7\u00f5es exigentes de alta press\u00e3o at\u00e9 250 bar (3625,95 psi). Este medidor de caudal \u00e9 constru\u00eddo em a\u00e7o inoxid\u00e1vel e tem uma liga\u00e7\u00e3o flangeada. Contacte-nos para outras liga\u00e7\u00f5es.<\/div>\n<\/div>","protected":false},"featured_media":25541,"template":"","meta":[],"product_brand":[],"product_cat":[120,166],"product_tag":[],"class_list":{"0":"post-25474","1":"product","2":"type-product","3":"status-publish","4":"has-post-thumbnail","6":"product_cat-turbine-flow-meters","7":"product_cat-liquid-flow-meters","9":"first","10":"instock","11":"shipping-taxable","12":"purchasable","13":"product-type-simple"},"_links":{"self":[{"href":"https:\/\/metlaninst.com\/pt\/wp-json\/wp\/v2\/product\/25474","targetHints":{"allow":["GET"]}}],"collection":[{"href":"https:\/\/metlaninst.com\/pt\/wp-json\/wp\/v2\/product"}],"about":[{"href":"https:\/\/metlaninst.com\/pt\/wp-json\/wp\/v2\/types\/product"}],"version-history":[{"count":2,"href":"https:\/\/metlaninst.com\/pt\/wp-json\/wp\/v2\/product\/25474\/revisions"}],"predecessor-version":[{"id":25489,"href":"https:\/\/metlaninst.com\/pt\/wp-json\/wp\/v2\/product\/25474\/revisions\/25489"}],"wp:featuredmedia":[{"embeddable":true,"href":"https:\/\/metlaninst.com\/pt\/wp-json\/wp\/v2\/media\/25541"}],"wp:attachment":[{"href":"https:\/\/metlaninst.com\/pt\/wp-json\/wp\/v2\/media?parent=25474"}],"wp:term":[{"taxonomy":"product_brand","embeddable":true,"href":"https:\/\/metlaninst.com\/pt\/wp-json\/wp\/v2\/product_brand?post=25474"},{"taxonomy":"product_cat","embeddable":true,"href":"https:\/\/metlaninst.com\/pt\/wp-json\/wp\/v2\/product_cat?post=25474"},{"taxonomy":"product_tag","embeddable":true,"href":"https:\/\/metlaninst.com\/pt\/wp-json\/wp\/v2\/product_tag?post=25474"}],"curies":[{"name":"wp","href":"https:\/\/api.w.org\/{rel}","templated":true}]}}