{"id":25490,"date":"2024-12-15T06:38:39","date_gmt":"2024-12-15T06:38:39","guid":{"rendered":"https:\/\/www.metlaninst.com\/?post_type=product&#038;p=25490"},"modified":"2025-02-11T15:26:26","modified_gmt":"2025-02-11T15:26:26","slug":"caudalimetro-de-turbina-para-liquidos-de-baixo-caudal-lwgymt-f","status":"publish","type":"product","link":"https:\/\/metlaninst.com\/pt\/p\/caudalimetro-de-turbina-para-liquidos-de-baixo-caudal-lwgymt-f\/","title":{"rendered":"Medidor de caudal de turbina para l\u00edquidos de baixo caudal (LWGYMT-F)"},"content":{"rendered":"<div class=\"e-con-inner\">\n<div class=\"elementor-element e-con-full e-flex e-con e-child\">\n<div class=\"elementor-widget-container\">\n<h3 class=\"elementor-heading-title elementor-size-default\">Carater\u00edsticas:<\/h3>\n<\/div>\n<div class=\"elementor-widget-container\">\n<ol>\n<li data-zone-id=\"0\" data-line-index=\"0\" data-line=\"true\">Especificamente concebido para aplica\u00e7\u00f5es de baixo caudal<\/li>\n<li data-zone-id=\"0\" data-line-index=\"1\" data-line=\"true\">As cores e o aspeto podem ser personalizados a pedido<b><\/b><\/li>\n<li data-zone-id=\"0\" data-line-index=\"2\" data-line=\"true\">Tamb\u00e9m dispon\u00edvel em constru\u00e7\u00f5es espec\u00edficas para o cliente<\/li>\n<li data-zone-id=\"0\" data-line-index=\"3\" data-line=\"true\">Est\u00e3o dispon\u00edveis para o ecr\u00e3 LCD ingl\u00eas, espanhol, franc\u00eas e outras l\u00ednguas, mediante pedido.<\/li>\n<li data-zone-id=\"0\" data-line-index=\"4\" data-line=\"true\">Cada medidor de caudal \u00e9 calibrado e \u00e9-lhe atribu\u00eddo um n\u00famero de s\u00e9rie \u00fanico correspondente a todos os dados de calibra\u00e7\u00e3o.<\/li>\n<\/ol>\n<\/div>\n<\/div>\n<div class=\"elementor-element e-con-full e-flex e-con e-child\">\n<div class=\"elementor-widget-container\">\n<h3 class=\"elementor-heading-title elementor-size-default\">Aplica\u00e7\u00f5es:<\/h3>\n<\/div>\n<div class=\"elementor-widget-container\">\n<h5 class=\"first\">Geral<\/h5>\n<div>\n<ul>\n<li data-zone-id=\"0\" data-line-index=\"0\" data-line=\"true\">Medi\u00e7\u00e3o de fluidos de baixa viscosidade com repetibilidade exacta<\/li>\n<li data-zone-id=\"0\" data-line-index=\"0\" data-line=\"true\">Adequado para caudais baixos em condi\u00e7\u00f5es de press\u00e3o elevada<\/li>\n<\/ul>\n<\/div>\n<h5>Ind\u00fastria do petr\u00f3leo e do g\u00e1s<\/h5>\n<div>\n<ul>\n<li data-zone-id=\"0\" data-line-index=\"0\" data-line=\"true\">Monitoriza\u00e7\u00e3o de injec\u00e7\u00f5es qu\u00edmicas de baixo caudal<\/li>\n<li data-zone-id=\"0\" data-line-index=\"0\" data-line=\"true\">Medi\u00e7\u00e3o de fluidos de lubrifica\u00e7\u00e3o em sistemas de perfura\u00e7\u00e3o<\/li>\n<\/ul>\n<\/div>\n<h5>Fabrico industrial<\/h5>\n<div>\n<ul>\n<li data-zone-id=\"0\" data-line-index=\"0\" data-line=\"true\">Controlo dos fluidos de refrigera\u00e7\u00e3o e de lubrifica\u00e7\u00e3o das m\u00e1quinas<\/li>\n<li data-zone-id=\"0\" data-line-index=\"0\" data-line=\"true\">Monitoriza\u00e7\u00e3o do processo de transfer\u00eancia de fluidos de baixo volume<\/li>\n<\/ul>\n<\/div>\n<h5>Produ\u00e7\u00e3o de energia<\/h5>\n<ul>\n<li>Medi\u00e7\u00e3o de precis\u00e3o de sistemas hidr\u00e1ulicos de baixo caudal<\/li>\n<\/ul>\n<\/div>\n<\/div>\n<\/div>","protected":false},"excerpt":{"rendered":"<div class=\"short-description-head\">\n<div data-zone-id=\"0\" data-line-index=\"0\" data-line=\"true\">O LWGYMT-F \u00e9 um caudal\u00edmetro de turbina com capacidade de medi\u00e7\u00e3o a partir de 0,04 m\u00b3\/h, concebido para funcionar em aplica\u00e7\u00f5es de fluidos limpos de baixa viscosidade. Pode suportar press\u00f5es de trabalho at\u00e9 160 bar (2320,6 psi) e oferece uma repetibilidade de \u00b10,25 % na gama de caudais especificada.<\/div>\n<\/div>","protected":false},"featured_media":25482,"template":"","meta":[],"product_brand":[],"product_cat":[120,166],"product_tag":[],"class_list":{"0":"post-25490","1":"product","2":"type-product","3":"status-publish","4":"has-post-thumbnail","6":"product_cat-turbine-flow-meters","7":"product_cat-liquid-flow-meters","9":"first","10":"instock","11":"shipping-taxable","12":"purchasable","13":"product-type-simple"},"_links":{"self":[{"href":"https:\/\/metlaninst.com\/pt\/wp-json\/wp\/v2\/product\/25490","targetHints":{"allow":["GET"]}}],"collection":[{"href":"https:\/\/metlaninst.com\/pt\/wp-json\/wp\/v2\/product"}],"about":[{"href":"https:\/\/metlaninst.com\/pt\/wp-json\/wp\/v2\/types\/product"}],"version-history":[{"count":1,"href":"https:\/\/metlaninst.com\/pt\/wp-json\/wp\/v2\/product\/25490\/revisions"}],"predecessor-version":[{"id":25493,"href":"https:\/\/metlaninst.com\/pt\/wp-json\/wp\/v2\/product\/25490\/revisions\/25493"}],"wp:featuredmedia":[{"embeddable":true,"href":"https:\/\/metlaninst.com\/pt\/wp-json\/wp\/v2\/media\/25482"}],"wp:attachment":[{"href":"https:\/\/metlaninst.com\/pt\/wp-json\/wp\/v2\/media?parent=25490"}],"wp:term":[{"taxonomy":"product_brand","embeddable":true,"href":"https:\/\/metlaninst.com\/pt\/wp-json\/wp\/v2\/product_brand?post=25490"},{"taxonomy":"product_cat","embeddable":true,"href":"https:\/\/metlaninst.com\/pt\/wp-json\/wp\/v2\/product_cat?post=25490"},{"taxonomy":"product_tag","embeddable":true,"href":"https:\/\/metlaninst.com\/pt\/wp-json\/wp\/v2\/product_tag?post=25490"}],"curies":[{"name":"wp","href":"https:\/\/api.w.org\/{rel}","templated":true}]}}