{"id":25494,"date":"2024-12-15T08:30:23","date_gmt":"2024-12-15T08:30:23","guid":{"rendered":"https:\/\/www.metlaninst.com\/?post_type=product&#038;p=25494"},"modified":"2025-03-15T08:03:52","modified_gmt":"2025-03-15T08:03:52","slug":"caudalimetro-de-turbina-para-liquidos-de-alta-precisao-lwgymt-a","status":"publish","type":"product","link":"https:\/\/metlaninst.com\/pt\/p\/caudalimetro-de-turbina-para-liquidos-de-alta-precisao-lwgymt-a\/","title":{"rendered":"Medidor de caudal de turbina para l\u00edquidos de alta precis\u00e3o (LWGYMT-AJWL)"},"content":{"rendered":"<div class=\"e-con-inner\">\n<div class=\"elementor-element e-con-full e-flex e-con e-child\">\n<div class=\"elementor-widget-container\">\n<h3 class=\"elementor-heading-title elementor-size-default\">Carater\u00edsticas:<\/h3>\n<\/div>\n<div class=\"elementor-widget-container\">\n<ol>\n<li data-zone-id=\"0\" data-line-index=\"0\" data-line=\"true\">Elevada exatid\u00e3o at\u00e9 \u00b10,2 %, com boa repetibilidade.<\/li>\n<li data-zone-id=\"0\" data-line-index=\"0\" data-line=\"true\">R\u00e1cio de redu\u00e7\u00e3o de 1:20.<\/li>\n<li data-zone-id=\"0\" data-line-index=\"0\" data-line=\"true\">Estrutura economizadora de espa\u00e7o com di\u00e2metro m\u00ednimo de furo DN0,5.<\/li>\n<li data-zone-id=\"0\" data-line-index=\"1\" data-line=\"true\">As cores e o aspeto podem ser personalizados a pedido<b><\/b><\/li>\n<li data-zone-id=\"0\" data-line-index=\"2\" data-line=\"true\">Tamb\u00e9m dispon\u00edvel em constru\u00e7\u00f5es espec\u00edficas para o cliente<\/li>\n<li data-zone-id=\"0\" data-line-index=\"3\" data-line=\"true\">Est\u00e3o dispon\u00edveis para o ecr\u00e3 LCD ingl\u00eas, espanhol, franc\u00eas e outras l\u00ednguas, mediante pedido.<\/li>\n<li data-zone-id=\"0\" data-line-index=\"4\" data-line=\"true\">Cada medidor de caudal \u00e9 calibrado e \u00e9-lhe atribu\u00eddo um n\u00famero de s\u00e9rie \u00fanico correspondente a todos os dados de calibra\u00e7\u00e3o.<\/li>\n<\/ol>\n<\/div>\n<\/div>\n<div class=\"elementor-element e-con-full e-flex e-con e-child\">\n<div class=\"elementor-widget-container\">\n<h3 class=\"elementor-heading-title elementor-size-default\">Aplica\u00e7\u00f5es:<\/h3>\n<\/div>\n<div class=\"elementor-widget-container\">\n<h5 class=\"first\">Geral<\/h5>\n<div>\n<ul>\n<li data-zone-id=\"0\" data-line-index=\"0\" data-line=\"true\">Medi\u00e7\u00e3o de fluidos de baixa viscosidade com elevada precis\u00e3o<\/li>\n<li data-zone-id=\"0\" data-line-index=\"0\" data-line=\"true\">Adequado para sistemas de alta press\u00e3o at\u00e9 160 bar (2320,6 psi)<\/li>\n<\/ul>\n<\/div>\n<h5>Ind\u00fastria do petr\u00f3leo e do g\u00e1s<\/h5>\n<div>\n<ul>\n<li data-zone-id=\"0\" data-line-index=\"0\" data-line=\"true\">Aplica\u00e7\u00f5es de transfer\u00eancia de cust\u00f3dia em petr\u00f3leo e g\u00e1s, assegurando uma medi\u00e7\u00e3o exacta do caudal em condi\u00e7\u00f5es de alta press\u00e3o<\/li>\n<\/ul>\n<\/div>\n<h5>Fabrico industrial<\/h5>\n<div>\n<ul>\n<li data-zone-id=\"0\" data-line-index=\"0\" data-line=\"true\">Monitoriza\u00e7\u00e3o de precis\u00e3o de arrefecimento, fluidos de processo e lubrificantes<\/li>\n<li data-zone-id=\"0\" data-line-index=\"0\" data-line=\"true\">Aeroespacial<\/li>\n<li data-zone-id=\"0\" data-line-index=\"0\" data-line=\"true\">Utilizado em aplica\u00e7\u00f5es aeroespaciais que exigem uma medi\u00e7\u00e3o de caudal de alta precis\u00e3o<\/li>\n<\/ul>\n<\/div>\n<\/div>\n<\/div>\n<\/div>","protected":false},"excerpt":{"rendered":"<div class=\"short-description-head\">\n<div data-zone-id=\"0\" data-line-index=\"0\" data-line=\"true\">O medidor de caudal de turbina LWGYMT-A \u00e9 constru\u00eddo com toler\u00e2ncias extremamente apertadas que podem ser alcan\u00e7adas com os nossos processos de fabrico de precis\u00e3o, controlo de qualidade rigoroso e capacidades de calibra\u00e7\u00e3o internas, o que proporciona uma precis\u00e3o de \u00b10,2 % e uma repetibilidade de \u00b10,1 % para fluidos limpos de baixa viscosidade.<\/div>\n<\/div>","protected":false},"featured_media":26615,"template":"","meta":[],"product_brand":[],"product_cat":[120,166],"product_tag":[],"class_list":{"0":"post-25494","1":"product","2":"type-product","3":"status-publish","4":"has-post-thumbnail","6":"product_cat-turbine-flow-meters","7":"product_cat-liquid-flow-meters","9":"first","10":"instock","11":"shipping-taxable","12":"purchasable","13":"product-type-simple"},"_links":{"self":[{"href":"https:\/\/metlaninst.com\/pt\/wp-json\/wp\/v2\/product\/25494","targetHints":{"allow":["GET"]}}],"collection":[{"href":"https:\/\/metlaninst.com\/pt\/wp-json\/wp\/v2\/product"}],"about":[{"href":"https:\/\/metlaninst.com\/pt\/wp-json\/wp\/v2\/types\/product"}],"version-history":[{"count":4,"href":"https:\/\/metlaninst.com\/pt\/wp-json\/wp\/v2\/product\/25494\/revisions"}],"predecessor-version":[{"id":26620,"href":"https:\/\/metlaninst.com\/pt\/wp-json\/wp\/v2\/product\/25494\/revisions\/26620"}],"wp:featuredmedia":[{"embeddable":true,"href":"https:\/\/metlaninst.com\/pt\/wp-json\/wp\/v2\/media\/26615"}],"wp:attachment":[{"href":"https:\/\/metlaninst.com\/pt\/wp-json\/wp\/v2\/media?parent=25494"}],"wp:term":[{"taxonomy":"product_brand","embeddable":true,"href":"https:\/\/metlaninst.com\/pt\/wp-json\/wp\/v2\/product_brand?post=25494"},{"taxonomy":"product_cat","embeddable":true,"href":"https:\/\/metlaninst.com\/pt\/wp-json\/wp\/v2\/product_cat?post=25494"},{"taxonomy":"product_tag","embeddable":true,"href":"https:\/\/metlaninst.com\/pt\/wp-json\/wp\/v2\/product_tag?post=25494"}],"curies":[{"name":"wp","href":"https:\/\/api.w.org\/{rel}","templated":true}]}}