{"id":25502,"date":"2024-12-15T07:16:41","date_gmt":"2024-12-15T07:16:41","guid":{"rendered":"https:\/\/www.metlaninst.com\/?post_type=product&#038;p=25502"},"modified":"2025-02-02T03:49:53","modified_gmt":"2025-02-02T03:49:53","slug":"caudalimetro-de-turbina-a-gas-lwgymt-g","status":"publish","type":"product","link":"https:\/\/metlaninst.com\/pt\/p\/caudalimetro-de-turbina-a-gas-lwgymt-g\/","title":{"rendered":"Medidores de caudal para turbinas a g\u00e1s (LWGYMT-G)"},"content":{"rendered":"<div class=\"e-con-inner\">\n<div class=\"elementor-element e-con-full e-flex e-con e-child\">\n<div class=\"elementor-widget-container\">\n<h3 class=\"elementor-heading-title elementor-size-default\">Carater\u00edsticas:<\/h3>\n<\/div>\n<div class=\"elementor-widget-container\">\n<ol>\n<li data-zone-id=\"0\" data-line-index=\"0\" data-line=\"true\">Especificamente concebido para aplica\u00e7\u00f5es de g\u00e1s<\/li>\n<li data-zone-id=\"0\" data-line-index=\"1\" data-line=\"true\">As cores e o aspeto podem ser personalizados a pedido<b><\/b><\/li>\n<li data-zone-id=\"0\" data-line-index=\"2\" data-line=\"true\">Tamb\u00e9m dispon\u00edvel em constru\u00e7\u00f5es espec\u00edficas para o cliente<\/li>\n<li data-zone-id=\"0\" data-line-index=\"3\" data-line=\"true\">Est\u00e3o dispon\u00edveis para o ecr\u00e3 LCD ingl\u00eas, espanhol, franc\u00eas e outras l\u00ednguas, mediante pedido.<\/li>\n<li data-zone-id=\"0\" data-line-index=\"4\" data-line=\"true\">Cada medidor de caudal \u00e9 calibrado e \u00e9-lhe atribu\u00eddo um n\u00famero de s\u00e9rie \u00fanico correspondente a todos os dados de calibra\u00e7\u00e3o.<\/li>\n<\/ol>\n<\/div>\n<\/div>\n<div class=\"elementor-element e-con-full e-flex e-con e-child\">\n<div class=\"elementor-widget-container\">\n<h3 class=\"elementor-heading-title elementor-size-default\">Aplica\u00e7\u00f5es:<\/h3>\n<\/div>\n<div class=\"elementor-widget-container\">\n<h5>Geral<\/h5>\n<div>\n<ul>\n<li data-zone-id=\"0\" data-line-index=\"0\" data-line=\"true\">Medi\u00e7\u00e3o exacta do caudal de g\u00e1s em v\u00e1rios ambientes industriais<\/li>\n<\/ul>\n<\/div>\n<h5>Ind\u00fastria do petr\u00f3leo e do g\u00e1s<\/h5>\n<div>\n<ul>\n<li data-zone-id=\"0\" data-line-index=\"0\" data-line=\"true\">Monitoriza\u00e7\u00e3o dos gasodutos de g\u00e1s natural<\/li>\n<li data-zone-id=\"0\" data-line-index=\"0\" data-line=\"true\">Medi\u00e7\u00e3o exacta em sistemas de inje\u00e7\u00e3o e processamento de g\u00e1s<\/li>\n<\/ul>\n<\/div>\n<h5>Fabrico industrial<\/h5>\n<div>\n<ul>\n<li data-zone-id=\"0\" data-line-index=\"0\" data-line=\"true\">Medi\u00e7\u00e3o de gases em aplica\u00e7\u00f5es qu\u00edmicas e de processamento industrial<\/li>\n<\/ul>\n<h5>Produ\u00e7\u00e3o de energia<\/h5>\n<div>\n<ul>\n<li data-zone-id=\"0\" data-line-index=\"0\" data-line=\"true\">Monitoriza\u00e7\u00e3o dos fluxos de g\u00e1s para efici\u00eancia em centrais el\u00e9ctricas<\/li>\n<\/ul>\n<\/div>\n<\/div>\n<\/div>\n<\/div>\n<\/div>","protected":false},"excerpt":{"rendered":"<div class=\"short-description-head\">\n<div data-zone-id=\"0\" data-line-index=\"0\" data-line=\"true\">O LWGYMT-G \u00e9 um medidor de caudal de turbina para medi\u00e7\u00e3o de g\u00e1s, concebido para suportar condi\u00e7\u00f5es dif\u00edceis e fornecer resultados precisos durante uma longa vida \u00fatil, oferecendo uma vasta gama de caudais e aplica\u00e7\u00f5es.<\/div>\n<\/div>","protected":false},"featured_media":25487,"template":"","meta":[],"product_brand":[],"product_cat":[120,208,164],"product_tag":[],"class_list":{"0":"post-25502","1":"product","2":"type-product","3":"status-publish","4":"has-post-thumbnail","6":"product_cat-turbine-flow-meters","7":"product_cat-gas-flow-meters","8":"product_cat-air-flow-meters","10":"first","11":"instock","12":"shipping-taxable","13":"purchasable","14":"product-type-simple"},"_links":{"self":[{"href":"https:\/\/metlaninst.com\/pt\/wp-json\/wp\/v2\/product\/25502","targetHints":{"allow":["GET"]}}],"collection":[{"href":"https:\/\/metlaninst.com\/pt\/wp-json\/wp\/v2\/product"}],"about":[{"href":"https:\/\/metlaninst.com\/pt\/wp-json\/wp\/v2\/types\/product"}],"version-history":[{"count":1,"href":"https:\/\/metlaninst.com\/pt\/wp-json\/wp\/v2\/product\/25502\/revisions"}],"predecessor-version":[{"id":25507,"href":"https:\/\/metlaninst.com\/pt\/wp-json\/wp\/v2\/product\/25502\/revisions\/25507"}],"wp:featuredmedia":[{"embeddable":true,"href":"https:\/\/metlaninst.com\/pt\/wp-json\/wp\/v2\/media\/25487"}],"wp:attachment":[{"href":"https:\/\/metlaninst.com\/pt\/wp-json\/wp\/v2\/media?parent=25502"}],"wp:term":[{"taxonomy":"product_brand","embeddable":true,"href":"https:\/\/metlaninst.com\/pt\/wp-json\/wp\/v2\/product_brand?post=25502"},{"taxonomy":"product_cat","embeddable":true,"href":"https:\/\/metlaninst.com\/pt\/wp-json\/wp\/v2\/product_cat?post=25502"},{"taxonomy":"product_tag","embeddable":true,"href":"https:\/\/metlaninst.com\/pt\/wp-json\/wp\/v2\/product_tag?post=25502"}],"curies":[{"name":"wp","href":"https:\/\/api.w.org\/{rel}","templated":true}]}}