{"id":25512,"date":"2024-09-15T13:05:03","date_gmt":"2024-09-15T13:05:03","guid":{"rendered":"https:\/\/www.metlaninst.com\/?post_type=product&#038;p=25512"},"modified":"2025-02-08T04:46:23","modified_gmt":"2025-02-08T04:46:23","slug":"v-caudalimetro-de-cone-de-pressao-diferente-mtkb-v","status":"publish","type":"product","link":"https:\/\/metlaninst.com\/pt\/p\/v-caudalimetro-de-cone-de-pressao-diferente-mtkb-v\/","title":{"rendered":"Medidor de caudal de press\u00e3o diferente em cone V (MTKB-V)"},"content":{"rendered":"<div class=\"e-con-inner\">\n<div class=\"elementor-element e-con-full e-flex e-con e-child\">\n<div class=\"elementor-widget-container\">\n<h3 class=\"elementor-heading-title elementor-size-default\">Carater\u00edsticas:<\/h3>\n<\/div>\n<div class=\"elementor-widget-container\">\n<ol>\n<li data-zone-id=\"0\" data-line-index=\"1\" data-line=\"true\">As cores e o aspeto podem ser personalizados a pedido<b><\/b><\/li>\n<li data-zone-id=\"0\" data-line-index=\"2\" data-line=\"true\">Tamb\u00e9m dispon\u00edvel em constru\u00e7\u00f5es espec\u00edficas para o cliente<\/li>\n<li data-zone-id=\"0\" data-line-index=\"3\" data-line=\"true\">Est\u00e3o dispon\u00edveis para o ecr\u00e3 LCD ingl\u00eas, espanhol, franc\u00eas e outras l\u00ednguas, mediante pedido.<\/li>\n<li data-zone-id=\"0\" data-line-index=\"4\" data-line=\"true\">Cada medidor de caudal \u00e9 calibrado e \u00e9-lhe atribu\u00eddo um n\u00famero de s\u00e9rie \u00fanico correspondente a todos os dados de calibra\u00e7\u00e3o.<\/li>\n<\/ol>\n<\/div>\n<\/div>\n<div class=\"elementor-element e-con-full e-flex e-con e-child\">\n<div class=\"elementor-widget-container\">\n<h3 class=\"elementor-heading-title elementor-size-default\">Aplica\u00e7\u00f5es:<\/h3>\n<\/div>\n<div class=\"elementor-widget-container\">\n<h5>Geral<\/h5>\n<div>\n<ul>\n<li data-zone-id=\"0\" data-line-index=\"0\" data-line=\"true\">Medi\u00e7\u00e3o do caudal de l\u00edquidos condutores e n\u00e3o condutores, gases e vapor em aplica\u00e7\u00f5es com cursos de entrada\/sa\u00edda limitados<\/li>\n<li data-zone-id=\"0\" data-line-index=\"0\" data-line=\"true\">Aplica\u00e7\u00f5es com perfis de fluxo perturbados<\/li>\n<\/ul>\n<\/div>\n<h5>Ind\u00fastria do petr\u00f3leo e do g\u00e1s<\/h5>\n<div>\n<ul>\n<li data-zone-id=\"0\" data-line-index=\"0\" data-line=\"true\">Offshore e FPSO: Separadores, eleva\u00e7\u00e3o de g\u00e1s, inje\u00e7\u00e3o de \u00e1gua, inje\u00e7\u00e3o de produtos qu\u00edmicos, vapores de hidrocarbonetos<\/li>\n<li data-zone-id=\"0\" data-line-index=\"0\" data-line=\"true\">GNL: Medi\u00e7\u00e3o de g\u00e1s em instala\u00e7\u00f5es de liquefa\u00e7\u00e3o e regaseifica\u00e7\u00e3o<\/li>\n<li data-zone-id=\"0\" data-line-index=\"0\" data-line=\"true\">Inje\u00e7\u00e3o de CO2, inje\u00e7\u00e3o de \u00e1gua, gases de hidrocarbonetos, cabe\u00e7a de po\u00e7o de produ\u00e7\u00e3o, g\u00e1s h\u00famido<\/li>\n<\/ul>\n<\/div>\n<h5>Produ\u00e7\u00e3o de eletricidade, servi\u00e7os p\u00fablicos<\/h5>\n<div>\n<ul>\n<li data-zone-id=\"0\" data-line-index=\"0\" data-line=\"true\">Medi\u00e7\u00e3o de vapor em espa\u00e7os confinados<\/li>\n<\/ul>\n<div><\/div>\n<\/div>\n<\/div>\n<\/div>\n<\/div>","protected":false},"excerpt":{"rendered":"<div class=\"short-description-head\">\n<div data-zone-id=\"0\" data-line-index=\"0\" data-line=\"true\">O caudal\u00edmetro de cone MTKB-V \u00e9 um caudal\u00edmetro de press\u00e3o diferencial (DP) especificamente concebido para aplica\u00e7\u00f5es com requisitos de elevada precis\u00e3o e perfis de caudal perturbados em espa\u00e7os de instala\u00e7\u00e3o confinados.<\/div>\n<\/div>","protected":false},"featured_media":25515,"template":"","meta":[],"product_brand":[],"product_cat":[122,208,205,164,166],"product_tag":[],"class_list":{"0":"post-25512","1":"product","2":"type-product","3":"status-publish","4":"has-post-thumbnail","6":"product_cat-differential-pressure-flow-meters","7":"product_cat-gas-flow-meters","8":"product_cat-steam-flow-meters","9":"product_cat-air-flow-meters","10":"product_cat-liquid-flow-meters","12":"first","13":"instock","14":"shipping-taxable","15":"purchasable","16":"product-type-variable"},"_links":{"self":[{"href":"https:\/\/metlaninst.com\/pt\/wp-json\/wp\/v2\/product\/25512","targetHints":{"allow":["GET"]}}],"collection":[{"href":"https:\/\/metlaninst.com\/pt\/wp-json\/wp\/v2\/product"}],"about":[{"href":"https:\/\/metlaninst.com\/pt\/wp-json\/wp\/v2\/types\/product"}],"version-history":[{"count":2,"href":"https:\/\/metlaninst.com\/pt\/wp-json\/wp\/v2\/product\/25512\/revisions"}],"predecessor-version":[{"id":25517,"href":"https:\/\/metlaninst.com\/pt\/wp-json\/wp\/v2\/product\/25512\/revisions\/25517"}],"wp:featuredmedia":[{"embeddable":true,"href":"https:\/\/metlaninst.com\/pt\/wp-json\/wp\/v2\/media\/25515"}],"wp:attachment":[{"href":"https:\/\/metlaninst.com\/pt\/wp-json\/wp\/v2\/media?parent=25512"}],"wp:term":[{"taxonomy":"product_brand","embeddable":true,"href":"https:\/\/metlaninst.com\/pt\/wp-json\/wp\/v2\/product_brand?post=25512"},{"taxonomy":"product_cat","embeddable":true,"href":"https:\/\/metlaninst.com\/pt\/wp-json\/wp\/v2\/product_cat?post=25512"},{"taxonomy":"product_tag","embeddable":true,"href":"https:\/\/metlaninst.com\/pt\/wp-json\/wp\/v2\/product_tag?post=25512"}],"curies":[{"name":"wp","href":"https:\/\/api.w.org\/{rel}","templated":true}]}}