{"id":25592,"date":"2024-09-20T07:49:55","date_gmt":"2024-09-20T07:49:55","guid":{"rendered":"https:\/\/www.metlaninst.com\/?post_type=product&#038;p=25592"},"modified":"2025-02-08T04:45:59","modified_gmt":"2025-02-08T04:45:59","slug":"rotametro-medidores-de-caudal-de-area-variavel-em-metal-mtlz-m","status":"publish","type":"product","link":"https:\/\/metlaninst.com\/pt\/p\/rotametro-medidores-de-caudal-de-area-variavel-em-metal-mtlz-m\/","title":{"rendered":"Medidores de caudal de \u00e1rea vari\u00e1vel met\u00e1lica Rotameter (MTLZ-M)"},"content":{"rendered":"<div class=\"e-con-inner\">\n<div class=\"elementor-element e-con-full e-flex e-con e-child\">\n<div class=\"elementor-widget-container\">\n<h3 class=\"elementor-heading-title elementor-size-default\">Carater\u00edsticas:<\/h3>\n<\/div>\n<div class=\"elementor-widget-container\">\n<ol>\n<li data-zone-id=\"0\" data-line-index=\"0\" data-line=\"true\">Instala\u00e7\u00e3o simples e econ\u00f3mica: capaz de medir e visualizar sem alimenta\u00e7\u00e3o el\u00e9ctrica auxiliar<\/li>\n<li data-zone-id=\"0\" data-line-index=\"1\" data-line=\"true\">As cores e o aspeto podem ser personalizados a pedido<b><\/b><\/li>\n<li data-zone-id=\"0\" data-line-index=\"2\" data-line=\"true\">Tamb\u00e9m dispon\u00edvel em constru\u00e7\u00f5es espec\u00edficas para o cliente<\/li>\n<li data-zone-id=\"0\" data-line-index=\"3\" data-line=\"true\">Est\u00e3o dispon\u00edveis para o ecr\u00e3 LCD ingl\u00eas, espanhol, franc\u00eas e outras l\u00ednguas, mediante pedido.<\/li>\n<li data-zone-id=\"0\" data-line-index=\"4\" data-line=\"true\">Cada medidor de caudal \u00e9 calibrado e \u00e9-lhe atribu\u00eddo um n\u00famero de s\u00e9rie \u00fanico correspondente a todos os dados de calibra\u00e7\u00e3o.<\/li>\n<\/ol>\n<\/div>\n<\/div>\n<div class=\"elementor-element e-con-full e-flex e-con e-child\">\n<div class=\"elementor-widget-container\">\n<h3 class=\"elementor-heading-title elementor-size-default\">Aplica\u00e7\u00f5es:<\/h3>\n<\/div>\n<div class=\"elementor-widget-container\">\n<h5>Ind\u00fastrias qu\u00edmicas e outras ind\u00fastrias de transforma\u00e7\u00e3o<\/h5>\n<div>\n<ul>\n<li data-zone-id=\"0\" data-line-index=\"0\" data-line=\"true\">Aditivos (por exemplo, catalisadores, tensioactivos, inibidores de espuma, emulsionantes)<\/li>\n<li data-zone-id=\"0\" data-line-index=\"0\" data-line=\"true\">\u00c1cidos, bases, fosg\u00e9nio e outras subst\u00e2ncias clor\u00eddicas, subst\u00e2ncias sulf\u00faricas<\/li>\n<li data-zone-id=\"0\" data-line-index=\"0\" data-line=\"true\">Condensado e \u00e1gua de arrefecimento<\/li>\n<li data-zone-id=\"0\" data-line-index=\"0\" data-line=\"true\">Inertiza\u00e7\u00e3o de recipientes e tanques com azoto<\/li>\n<li data-zone-id=\"0\" data-line-index=\"0\" data-line=\"true\">Monitoriza\u00e7\u00e3o do fluxo de amostras para an\u00e1lise de processos<\/li>\n<li data-zone-id=\"0\" data-line-index=\"0\" data-line=\"true\">Aspers\u00e3o de g\u00e1s em l\u00edquidos<\/li>\n<\/ul>\n<\/div>\n<h5>Ind\u00fastria do petr\u00f3leo e do g\u00e1s<\/h5>\n<div>\n<ul>\n<li data-zone-id=\"0\" data-line-index=\"0\" data-line=\"true\">Skids de inje\u00e7\u00e3o para inibidores de corros\u00e3o, de incrusta\u00e7\u00f5es e de hidratos<\/li>\n<li data-zone-id=\"0\" data-line-index=\"0\" data-line=\"true\">Azoto, gases de combust\u00e3o, etc.<\/li>\n<li data-zone-id=\"0\" data-line-index=\"0\" data-line=\"true\">Emulsionantes<\/li>\n<\/ul>\n<h5>Ind\u00fastria alimentar e de bebidas<\/h5>\n<div>\n<ul>\n<li data-zone-id=\"0\" data-line-index=\"0\" data-line=\"true\">\u00d3leo vegetal, \u00e1gua pot\u00e1vel, leite, di\u00f3xido de carbono<\/li>\n<li data-zone-id=\"0\" data-line-index=\"0\" data-line=\"true\">Agentes de limpeza<\/li>\n<\/ul>\n<h5>Ind\u00fastria da \u00e1gua e das \u00e1guas residuais<\/h5>\n<div>\n<ul>\n<li data-zone-id=\"0\" data-line-index=\"0\" data-line=\"true\">Aspers\u00e3o de oxig\u00e9nio nas bacias de arejamento<\/li>\n<li data-zone-id=\"0\" data-line-index=\"0\" data-line=\"true\">Inje\u00e7\u00e3o de ar para reduzir o teor de ferro<\/li>\n<\/ul>\n<h5>Ind\u00fastria de energia convencional e nuclear<\/h5>\n<div>\n<ul>\n<li data-zone-id=\"0\" data-line-index=\"0\" data-line=\"true\">\u00c1gua pesada, \u00e1gua boratada, tr\u00edtio, etc.<\/li>\n<li data-zone-id=\"0\" data-line-index=\"0\" data-line=\"true\">Hidrazina<\/li>\n<li data-zone-id=\"0\" data-line-index=\"0\" data-line=\"true\">\u00c1cido sulf\u00farico<\/li>\n<li data-zone-id=\"0\" data-line-index=\"0\" data-line=\"true\">Fosfato, azoto, hidrog\u00e9nio, enxofre<\/li>\n<li data-zone-id=\"0\" data-line-index=\"0\" data-line=\"true\">\u00c1gua purificada, \u00e1gua salgada, etc.<\/li>\n<li data-zone-id=\"0\" data-line-index=\"0\" data-line=\"true\">Vapor, ar, gases, \u00e1gua de lavagem da caldeira, etc.<\/li>\n<li data-zone-id=\"0\" data-line-index=\"0\" data-line=\"true\">Gas\u00f3leo, fluxos de retorno de fuel\u00f3leo, etc.<\/li>\n<\/ul>\n<\/div>\n<\/div>\n<\/div>\n<\/div>\n<\/div>\n<\/div>\n<\/div>","protected":false},"excerpt":{"rendered":"<div class=\"short-description-head\">\n<div data-zone-id=\"0\" data-line-index=\"0\" data-line=\"true\">O rot\u00e2metro de \u00e1rea vari\u00e1vel MTLZ-M est\u00e1 dispon\u00edvel em v\u00e1rios materiais e em muitas vers\u00f5es diferentes. O robusto medidor de caudal totalmente met\u00e1lico tamb\u00e9m pode ser utilizado em aplica\u00e7\u00f5es com press\u00f5es elevadas (at\u00e9 200 bar), temperaturas (-80 a 350 \u00b0C \/-112 a +662 \u00b0F) ou meios agressivos.<\/div>\n<\/div>","protected":false},"featured_media":25595,"template":"","meta":[],"product_brand":[],"product_cat":[203,208,164,166,163],"product_tag":[],"class_list":{"0":"post-25592","1":"product","2":"type-product","3":"status-publish","4":"has-post-thumbnail","6":"product_cat-rotameters-flow-meter","7":"product_cat-gas-flow-meters","8":"product_cat-air-flow-meters","9":"product_cat-liquid-flow-meters","10":"product_cat-water-flow-meters","12":"first","13":"instock","14":"shipping-taxable","15":"purchasable","16":"product-type-simple"},"_links":{"self":[{"href":"https:\/\/metlaninst.com\/pt\/wp-json\/wp\/v2\/product\/25592","targetHints":{"allow":["GET"]}}],"collection":[{"href":"https:\/\/metlaninst.com\/pt\/wp-json\/wp\/v2\/product"}],"about":[{"href":"https:\/\/metlaninst.com\/pt\/wp-json\/wp\/v2\/types\/product"}],"version-history":[{"count":3,"href":"https:\/\/metlaninst.com\/pt\/wp-json\/wp\/v2\/product\/25592\/revisions"}],"predecessor-version":[{"id":25602,"href":"https:\/\/metlaninst.com\/pt\/wp-json\/wp\/v2\/product\/25592\/revisions\/25602"}],"wp:featuredmedia":[{"embeddable":true,"href":"https:\/\/metlaninst.com\/pt\/wp-json\/wp\/v2\/media\/25595"}],"wp:attachment":[{"href":"https:\/\/metlaninst.com\/pt\/wp-json\/wp\/v2\/media?parent=25592"}],"wp:term":[{"taxonomy":"product_brand","embeddable":true,"href":"https:\/\/metlaninst.com\/pt\/wp-json\/wp\/v2\/product_brand?post=25592"},{"taxonomy":"product_cat","embeddable":true,"href":"https:\/\/metlaninst.com\/pt\/wp-json\/wp\/v2\/product_cat?post=25592"},{"taxonomy":"product_tag","embeddable":true,"href":"https:\/\/metlaninst.com\/pt\/wp-json\/wp\/v2\/product_tag?post=25592"}],"curies":[{"name":"wp","href":"https:\/\/api.w.org\/{rel}","templated":true}]}}