{"id":25726,"date":"2024-12-27T05:06:06","date_gmt":"2024-12-27T05:06:06","guid":{"rendered":"https:\/\/www.metlaninst.com\/?post_type=product&#038;p=25726"},"modified":"2025-09-11T09:06:52","modified_gmt":"2025-09-11T09:06:52","slug":"caudalimetro-de-deslocamento-positivo-com-dois-rotores-mtdp-abr","status":"publish","type":"product","link":"https:\/\/metlaninst.com\/pt\/p\/caudalimetro-de-deslocamento-positivo-com-dois-rotores-mtdp-abr\/","title":{"rendered":"Medidor de caudal de deslocamento positivo com dois rotores (MT-ABR)"},"content":{"rendered":"<div class=\"e-con-inner\">\n<div class=\"elementor-element e-con-full e-flex e-con e-child\">\n<div class=\"elementor-widget-container\">\n<h3 class=\"elementor-heading-title elementor-size-default\">Carater\u00edsticas:<\/h3>\n<\/div>\n<div class=\"elementor-widget-container\">\n<ol>\n<li data-zone-id=\"0\" data-line-index=\"0\" data-line=\"true\">Alta precis\u00e3o at\u00e9 \u00b10,1 %, alta press\u00e3o de processo at\u00e9 110 bar (1595 psi)<\/li>\n<li data-zone-id=\"0\" data-line-index=\"0\" data-line=\"true\">Vida \u00fatil extremamente longa, manuten\u00e7\u00e3o econ\u00f3mica reduzida<\/li>\n<li data-zone-id=\"0\" data-line-index=\"0\" data-line=\"true\">Dois rotores simples, sem contacto metal-metal, s\u00e3o as \u00fanicas pe\u00e7as m\u00f3veis na c\u00e2mara de medi\u00e7\u00e3o.<\/li>\n<li data-zone-id=\"0\" data-line-index=\"0\" data-line=\"true\">Sem pe\u00e7as oscilantes, rec\u00edprocas ou deslizantes ou manivelas para desgastar ou perturbar a rota\u00e7\u00e3o equilibrada<\/li>\n<li data-zone-id=\"0\" data-line-index=\"0\" data-line=\"true\">Est\u00e1vel em funcionamento com voz baixa<\/li>\n<li data-zone-id=\"0\" data-line-index=\"0\" data-line=\"true\">Bom desempenho anti-interfer\u00eancia e longa vida \u00fatil<\/li>\n<li data-zone-id=\"0\" data-line-index=\"0\" data-line=\"true\">Forte aplicabilidade \u00e0s altera\u00e7\u00f5es de viscosidade<\/li>\n<li data-zone-id=\"0\" data-line-index=\"0\" data-line=\"true\">Perfeito para: Gasolina\/G\u00e1s Liquefeito (GPL), querosene, gas\u00f3leo ligeiro, petr\u00f3leo bruto, fuel\u00f3leo pesado, l\u00edquidos de alta viscosidade, l\u00edquidos com elevado teor de \u00e1gua e l\u00edquidos de viscosidade ultra-elevada<\/li>\n<li data-zone-id=\"0\" data-line-index=\"0\" data-line=\"true\">O design exclusivo do rotor helicoidal oferece uma s\u00e9rie de vantagens em rela\u00e7\u00e3o aos medidores PD tradicionais do tipo engrenagem, incluindo queda de press\u00e3o reduzida, a elimina\u00e7\u00e3o virtual de pulsa\u00e7\u00f5es a jusante, maior toler\u00e2ncia a part\u00edculas e manuten\u00e7\u00e3o reduzida.<\/li>\n<li data-zone-id=\"0\" data-line-index=\"0\" data-line=\"true\">Tamb\u00e9m dispon\u00edvel em constru\u00e7\u00f5es espec\u00edficas para o cliente<\/li>\n<li data-zone-id=\"0\" data-line-index=\"0\" data-line=\"true\">Est\u00e3o dispon\u00edveis para o ecr\u00e3 LCD ingl\u00eas, espanhol, franc\u00eas e outras l\u00ednguas, mediante pedido.<\/li>\n<li data-zone-id=\"0\" data-line-index=\"0\" data-line=\"true\">Cada medidor de caudal \u00e9 calibrado e \u00e9-lhe atribu\u00eddo um n\u00famero de s\u00e9rie \u00fanico correspondente a todos os dados de calibra\u00e7\u00e3o.<\/li>\n<\/ol>\n<\/div>\n<\/div>\n<div class=\"elementor-element e-con-full e-flex e-con e-child\">\n<div class=\"elementor-widget-container\">\n<h3 class=\"elementor-heading-title elementor-size-default\">Aplica\u00e7\u00f5es:<\/h3>\n<\/div>\n<div class=\"elementor-widget-container\">\n<div>\n<ul>\n<li data-zone-id=\"0\" data-line-index=\"0\" data-line=\"true\">Petr\u00f3leo e g\u00e1s<\/li>\n<li data-zone-id=\"0\" data-line-index=\"0\" data-line=\"true\">\u00c1gua e \u00e1guas residuais<\/li>\n<li data-zone-id=\"0\" data-line-index=\"0\" data-line=\"true\">Ind\u00fastria qu\u00edmica e inje\u00e7\u00e3o de produtos qu\u00edmicos<\/li>\n<li data-zone-id=\"0\" data-line-index=\"0\" data-line=\"true\">Produ\u00e7\u00e3o de energia<\/li>\n<li data-zone-id=\"0\" data-line-index=\"0\" data-line=\"true\">Produtos farmac\u00eauticos<\/li>\n<li data-zone-id=\"0\" data-line-index=\"0\" data-line=\"true\">Alimenta\u00e7\u00e3o e bebidas<\/li>\n<li data-zone-id=\"0\" data-line-index=\"0\" data-line=\"true\">Pasta e papel<\/li>\n<li data-zone-id=\"0\" data-line-index=\"0\" data-line=\"true\">Metal e minas<\/li>\n<li data-zone-id=\"0\" data-line-index=\"0\" data-line=\"true\">Aeroespacial<\/li>\n<li data-zone-id=\"0\" data-line-index=\"0\" data-line=\"true\">Ensaios hidr\u00e1ulicos<\/li>\n<\/ul>\n<\/div>\n<\/div>\n<\/div>\n<\/div>","protected":false},"excerpt":{"rendered":"<div class=\"short-description-head\">\n<div data-zone-id=\"0\" data-line-index=\"0\" data-line=\"true\">O medidor de caudal de deslocamento positivo de dois rotores possui dois elementos rotativos maquinados com precis\u00e3o, conhecidos como <strong>rotores helicoidais<\/strong> que rodam e se engrenam no interior da caixa do medidor, de modo a formar uma c\u00e2mara de medi\u00e7\u00e3o de volume conhecido que pode ser utilizada para determinar com precis\u00e3o o caudal volum\u00e9trico em fun\u00e7\u00e3o da velocidade dos rotores. Utilizado nas aplica\u00e7\u00f5es mais exigentes que requerem exatid\u00e3o, longa dura\u00e7\u00e3o e robustez, \u00e9 uma escolha perfeita para combust\u00edvel e \u00f3leo. Est\u00e1 dispon\u00edvel em duas configura\u00e7\u00f5es, registo mec\u00e2nico integral ou sa\u00edda eletr\u00f3nica. O medidor de vaz\u00e3o com dois rotores tem alta precis\u00e3o de at\u00e9 \u00b10,1 % e alta press\u00e3o de processo de at\u00e9 110 bar (1595 psi).<\/div>\n<\/div>","protected":false},"featured_media":25729,"template":"","meta":[],"product_brand":[],"product_cat":[209,166,165],"product_tag":[],"class_list":{"0":"post-25726","1":"product","2":"type-product","3":"status-publish","4":"has-post-thumbnail","6":"product_cat-positive-displacement-flow-meters","7":"product_cat-liquid-flow-meters","8":"product_cat-oil-flow-meters","10":"first","11":"instock","12":"shipping-taxable","13":"purchasable","14":"product-type-simple"},"_links":{"self":[{"href":"https:\/\/metlaninst.com\/pt\/wp-json\/wp\/v2\/product\/25726","targetHints":{"allow":["GET"]}}],"collection":[{"href":"https:\/\/metlaninst.com\/pt\/wp-json\/wp\/v2\/product"}],"about":[{"href":"https:\/\/metlaninst.com\/pt\/wp-json\/wp\/v2\/types\/product"}],"version-history":[{"count":8,"href":"https:\/\/metlaninst.com\/pt\/wp-json\/wp\/v2\/product\/25726\/revisions"}],"predecessor-version":[{"id":27094,"href":"https:\/\/metlaninst.com\/pt\/wp-json\/wp\/v2\/product\/25726\/revisions\/27094"}],"wp:featuredmedia":[{"embeddable":true,"href":"https:\/\/metlaninst.com\/pt\/wp-json\/wp\/v2\/media\/25729"}],"wp:attachment":[{"href":"https:\/\/metlaninst.com\/pt\/wp-json\/wp\/v2\/media?parent=25726"}],"wp:term":[{"taxonomy":"product_brand","embeddable":true,"href":"https:\/\/metlaninst.com\/pt\/wp-json\/wp\/v2\/product_brand?post=25726"},{"taxonomy":"product_cat","embeddable":true,"href":"https:\/\/metlaninst.com\/pt\/wp-json\/wp\/v2\/product_cat?post=25726"},{"taxonomy":"product_tag","embeddable":true,"href":"https:\/\/metlaninst.com\/pt\/wp-json\/wp\/v2\/product_tag?post=25726"}],"curies":[{"name":"wp","href":"https:\/\/api.w.org\/{rel}","templated":true}]}}