{"id":26104,"date":"2024-01-16T08:06:44","date_gmt":"2024-01-16T08:06:44","guid":{"rendered":"https:\/\/www.metlaninst.com\/?post_type=product&#038;p=26104"},"modified":"2025-12-23T03:20:27","modified_gmt":"2025-12-23T03:20:27","slug":"eliminadores-de-ar-filtros-mt-lpgx","status":"publish","type":"product","link":"https:\/\/metlaninst.com\/pt\/p\/eliminadores-de-ar-filtros-mt-lpgx\/","title":{"rendered":"Eliminadores de ar \/ filtros (MT-LPGX)"},"content":{"rendered":"<div class=\"e-con-inner\">\n<div class=\"elementor-element e-con-full e-flex e-con e-child\">\n<div class=\"elementor-widget-container\">\n<h3 class=\"elementor-heading-title elementor-size-default\">Carater\u00edsticas:<\/h3>\n<\/div>\n<div class=\"elementor-widget-container\">\n<ol>\n<li data-zone-id=\"0\" data-line-index=\"0\" data-line=\"true\">Instalado a montante com o medidor de caudal para garantir que o fluido que entra no dispositivo est\u00e1 isento de ar ou g\u00e1s.<\/li>\n<li data-zone-id=\"0\" data-line-index=\"0\" data-line=\"true\">Remove o ar ou g\u00e1s arrastado do fluido.<\/li>\n<li data-zone-id=\"0\" data-line-index=\"0\" data-line=\"true\">protegendo todos os componentes do sistema a jusante.<\/li>\n<li data-zone-id=\"0\" data-line-index=\"0\" data-line=\"true\">Evita imprecis\u00f5es causadas por bolsas de ar ou bolhas no fluido, que podem perturbar as medi\u00e7\u00f5es de caudal.<\/li>\n<li data-zone-id=\"0\" data-line-index=\"0\" data-line=\"true\">Essencial em sistemas onde \u00e9 prov\u00e1vel que o ar ou o g\u00e1s se misturem com o fluido, tais como sistemas de medi\u00e7\u00e3o de caudal de combust\u00edvel ou de produtos qu\u00edmicos.<\/li>\n<li data-zone-id=\"0\" data-line-index=\"0\" data-line=\"true\">Utilizado em aplica\u00e7\u00f5es em que a medi\u00e7\u00e3o exacta apenas de l\u00edquidos \u00e9 cr\u00edtica.<\/li>\n<\/ol>\n<\/div>\n<\/div>\n<div class=\"elementor-element e-con-full e-flex e-con e-child\">\n<div class=\"elementor-widget-container\">\n<h3 class=\"elementor-heading-title elementor-size-default\">Aplica\u00e7\u00f5es:<\/h3>\n<\/div>\n<div class=\"elementor-widget-container\">\n<ul>\n<li data-zone-id=\"0\" data-line-index=\"0\" data-line=\"true\">Petr\u00f3leo e g\u00e1s<\/li>\n<li data-zone-id=\"0\" data-line-index=\"0\" data-line=\"true\">\u00c1gua e \u00e1guas residuais<\/li>\n<li data-zone-id=\"0\" data-line-index=\"0\" data-line=\"true\">Ind\u00fastria qu\u00edmica e inje\u00e7\u00e3o de produtos qu\u00edmicos<\/li>\n<li data-zone-id=\"0\" data-line-index=\"0\" data-line=\"true\">Produtos farmac\u00eauticos<\/li>\n<li data-zone-id=\"0\" data-line-index=\"0\" data-line=\"true\">Alimenta\u00e7\u00e3o e bebidas<\/li>\n<li data-zone-id=\"0\" data-line-index=\"0\" data-line=\"true\">Transfer\u00eancia de cust\u00f3dia<\/li>\n<\/ul>\n<\/div>\n<\/div>\n<\/div>","protected":false},"excerpt":{"rendered":"<div class=\"short-description-head\">\n<div data-zone-id=\"0\" data-line-index=\"0\" data-line=\"true\">\n<div>\n<div data-zone-id=\"0\" data-line-index=\"0\" data-line=\"true\">The air Eliminators are designed to provide separation and elimination of air and solids in metering systems. Installing air eliminators \/ strainers upstream of measurement devices (especially positive displacement flow meters) ensures accurate measurement, whilst protecting all downstream system components.<\/div>\n<\/div>\n<\/div>\n<\/div>","protected":false},"featured_media":26107,"template":"","meta":[],"product_brand":[],"product_cat":[209,165],"product_tag":[],"class_list":{"0":"post-26104","1":"product","2":"type-product","3":"status-publish","4":"has-post-thumbnail","6":"product_cat-positive-displacement-flow-meters","7":"product_cat-oil-flow-meters","9":"first","10":"instock","11":"shipping-taxable","12":"purchasable","13":"product-type-simple"},"_links":{"self":[{"href":"https:\/\/metlaninst.com\/pt\/wp-json\/wp\/v2\/product\/26104","targetHints":{"allow":["GET"]}}],"collection":[{"href":"https:\/\/metlaninst.com\/pt\/wp-json\/wp\/v2\/product"}],"about":[{"href":"https:\/\/metlaninst.com\/pt\/wp-json\/wp\/v2\/types\/product"}],"version-history":[{"count":3,"href":"https:\/\/metlaninst.com\/pt\/wp-json\/wp\/v2\/product\/26104\/revisions"}],"predecessor-version":[{"id":27698,"href":"https:\/\/metlaninst.com\/pt\/wp-json\/wp\/v2\/product\/26104\/revisions\/27698"}],"wp:featuredmedia":[{"embeddable":true,"href":"https:\/\/metlaninst.com\/pt\/wp-json\/wp\/v2\/media\/26107"}],"wp:attachment":[{"href":"https:\/\/metlaninst.com\/pt\/wp-json\/wp\/v2\/media?parent=26104"}],"wp:term":[{"taxonomy":"product_brand","embeddable":true,"href":"https:\/\/metlaninst.com\/pt\/wp-json\/wp\/v2\/product_brand?post=26104"},{"taxonomy":"product_cat","embeddable":true,"href":"https:\/\/metlaninst.com\/pt\/wp-json\/wp\/v2\/product_cat?post=26104"},{"taxonomy":"product_tag","embeddable":true,"href":"https:\/\/metlaninst.com\/pt\/wp-json\/wp\/v2\/product_tag?post=26104"}],"curies":[{"name":"wp","href":"https:\/\/api.w.org\/{rel}","templated":true}]}}