{"id":26311,"date":"2025-02-16T10:14:37","date_gmt":"2025-02-16T10:14:37","guid":{"rendered":"https:\/\/www.metlaninst.com\/?post_type=product&#038;p=26311"},"modified":"2025-06-15T11:21:07","modified_gmt":"2025-06-15T11:21:07","slug":"caudalimetro-massico-termico-de-insercao-a-prova-de-explosao-mt211x-ex","status":"publish","type":"product","link":"https:\/\/metlaninst.com\/pt\/p\/caudalimetro-massico-termico-de-insercao-a-prova-de-explosao-mt211x-ex\/","title":{"rendered":"Medidor de caudal m\u00e1ssico t\u00e9rmico de inser\u00e7\u00e3o \u00e0 prova de explos\u00e3o (MT211x-Ex)"},"content":{"rendered":"<div class=\"e-con-inner\">\n<div class=\"elementor-element e-con-full e-flex e-con e-child\">\n<div class=\"elementor-widget-container\">\n<h3 class=\"elementor-heading-title elementor-size-default\">Carater\u00edsticas:<\/h3>\n<\/div>\n<div class=\"elementor-widget-container\">\n<ol>\n<li data-zone-id=\"0\" data-line-index=\"0\" data-line=\"true\">Classe de prote\u00e7\u00e3o contra explos\u00f5es: Ex db IIC T6 Gb \/ Ex tb IIIC T80\u00b0CDb.<\/li>\n<li data-zone-id=\"0\" data-line-index=\"0\" data-line=\"true\">Meio: Ar comprimido, azoto, oxig\u00e9nio, di\u00f3xido de carbono e outros gases sem condensa\u00e7\u00e3o.<\/li>\n<li data-zone-id=\"0\" data-line-index=\"0\" data-line=\"true\">Adequado para tubos com di\u00e2metros de DN20 a DN1000.<\/li>\n<li data-zone-id=\"0\" data-line-index=\"0\" data-line=\"true\">\u00a0R\u00e1cio de abertura ultra-amplo de 1:2500, a gama de medi\u00e7\u00e3o \u00e9 de 0,1 Nm\/s a 250 Nm\/s.<\/li>\n<li data-zone-id=\"0\" data-line-index=\"0\" data-line=\"true\">Processamento de sinal totalmente digital, maior precis\u00e3o, estabilidade a longo prazo.<\/li>\n<li data-zone-id=\"0\" data-line-index=\"0\" data-line=\"true\">Com base no princ\u00edpio de medi\u00e7\u00e3o do caudal t\u00e9rmico, n\u00e3o \u00e9 necess\u00e1rio compensar a press\u00e3o e a temperatura do g\u00e1s, medi\u00e7\u00e3o integrada da temperatura.<\/li>\n<li data-zone-id=\"0\" data-line-index=\"0\" data-line=\"true\">A estrutura el\u00e9ctrica totalmente isolada pode filtrar completamente as perturba\u00e7\u00f5es do campo.<\/li>\n<li data-zone-id=\"0\" data-line-index=\"0\" data-line=\"true\">Est\u00e3o dispon\u00edveis para o ecr\u00e3 LCD ingl\u00eas, espanhol, franc\u00eas e outras l\u00ednguas, mediante pedido.<\/li>\n<li data-zone-id=\"0\" data-line-index=\"0\" data-line=\"true\">Cada medidor de caudal \u00e9 calibrado e \u00e9-lhe atribu\u00eddo um n\u00famero de s\u00e9rie \u00fanico correspondente a todos os dados de calibra\u00e7\u00e3o.<\/li>\n<\/ol>\n<\/div>\n<\/div>\n<div class=\"elementor-element e-con-full e-flex e-con e-child\">\n<div class=\"elementor-widget-container\">\n<h3 class=\"elementor-heading-title elementor-size-default\">Aplica\u00e7\u00f5es:<\/h3>\n<\/div>\n<div class=\"elementor-widget-container\">\n<p><strong>Petr\u00f3leo e g\u00e1s<\/strong><br \/>\n- G\u00e1s de po\u00e7o, g\u00e1s de flare<br \/>\n<strong>Monitoriza\u00e7\u00e3o ambiental<\/strong><br \/>\n- Emiss\u00f5es de chamin\u00e9, biog\u00e1s, qualidade do ar<br \/>\n<strong>Qu\u00edmica e Petroqu\u00edmica<\/strong><br \/>\n- Fluxo de g\u00e1s de processo, inje\u00e7\u00e3o de g\u00e1s, dete\u00e7\u00e3o de fugas<br \/>\n<strong>Farmac\u00eautica e Biotecnologia<\/strong><br \/>\n- Fluxo de ar da sala limpa, fluxo de g\u00e1s do bioreactor<br \/>\n<strong>Alimenta\u00e7\u00e3o e bebidas<\/strong><br \/>\n- CO\u2082 na carbonata\u00e7\u00e3o, azoto na embalagem<br \/>\n<strong>HVAC<\/strong><br \/>\n- Fluxo de ar das condutas, sistemas de ventila\u00e7\u00e3o<\/p>\n<\/div>\n<\/div>\n<\/div>","protected":false},"excerpt":{"rendered":"<div class=\"short-description-head\">\n<div data-zone-id=\"0\" data-line-index=\"0\" data-line=\"true\">Este medidor de caudal m\u00e1ssico t\u00e9rmico \u00e9 a vers\u00e3o \u00e0 prova de explos\u00e3o do MT211x, com classe Ex db IIC T6 Gb \/ Ex tb IIIC T80\u00b0C Db. Com um r\u00e1cio de abertura ultra largo de 1:2500, a gama de medi\u00e7\u00e3o \u00e9 de 0,1 Nm\/s a 250 Nm\/s, adequado para tubos com di\u00e2metros de DN20 a DN1000.<\/div>\n<\/div>","protected":false},"featured_media":26312,"template":"","meta":[],"product_brand":[],"product_cat":[215,208,164],"product_tag":[],"class_list":{"0":"post-26311","1":"product","2":"type-product","3":"status-publish","4":"has-post-thumbnail","6":"product_cat-thermal-mass-flow-meters","7":"product_cat-gas-flow-meters","8":"product_cat-air-flow-meters","10":"first","11":"instock","12":"shipping-taxable","13":"purchasable","14":"product-type-simple"},"_links":{"self":[{"href":"https:\/\/metlaninst.com\/pt\/wp-json\/wp\/v2\/product\/26311","targetHints":{"allow":["GET"]}}],"collection":[{"href":"https:\/\/metlaninst.com\/pt\/wp-json\/wp\/v2\/product"}],"about":[{"href":"https:\/\/metlaninst.com\/pt\/wp-json\/wp\/v2\/types\/product"}],"version-history":[{"count":1,"href":"https:\/\/metlaninst.com\/pt\/wp-json\/wp\/v2\/product\/26311\/revisions"}],"predecessor-version":[{"id":26313,"href":"https:\/\/metlaninst.com\/pt\/wp-json\/wp\/v2\/product\/26311\/revisions\/26313"}],"wp:featuredmedia":[{"embeddable":true,"href":"https:\/\/metlaninst.com\/pt\/wp-json\/wp\/v2\/media\/26312"}],"wp:attachment":[{"href":"https:\/\/metlaninst.com\/pt\/wp-json\/wp\/v2\/media?parent=26311"}],"wp:term":[{"taxonomy":"product_brand","embeddable":true,"href":"https:\/\/metlaninst.com\/pt\/wp-json\/wp\/v2\/product_brand?post=26311"},{"taxonomy":"product_cat","embeddable":true,"href":"https:\/\/metlaninst.com\/pt\/wp-json\/wp\/v2\/product_cat?post=26311"},{"taxonomy":"product_tag","embeddable":true,"href":"https:\/\/metlaninst.com\/pt\/wp-json\/wp\/v2\/product_tag?post=26311"}],"curies":[{"name":"wp","href":"https:\/\/api.w.org\/{rel}","templated":true}]}}